{"id":104,"date":"2015-10-22T08:15:02","date_gmt":"2015-10-22T08:15:02","guid":{"rendered":"http:\/\/liipetti.net\/erratic\/?page_id=104"},"modified":"2017-03-30T05:52:20","modified_gmt":"2017-03-30T05:52:20","slug":"recent-activities","status":"publish","type":"page","link":"http:\/\/liipetti.net\/erratic\/recent-activities\/","title":{"rendered":"Recent activities"},"content":{"rendered":"<p>Artistic applications of image processing, as you already have seen in the <a href=\"http:\/\/liipetti.net\/erratic\/\" target=\"_blank\">main blog<\/a>.<\/p>\n<p>Video shooting and editing, both documenting events and artistic.<br \/>\nDocuments for Me\u00e4nmaan TV, see\u00a0<a href=\"https:\/\/www.youtube.com\/user\/meanmaantv\" target=\"_blank\">Me\u00e4nmaan TV on YouTube<\/a>.<\/p>\n<p>Music and songwriting in simple style, see\u00a0<a href=\"http:\/\/freygish.com\/harmoska\" target=\"_blank\">Harmoska<\/a>.<\/p>\n<p>Developing web applications, such as a collaborative dictionary writing system Sanuri, which is being used by a group of voluntaries for writing a Me\u00e4nkieli &#8211; Swedish &#8211; Finnish dictionary. Work started in 2010 and is still ongoing, two volumes have thus far been published. During the work, Sanuri has been developed and updated to better match the actual work requirements.<\/p>\n<p><a href=\"http:\/\/liipetti.net\/erratic\/wp-content\/uploads\/2015\/10\/sanuri1211.png\" target=\"_blank\"><img loading=\"lazy\" decoding=\"async\" class=\"alignnone size-medium wp-image-106\" src=\"http:\/\/liipetti.net\/erratic\/wp-content\/uploads\/2015\/10\/sanuri1211-300x188.png\" alt=\"sanuri1211\" width=\"300\" height=\"188\" srcset=\"http:\/\/liipetti.net\/erratic\/wp-content\/uploads\/2015\/10\/sanuri1211-300x188.png 300w, http:\/\/liipetti.net\/erratic\/wp-content\/uploads\/2015\/10\/sanuri1211-1024x640.png 1024w, http:\/\/liipetti.net\/erratic\/wp-content\/uploads\/2015\/10\/sanuri1211-240x150.png 240w, http:\/\/liipetti.net\/erratic\/wp-content\/uploads\/2015\/10\/sanuri1211-150x94.png 150w, http:\/\/liipetti.net\/erratic\/wp-content\/uploads\/2015\/10\/sanuri1211.png 1280w\" sizes=\"auto, (max-width: 300px) 100vw, 300px\" \/><\/a><\/p>\n<p>Developing and operating an automatically running internet radio station <a href=\"http:\/\/vaylanranta.thruhere.net\/radio\" target=\"_blank\">Raatiu V\u00e4yl\u00e4nranta<\/a> (me\u00e4nkieli for Radio Riverbank). I have also done some radio programs for Raatiu V\u00e4yl\u00e4nranta, including a series Kauempaa kattottunna (Seen from afar). The programs can be listened to from the <a href=\"http:\/\/vaylanranta.thruhere.net\/radio\/arkiv2.php\" target=\"_blank\">V\u00e4yl\u00e4nranta Archive<\/a>.<\/p>\n<p>Developing skills and methods for e-book (epub) creation.<\/p>\n<p>Participating in the publishing of Me\u00e4nmaa magazine since 2011. Development and operation of the internet version <a href=\"http:\/\/liipetti.net\/aviisi\" target=\"_blank\">Me\u00e4nmaan Tiuku<\/a> starting from 2015.<\/p>\n<p>Interested in natural language processing using, for instance, python nltk. Development of a me\u00e4nkieli language corpus and an online concordance, which currently exists in two versions, Korppupussi with a larger text corpus for dictionary work, and a public version <a href=\"http:\/\/liipetti.net\/korpus\" target=\"_blank\">Sanas\u00e4kki<\/a>.<\/p>\n<p>An aggregator that collects and and displays information on used accordions on sale in Finland, implemented as a sidebar to a Finnish discussion forum for accordion players and enthusiasts, see\u00a0<a href=\"http:\/\/www.vapaalehdykka.net\/forum\/index.php\" target=\"_blank\">Vapaalehdykk\u00e4-foorumi<\/a><\/p>\n<p>Leunartti, an interactive storybook for teaching language to small children. For this, I wrote my own animation library in Javascript so that the resulting app could be tested on a browser and the packaged into iOS and Android apps. For general information, see\u00a0<a href=\"http:\/\/freygish.com\/leunartti\/index_en.html\" target=\"_blank\">Leunartti info page<\/a>. The test version of the app can be tried on Chrome and \u00a0Safari browsers from\u00a0<a href=\"http:\/\/freygish.com\/leunartti\/demo\/\" target=\"_blank\">Leunartti web demo<\/a>, although this is not as robust as the actual iOS and Android versions.<\/p>\n<p>Learning about building 3D virtual worlds and environments in Unity3D: a trial project building a navigable model\u00a0of\u00a0the home town of my youth, see <a href=\"https:\/\/youtu.be\/KW2H2zHpsXM\" target=\"_blank\">video<\/a>.<\/p>\n<p>&nbsp;<\/p>\n<p>&nbsp;<\/p>\n","protected":false},"excerpt":{"rendered":"<p>Artistic applications of image processing, as you already have seen in the main blog. Video shooting and editing, both documenting events and artistic. Documents for Me\u00e4nmaan TV, see\u00a0Me\u00e4nmaan TV on YouTube. Music and songwriting in simple style, see\u00a0Harmoska. Developing web applications, such as a collaborative dictionary writing system Sanuri, which \u2026<\/p>\n<p class=\"continue-reading-button\"> <a class=\"continue-reading-link\" href=\"http:\/\/liipetti.net\/erratic\/recent-activities\/\">Continue reading<i class=\"crycon-right-dir\"><\/i><\/a><\/p>\n","protected":false},"author":1,"featured_media":0,"parent":0,"menu_order":0,"comment_status":"closed","ping_status":"closed","template":"","meta":{"footnotes":""},"class_list":["post-104","page","type-page","status-publish","hentry"],"_links":{"self":[{"href":"http:\/\/liipetti.net\/erratic\/wp-json\/wp\/v2\/pages\/104","targetHints":{"allow":["GET"]}}],"collection":[{"href":"http:\/\/liipetti.net\/erratic\/wp-json\/wp\/v2\/pages"}],"about":[{"href":"http:\/\/liipetti.net\/erratic\/wp-json\/wp\/v2\/types\/page"}],"author":[{"embeddable":true,"href":"http:\/\/liipetti.net\/erratic\/wp-json\/wp\/v2\/users\/1"}],"replies":[{"embeddable":true,"href":"http:\/\/liipetti.net\/erratic\/wp-json\/wp\/v2\/comments?post=104"}],"version-history":[{"count":10,"href":"http:\/\/liipetti.net\/erratic\/wp-json\/wp\/v2\/pages\/104\/revisions"}],"predecessor-version":[{"id":147,"href":"http:\/\/liipetti.net\/erratic\/wp-json\/wp\/v2\/pages\/104\/revisions\/147"}],"wp:attachment":[{"href":"http:\/\/liipetti.net\/erratic\/wp-json\/wp\/v2\/media?parent=104"}],"curies":[{"name":"wp","href":"https:\/\/api.w.org\/{rel}","templated":true}]}}