{"id":358,"date":"2015-08-09T21:08:27","date_gmt":"2015-08-09T18:08:27","guid":{"rendered":"http:\/\/liipetti.net\/aviisi\/?page_id=358"},"modified":"2018-05-06T12:53:35","modified_gmt":"2018-05-06T09:53:35","slug":"suutelmanaika","status":"publish","type":"page","link":"https:\/\/liipetti.net\/aviisi\/suutelmanaika\/","title":{"rendered":"Suutelmanaika"},"content":{"rendered":"<p>T\u00e4ll\u00e4 sivula julkasemma viiteoita Suutelmanaikaa Luppiovaarala -esityksest\u00e4 15 jyyli\u00e4 2015. Liss\u00e4\u00e4mm\u00e4 viiteoita ko net valmistuvva.<\/p>\n<p>&nbsp;<br \/>\n<strong>Katkelmia esityksen lauluista<br \/>\n<\/strong><br \/>\n<iframe loading=\"lazy\" src=\"https:\/\/www.youtube.com\/embed\/tn1GBLtW3Rk?rel=0\" width=\"560\" height=\"315\" frameborder=\"0\" allowfullscreen=\"allowfullscreen\"><\/iframe><\/p>\n<p><strong>On vaaran laiat t\u00e4yn\u00e4<\/strong><\/p>\n<p><iframe loading=\"lazy\" src=\"https:\/\/www.youtube.com\/embed\/Prqo-CdSWrU?rel=0\" width=\"560\" height=\"315\" frameborder=\"0\" allowfullscreen=\"allowfullscreen\"><\/iframe><\/p>\n<p><strong>Blir du ensam p\u00e5 denna resa<\/strong><\/p>\n<p><iframe loading=\"lazy\" src=\"https:\/\/www.youtube.com\/embed\/mzxww9YfrkU?rel=0\" width=\"560\" height=\"315\" frameborder=\"0\" allowfullscreen=\"allowfullscreen\"><\/iframe><\/p>\n<p><strong>En kysstid p\u00e5 Luppio (Nu blommar h\u00e4ggen)<\/strong><\/p>\n<p><iframe loading=\"lazy\" width=\"560\" height=\"315\" src=\"https:\/\/www.youtube.com\/embed\/QfMMMnLuNYc?rel=0\" frameborder=\"0\" allowfullscreen><\/iframe><\/p>\n<p><strong>Bengts farv\u00e4l<\/strong><\/p>\n<p><iframe loading=\"lazy\" src=\"https:\/\/www.youtube.com\/embed\/xqcyoNSdg-I?rel=0\" width=\"560\" height=\"315\" frameborder=\"0\" allowfullscreen=\"allowfullscreen\"><\/iframe><\/p>\n<p><strong>Mailmale l\u00e4ht\u00f6<\/strong><\/p>\n<p><iframe loading=\"lazy\" width=\"560\" height=\"315\" src=\"https:\/\/www.youtube.com\/embed\/izwiBeRqKu8?rel=0\" frameborder=\"0\" allowfullscreen><\/iframe><\/p>\n<p><strong>Var kommer alla s\u00e5nger<\/strong><\/p>\n<p><iframe loading=\"lazy\" width=\"560\" height=\"315\" src=\"https:\/\/www.youtube.com\/embed\/7xbUgmGH-yM?rel=0\" frameborder=\"0\" allowfullscreen><\/iframe><\/p>\n<p><strong>Tule aurinko<\/strong><\/p>\n<p><iframe loading=\"lazy\" src=\"https:\/\/www.youtube.com\/embed\/sCmaHDuoVJE?rel=0\" width=\"560\" height=\"315\" frameborder=\"0\" allowfullscreen=\"allowfullscreen\"><\/iframe><\/p>\n<p><strong>\u00c4itin neuvot mailmale l\u00e4htev\u00e4lle<\/strong><\/p>\n<p><iframe loading=\"lazy\" width=\"560\" height=\"315\" src=\"https:\/\/www.youtube.com\/embed\/mBnnsywUsT0?rel=0\" frameborder=\"0\" allowfullscreen><\/iframe><\/p>\n<p><strong>Kerron sulle mettist\u00e4<\/strong><\/p>\n<p><iframe loading=\"lazy\" width=\"560\" height=\"315\" src=\"https:\/\/www.youtube.com\/embed\/19dl7qVlSpY?rel=0\" frameborder=\"0\" allowfullscreen><\/iframe><\/p>\n<p><strong>V\u00e4yl\u00e4n virta h\u00e4ipyy h\u00e4m\u00e4hr\u00e4\u00e4n<\/strong><\/p>\n<p><iframe loading=\"lazy\" width=\"560\" height=\"315\" src=\"https:\/\/www.youtube.com\/embed\/HG3UufX0S10?rel=0\" frameborder=\"0\" allowfullscreen><\/iframe><\/p>\n","protected":false},"excerpt":{"rendered":"<p>T\u00e4ll\u00e4 sivula julkasemma viiteoita Suutelmanaikaa Luppiovaarala -esityksest\u00e4 15 jyyli\u00e4 2015. Liss\u00e4\u00e4mm\u00e4 viiteoita ko net valmistuvva. &nbsp; Katkelmia esityksen lauluista On vaaran laiat t\u00e4yn\u00e4 Blir du ensam p\u00e5 denna resa En kysstid p\u00e5 Luppio (Nu blommar h\u00e4ggen) Bengts farv\u00e4l Mailmale l\u00e4ht\u00f6 &hellip; <a href=\"https:\/\/liipetti.net\/aviisi\/suutelmanaika\/\">Lue loppuun <span class=\"meta-nav\">&rarr;<\/span><\/a><\/p>\n","protected":false},"author":3,"featured_media":0,"parent":0,"menu_order":0,"comment_status":"closed","ping_status":"closed","template":"","meta":{"footnotes":""},"class_list":["post-358","page","type-page","status-publish","hentry"],"_links":{"self":[{"href":"https:\/\/liipetti.net\/aviisi\/wp-json\/wp\/v2\/pages\/358","targetHints":{"allow":["GET"]}}],"collection":[{"href":"https:\/\/liipetti.net\/aviisi\/wp-json\/wp\/v2\/pages"}],"about":[{"href":"https:\/\/liipetti.net\/aviisi\/wp-json\/wp\/v2\/types\/page"}],"author":[{"embeddable":true,"href":"https:\/\/liipetti.net\/aviisi\/wp-json\/wp\/v2\/users\/3"}],"replies":[{"embeddable":true,"href":"https:\/\/liipetti.net\/aviisi\/wp-json\/wp\/v2\/comments?post=358"}],"version-history":[{"count":10,"href":"https:\/\/liipetti.net\/aviisi\/wp-json\/wp\/v2\/pages\/358\/revisions"}],"predecessor-version":[{"id":373,"href":"https:\/\/liipetti.net\/aviisi\/wp-json\/wp\/v2\/pages\/358\/revisions\/373"}],"wp:attachment":[{"href":"https:\/\/liipetti.net\/aviisi\/wp-json\/wp\/v2\/media?parent=358"}],"curies":[{"name":"wp","href":"https:\/\/api.w.org\/{rel}","templated":true}]}}