{"id":362,"date":"2022-04-25T09:32:52","date_gmt":"2022-04-25T09:32:52","guid":{"rendered":"http:\/\/liipetti.net\/retkia\/?page_id=362"},"modified":"2022-11-19T13:54:11","modified_gmt":"2022-11-19T13:54:11","slug":"kuvantekoon","status":"publish","type":"page","link":"https:\/\/liipetti.net\/retkia\/kuvantekoon\/","title":{"rendered":"Kuvantekoon"},"content":{"rendered":"\n<p class=\"has-medium-font-size\">Kirjan &#8221;Pikseleist\u00e4 kasvaa kuva: Teko\u00e4lyst\u00e4 visuaaliseen kuvantekoon&#8221; tukisivusto. <br><br>Teko\u00e4ly osaa hahmottaa kuvia, ja se muuttaa kuvank\u00e4sittely\u00e4:&nbsp;<br>kuvia voidaan luoda jopa aivan tyhj\u00e4st\u00e4. Kuvataiteilija ja tutkija&nbsp;<br>Hannu T\u00f6yryl\u00e4 on kehitt\u00e4nyt itse menetelmi\u00e4 teko\u00e4lyn pohjalta&nbsp;<br>vuodesta 2015 ja soveltanut niit\u00e4 omassa taiteellisessa ty\u00f6ss\u00e4\u00e4n.&nbsp;<br>T\u00e4ss\u00e4 kirjassa h\u00e4n kertoo mihin t\u00e4llainen kuvank\u00e4sittely perustuu,&nbsp;<br>mihin se pystyy, ja pohtii my\u00f6s sen roolia taiteellisen ty\u00f6skentelyn osana.<br><br>Kirja on julkaistu ja sit\u00e4 voi ostaa kirjakaupoista ja <a href=\"https:\/\/www.bod.fi\/kirjakauppa\/pikseleistae-kasvaa-kuva-hannu-toeyrylae-9789528063742\" target=\"_blank\" rel=\"noreferrer noopener\">t\u00e4\u00e4lt\u00e4 <\/a><br><br>T\u00e4\u00e4ll\u00e4 on ja t\u00e4nne tulee lis\u00e4\u00e4<\/p>\n\n\n\n<ul class=\"has-medium-font-size wp-block-list\"><li><a href=\"https:\/\/liipetti.net\/retkia\/kuvantekoon\/demoja\/\" data-type=\"page\" data-id=\"391\">demoja ja opetusvideoita<\/a><\/li><li><a href=\"https:\/\/liipetti.net\/retkia\/kuvantekoon\/lahteita\/\" data-type=\"page\" data-id=\"368\">l\u00e4hdeviitteit\u00e4, linkkej\u00e4<\/a><\/li><\/ul>\n\n\n\n<p><\/p>\n\n\n\n<p class=\"has-medium-font-size\">Lis\u00e4materiaalia ja p\u00e4ivityksi\u00e4:<\/p>\n\n\n\n<p><a href=\"https:\/\/liipetti.net\/retkia\/diffuusion-voittokulku\/\" data-type=\"page\" data-id=\"406\">Diffuusion voittokulku<\/a><\/p>\n\n\n\n<p><\/p>\n\n\n\n<p><\/p>\n\n\n\n<p class=\"has-medium-font-size\">Tule my\u00f6s mukaan FB-ryhm\u00e4\u00e4n <a rel=\"noreferrer noopener\" href=\"https:\/\/www.facebook.com\/groups\/417392395124636\" target=\"_blank\">Neuroverkot ja luova toiminta<\/a>, siell\u00e4 voidaan keskustella lis\u00e4\u00e4.<\/p>\n\n\n\n<p><\/p>\n\n\n\n<p><\/p>\n\n\n\n<figure class=\"wp-block-embed is-type-video is-provider-vimeo wp-block-embed-vimeo wp-embed-aspect-16-9 wp-has-aspect-ratio\"><div class=\"wp-block-embed__wrapper\">\n<iframe loading=\"lazy\" title=\"kirja on nyt t\u00e4ss\u00e4\" src=\"https:\/\/player.vimeo.com\/video\/713590374?h=5d4ac03b6e&amp;dnt=1&amp;app_id=122963\" width=\"720\" height=\"405\" frameborder=\"0\" allow=\"autoplay; fullscreen; picture-in-picture; clipboard-write\"><\/iframe>\n<\/div><\/figure>\n","protected":false},"excerpt":{"rendered":"<p>Kirjan &#8221;Pikseleist\u00e4 kasvaa kuva: Teko\u00e4lyst\u00e4 visuaaliseen kuvantekoon&#8221; tukisivusto. Teko\u00e4ly osaa hahmottaa kuvia, ja se muuttaa kuvank\u00e4sittely\u00e4:&nbsp;kuvia voidaan luoda jopa aivan tyhj\u00e4st\u00e4. Kuvataiteilija ja tutkija&nbsp;Hannu T\u00f6yryl\u00e4 on kehitt\u00e4nyt itse menetelmi\u00e4 teko\u00e4lyn pohjalta&nbsp;vuodesta 2015 ja soveltanut niit\u00e4 omassa taiteellisessa ty\u00f6ss\u00e4\u00e4n.&nbsp;T\u00e4ss\u00e4 kirjassa h\u00e4n kertoo mihin t\u00e4llainen kuvank\u00e4sittely perustuu,&nbsp;mihin se pystyy, ja pohtii my\u00f6s\u2026<\/p>\n<p class=\"continue-reading-button\"> <a class=\"continue-reading-link\" href=\"https:\/\/liipetti.net\/retkia\/kuvantekoon\/\">Continue reading<i class=\"crycon-right-dir\"><\/i><\/a><\/p>\n","protected":false},"author":1,"featured_media":0,"parent":0,"menu_order":0,"comment_status":"closed","ping_status":"closed","template":"","meta":{"footnotes":""},"class_list":["post-362","page","type-page","status-publish","hentry"],"_links":{"self":[{"href":"https:\/\/liipetti.net\/retkia\/wp-json\/wp\/v2\/pages\/362","targetHints":{"allow":["GET"]}}],"collection":[{"href":"https:\/\/liipetti.net\/retkia\/wp-json\/wp\/v2\/pages"}],"about":[{"href":"https:\/\/liipetti.net\/retkia\/wp-json\/wp\/v2\/types\/page"}],"author":[{"embeddable":true,"href":"https:\/\/liipetti.net\/retkia\/wp-json\/wp\/v2\/users\/1"}],"replies":[{"embeddable":true,"href":"https:\/\/liipetti.net\/retkia\/wp-json\/wp\/v2\/comments?post=362"}],"version-history":[{"count":11,"href":"https:\/\/liipetti.net\/retkia\/wp-json\/wp\/v2\/pages\/362\/revisions"}],"predecessor-version":[{"id":416,"href":"https:\/\/liipetti.net\/retkia\/wp-json\/wp\/v2\/pages\/362\/revisions\/416"}],"wp:attachment":[{"href":"https:\/\/liipetti.net\/retkia\/wp-json\/wp\/v2\/media?parent=362"}],"curies":[{"name":"wp","href":"https:\/\/api.w.org\/{rel}","templated":true}]}}