{"id":437,"date":"2024-04-25T08:05:46","date_gmt":"2024-04-25T08:05:46","guid":{"rendered":"http:\/\/liipetti.net\/retkia\/?page_id=437"},"modified":"2024-05-22T13:36:18","modified_gmt":"2024-05-22T13:36:18","slug":"alussa-on-kuva","status":"publish","type":"page","link":"https:\/\/liipetti.net\/retkia\/alussa-on-kuva\/","title":{"rendered":"Alussa on kuva"},"content":{"rendered":"\n<figure class=\"wp-block-image size-full is-resized\"><img loading=\"lazy\" decoding=\"async\" src=\"https:\/\/liipetti.net\/retkia\/wp-content\/uploads\/2024\/05\/Nayttokuva-2024-5-3-kello-10.00.33.png\" alt=\"\" class=\"wp-image-442\" width=\"504\" height=\"506\" srcset=\"https:\/\/liipetti.net\/retkia\/wp-content\/uploads\/2024\/05\/Nayttokuva-2024-5-3-kello-10.00.33.png 758w, https:\/\/liipetti.net\/retkia\/wp-content\/uploads\/2024\/05\/Nayttokuva-2024-5-3-kello-10.00.33-300x300.png 300w, https:\/\/liipetti.net\/retkia\/wp-content\/uploads\/2024\/05\/Nayttokuva-2024-5-3-kello-10.00.33-150x150.png 150w, https:\/\/liipetti.net\/retkia\/wp-content\/uploads\/2024\/05\/Nayttokuva-2024-5-3-kello-10.00.33-149x150.png 149w\" sizes=\"auto, (max-width: 504px) 100vw, 504px\" \/><\/figure>\n\n\n\n<p>Kirja on nyt julkaistu. Sit\u00e4 saa vaikkapa t\u00e4\u00e4lt\u00e4 https:\/\/kirjakauppa.bod.fi\/alussa-on-kuva-hannu-toeyrylae-9789528072515<\/p>\n\n\n\n<p><\/p>\n\n\n\n<p>T\u00e4lt\u00e4 sivulta taas l\u00f6ytyy kirjaan liittyv\u00e4\u00e4 lis\u00e4materiaalia ja videoita.<\/p>\n\n\n\n<p>Mist\u00e4 ei voi puhua, siit\u00e4 pit\u00e4\u00e4 kuvia tehd\u00e4.&nbsp;<\/p>\n\n\n\n<p>Siin\u00e4 oikeastaan l\u00e4ht\u00f6kohtani. Syy siihen miksi l\u00e4hdin kaiken muun j\u00e4lkeen kuvataiteilijaksi.&nbsp;<\/p>\n\n\n\n<p>Kaikkea ei kuitenkaan voi kertoa vain kuvilla. T\u00e4llaisessa kirjassa tarvitaan my\u00f6s teksti\u00e4. Aiemmassa kirjassani k\u00e4sittelin kuvantekomenetelmi\u00e4ni j\u00e4sentyneen systemaattisesti. T\u00e4m\u00e4n kirjan kokoan kuitenkin niin, ettei sit\u00e4 tarvitse lukea j\u00e4rjestyksess\u00e4, vaan ett\u00e4 se olisi niinkuin palapeli jonka jokainen voi koota omalla tavallaan. Avata jostakin kohtaa, lukea siit\u00e4 tai etsi\u00e4 toisen kohdan, katsella kuvia.&nbsp;<\/p>\n\n\n\n<p>Yrit\u00e4n kertoa, miksi teen kuvia teko\u00e4lyn avulla, ja erityisesti siit\u00e4 millaista oma ty\u00f6skentelyni sen kanssa on. Ajatuksiani aiheen ymp\u00e4rilt\u00e4, kun olen kuitenkin oman tieni kulkija hakiessani&nbsp; keinoja kesytt\u00e4\u00e4 teko\u00e4ly v\u00e4lineiksi tehd\u00e4 itseni oloista kuvaa. Kuvaa kuin runoa, vaikka samalla joudun syv\u00e4lle tekniikkaan muokatessani ty\u00f6kalut t\u00e4h\u00e4n sopiviksi.&nbsp;<\/p>\n\n\n\n<p>En edes mielell\u00e4ni puhuisi teko\u00e4lyst\u00e4. Se mit\u00e4 itse sovellan ei ole mink\u00e4\u00e4nlaista \u00e4ly\u00e4, vaan jonkinlaista kuvan hahmotuskyky\u00e4 jota voin k\u00e4ytt\u00e4\u00e4 kuvien teossa ja muokkaamisessa.<br><br><\/p>\n\n\n\n<hr class=\"wp-block-separator\"\/>\n\n\n\n<figure class=\"wp-block-embed is-type-video is-provider-vimeo wp-block-embed-vimeo wp-embed-aspect-16-9 wp-has-aspect-ratio\"><div class=\"wp-block-embed__wrapper\">\n<iframe loading=\"lazy\" title=\"Alussa on kuva: tyylimuunnos\" src=\"https:\/\/player.vimeo.com\/video\/943559305?dnt=1&amp;app_id=122963\" width=\"720\" height=\"405\" frameborder=\"0\" allow=\"autoplay; fullscreen; picture-in-picture; clipboard-write\"><\/iframe>\n<\/div><figcaption><br>Kirjan sivulla 14 mainitaan tyylimuunnos, ensimm\u00e4inen teko\u00e4lypohjainen tekniikka johon tutustuin vuonna 2015. Videolla n\u00e4et k\u00e4yt\u00e4nn\u00f6n esimerkin mit\u00e4 sill\u00e4 voi tehd\u00e4.<\/figcaption><\/figure>\n\n\n\n<hr class=\"wp-block-separator\"\/>\n\n\n\n<figure class=\"wp-block-embed is-type-video is-provider-vimeo wp-block-embed-vimeo wp-embed-aspect-16-9 wp-has-aspect-ratio\"><div class=\"wp-block-embed__wrapper\">\n<iframe loading=\"lazy\" title=\"alussa on kuva: sekoavat kaupungit\" src=\"https:\/\/player.vimeo.com\/video\/949143759?h=68c11e0e7d&amp;dnt=1&amp;app_id=122963\" width=\"720\" height=\"405\" frameborder=\"0\" allow=\"autoplay; fullscreen; picture-in-picture; clipboard-write\"><\/iframe>\n<\/div><\/figure>\n\n\n\n<p>Kirjan sivulla 62 esitell\u00e4\u00e4n tekniikkaa, jolla luon kuvavirtaa jossa n\u00e4kym\u00e4t eri kaupungeista sekoavat v\u00e4hitellen unenomaisesti. T\u00e4ss\u00e4 esimerkki\u00e4 ja demonstraatio siit\u00e4 miten kuvavirta k\u00e4yt\u00e4nn\u00f6ss\u00e4 syntyy.<\/p>\n\n\n\n<p>T\u00e4llaista kuvavirtaa n\u00e4hd\u00e4\u00e4n k\u00e4yt\u00e4nn\u00f6ss\u00e4 n\u00e4yttelyss\u00e4 Lahdessa 18.9.\u20136.10.2024, Galleria Uusi Kipin\u00e4.<\/p>\n\n\n\n<hr class=\"wp-block-separator\"\/>\n\n\n\n<p><\/p>\n","protected":false},"excerpt":{"rendered":"<p>Kirja on nyt julkaistu. Sit\u00e4 saa vaikkapa t\u00e4\u00e4lt\u00e4 https:\/\/kirjakauppa.bod.fi\/alussa-on-kuva-hannu-toeyrylae-9789528072515 T\u00e4lt\u00e4 sivulta taas l\u00f6ytyy kirjaan liittyv\u00e4\u00e4 lis\u00e4materiaalia ja videoita. Mist\u00e4 ei voi puhua, siit\u00e4 pit\u00e4\u00e4 kuvia tehd\u00e4.&nbsp; Siin\u00e4 oikeastaan l\u00e4ht\u00f6kohtani. Syy siihen miksi l\u00e4hdin kaiken muun j\u00e4lkeen kuvataiteilijaksi.&nbsp; Kaikkea ei kuitenkaan voi kertoa vain kuvilla. T\u00e4llaisessa kirjassa tarvitaan my\u00f6s teksti\u00e4. Aiemmassa\u2026<\/p>\n<p class=\"continue-reading-button\"> <a class=\"continue-reading-link\" href=\"https:\/\/liipetti.net\/retkia\/alussa-on-kuva\/\">Continue reading<i class=\"crycon-right-dir\"><\/i><\/a><\/p>\n","protected":false},"author":1,"featured_media":0,"parent":0,"menu_order":0,"comment_status":"closed","ping_status":"closed","template":"","meta":{"footnotes":""},"class_list":["post-437","page","type-page","status-publish","hentry"],"_links":{"self":[{"href":"https:\/\/liipetti.net\/retkia\/wp-json\/wp\/v2\/pages\/437","targetHints":{"allow":["GET"]}}],"collection":[{"href":"https:\/\/liipetti.net\/retkia\/wp-json\/wp\/v2\/pages"}],"about":[{"href":"https:\/\/liipetti.net\/retkia\/wp-json\/wp\/v2\/types\/page"}],"author":[{"embeddable":true,"href":"https:\/\/liipetti.net\/retkia\/wp-json\/wp\/v2\/users\/1"}],"replies":[{"embeddable":true,"href":"https:\/\/liipetti.net\/retkia\/wp-json\/wp\/v2\/comments?post=437"}],"version-history":[{"count":7,"href":"https:\/\/liipetti.net\/retkia\/wp-json\/wp\/v2\/pages\/437\/revisions"}],"predecessor-version":[{"id":450,"href":"https:\/\/liipetti.net\/retkia\/wp-json\/wp\/v2\/pages\/437\/revisions\/450"}],"wp:attachment":[{"href":"https:\/\/liipetti.net\/retkia\/wp-json\/wp\/v2\/media?parent=437"}],"curies":[{"name":"wp","href":"https:\/\/api.w.org\/{rel}","templated":true}]}}