{"id":1016,"date":"2021-03-25T13:43:35","date_gmt":"2021-03-25T11:43:35","guid":{"rendered":"http:\/\/freygish.com\/saara\/wordpress\/?page_id=1016"},"modified":"2026-03-19T16:07:46","modified_gmt":"2026-03-19T14:07:46","slug":"heijastuksia-2021","status":"publish","type":"page","link":"https:\/\/liipetti.net\/saaramesterton\/?page_id=1016","title":{"rendered":"Heijastuksia 2021"},"content":{"rendered":"\n<p><span id=\"sample-permalink\" tabindex=\"-1\"><a href=\"http:\/\/liipetti.net\/saaramesterton\/?page_id=816\">Takaisin galleriaan<\/a><\/span><\/p>\n\n\n\n<p>Heijastus-maalaukset ovat syntyneet Emil Danielssonin kivest\u00e4 rakennetun ateljeen inspiroimina.<\/p>\n\n\n\n<figure class=\"wp-block-gallery has-nested-images columns-0 is-cropped wp-block-gallery-1 is-layout-flex wp-block-gallery-is-layout-flex\">\n<figure class=\"wp-block-image\"><img loading=\"lazy\" decoding=\"async\" width=\"1000\" height=\"912\" data-id=\"1010\" src=\"https:\/\/liipetti.net\/saaramesterton\/wp-content\/uploads\/2021\/03\/vaihtoehto_3_korjattu-kopio.png\" alt=\"\" class=\"wp-image-1010\" srcset=\"https:\/\/liipetti.net\/saaramesterton\/wp-content\/uploads\/2021\/03\/vaihtoehto_3_korjattu-kopio.png 1000w, https:\/\/liipetti.net\/saaramesterton\/wp-content\/uploads\/2021\/03\/vaihtoehto_3_korjattu-kopio-300x274.png 300w, https:\/\/liipetti.net\/saaramesterton\/wp-content\/uploads\/2021\/03\/vaihtoehto_3_korjattu-kopio-768x700.png 768w, https:\/\/liipetti.net\/saaramesterton\/wp-content\/uploads\/2021\/03\/vaihtoehto_3_korjattu-kopio-624x569.png 624w\" sizes=\"auto, (max-width: 1000px) 100vw, 1000px\" \/><\/figure>\n<\/figure>\n\n\n\n<p class=\"has-text-align-center\">Ikkuna I 2021, \u00f6ljyv\u00e4ri kankaalle 50 x 54 cm<\/p>\n\n\n\n<figure class=\"wp-block-gallery has-nested-images columns-default is-cropped wp-block-gallery-2 is-layout-flex wp-block-gallery-is-layout-flex\">\n<figure class=\"wp-block-image\"><img loading=\"lazy\" decoding=\"async\" width=\"1000\" height=\"911\" data-id=\"1011\" src=\"https:\/\/liipetti.net\/saaramesterton\/wp-content\/uploads\/2021\/03\/vaihtoehto_4_korjattu-kopio.png\" alt=\"\" class=\"wp-image-1011\" srcset=\"https:\/\/liipetti.net\/saaramesterton\/wp-content\/uploads\/2021\/03\/vaihtoehto_4_korjattu-kopio.png 1000w, https:\/\/liipetti.net\/saaramesterton\/wp-content\/uploads\/2021\/03\/vaihtoehto_4_korjattu-kopio-300x273.png 300w, https:\/\/liipetti.net\/saaramesterton\/wp-content\/uploads\/2021\/03\/vaihtoehto_4_korjattu-kopio-768x700.png 768w, https:\/\/liipetti.net\/saaramesterton\/wp-content\/uploads\/2021\/03\/vaihtoehto_4_korjattu-kopio-624x568.png 624w\" sizes=\"auto, (max-width: 1000px) 100vw, 1000px\" \/><\/figure>\n<\/figure>\n\n\n\n<p class=\"has-text-align-center\">Ikkuna II 2021, \u00f6ljyv\u00e4ri kankaalle 50 x 54 cm<\/p>\n\n\n\n<figure class=\"wp-block-gallery has-nested-images columns-default is-cropped wp-block-gallery-3 is-layout-flex wp-block-gallery-is-layout-flex\">\n<figure class=\"wp-block-image\"><img loading=\"lazy\" decoding=\"async\" width=\"1000\" height=\"911\" data-id=\"1013\" src=\"https:\/\/liipetti.net\/saaramesterton\/wp-content\/uploads\/2021\/03\/vaintoehto_1_Korjattu-kopio.png\" alt=\"\" class=\"wp-image-1013\" srcset=\"https:\/\/liipetti.net\/saaramesterton\/wp-content\/uploads\/2021\/03\/vaintoehto_1_Korjattu-kopio.png 1000w, https:\/\/liipetti.net\/saaramesterton\/wp-content\/uploads\/2021\/03\/vaintoehto_1_Korjattu-kopio-300x273.png 300w, https:\/\/liipetti.net\/saaramesterton\/wp-content\/uploads\/2021\/03\/vaintoehto_1_Korjattu-kopio-768x700.png 768w, https:\/\/liipetti.net\/saaramesterton\/wp-content\/uploads\/2021\/03\/vaintoehto_1_Korjattu-kopio-624x568.png 624w\" sizes=\"auto, (max-width: 1000px) 100vw, 1000px\" \/><\/figure>\n<\/figure>\n\n\n\n<p class=\"has-text-align-center\">Heijastus I 2021, \u00f6ljyv\u00e4ri kankaalle 50 x 54 cm<\/p>\n\n\n\n<figure class=\"wp-block-gallery has-nested-images columns-default is-cropped wp-block-gallery-4 is-layout-flex wp-block-gallery-is-layout-flex\">\n<figure class=\"wp-block-image\"><img loading=\"lazy\" decoding=\"async\" width=\"1000\" height=\"911\" data-id=\"1014\" src=\"https:\/\/liipetti.net\/saaramesterton\/wp-content\/uploads\/2021\/03\/vaitoehto_2-korjattu-kopio.png\" alt=\"\" class=\"wp-image-1014\" srcset=\"https:\/\/liipetti.net\/saaramesterton\/wp-content\/uploads\/2021\/03\/vaitoehto_2-korjattu-kopio.png 1000w, https:\/\/liipetti.net\/saaramesterton\/wp-content\/uploads\/2021\/03\/vaitoehto_2-korjattu-kopio-300x273.png 300w, https:\/\/liipetti.net\/saaramesterton\/wp-content\/uploads\/2021\/03\/vaitoehto_2-korjattu-kopio-768x700.png 768w, https:\/\/liipetti.net\/saaramesterton\/wp-content\/uploads\/2021\/03\/vaitoehto_2-korjattu-kopio-624x568.png 624w\" sizes=\"auto, (max-width: 1000px) 100vw, 1000px\" \/><\/figure>\n<\/figure>\n\n\n\n<p class=\"has-text-align-center\">Heijastus II 2021, \u00f6ljyv\u00e4ri kankaalle 50 x 54 cm<\/p>\n\n\n\n<figure class=\"wp-block-gallery has-nested-images columns-default is-cropped wp-block-gallery-5 is-layout-flex wp-block-gallery-is-layout-flex\">\n<figure class=\"wp-block-image\"><img loading=\"lazy\" decoding=\"async\" width=\"1000\" height=\"920\" data-id=\"1012\" src=\"https:\/\/liipetti.net\/saaramesterton\/wp-content\/uploads\/2021\/03\/vaihtoehto_5-_korjattu2-kopio.png\" alt=\"\" class=\"wp-image-1012\" srcset=\"https:\/\/liipetti.net\/saaramesterton\/wp-content\/uploads\/2021\/03\/vaihtoehto_5-_korjattu2-kopio.png 1000w, https:\/\/liipetti.net\/saaramesterton\/wp-content\/uploads\/2021\/03\/vaihtoehto_5-_korjattu2-kopio-300x276.png 300w, https:\/\/liipetti.net\/saaramesterton\/wp-content\/uploads\/2021\/03\/vaihtoehto_5-_korjattu2-kopio-768x707.png 768w, https:\/\/liipetti.net\/saaramesterton\/wp-content\/uploads\/2021\/03\/vaihtoehto_5-_korjattu2-kopio-624x574.png 624w\" sizes=\"auto, (max-width: 1000px) 100vw, 1000px\" \/><\/figure>\n<\/figure>\n\n\n\n<p class=\"has-text-align-center\">Ikkuna ja auringonlasku I 2021, \u00f6ljyv\u00e4ri kankaalle 50 x 54 cm<\/p>\n\n\n\n<figure class=\"wp-block-gallery has-nested-images columns-default is-cropped wp-block-gallery-6 is-layout-flex wp-block-gallery-is-layout-flex\">\n<figure class=\"wp-block-image\"><img loading=\"lazy\" decoding=\"async\" width=\"1000\" height=\"925\" data-id=\"1009\" src=\"https:\/\/liipetti.net\/saaramesterton\/wp-content\/uploads\/2021\/03\/DSC8191_vaihroehto6_korjattu-kopio.png\" alt=\"\" class=\"wp-image-1009\" srcset=\"https:\/\/liipetti.net\/saaramesterton\/wp-content\/uploads\/2021\/03\/DSC8191_vaihroehto6_korjattu-kopio.png 1000w, https:\/\/liipetti.net\/saaramesterton\/wp-content\/uploads\/2021\/03\/DSC8191_vaihroehto6_korjattu-kopio-300x278.png 300w, https:\/\/liipetti.net\/saaramesterton\/wp-content\/uploads\/2021\/03\/DSC8191_vaihroehto6_korjattu-kopio-768x710.png 768w, https:\/\/liipetti.net\/saaramesterton\/wp-content\/uploads\/2021\/03\/DSC8191_vaihroehto6_korjattu-kopio-624x577.png 624w\" sizes=\"auto, (max-width: 1000px) 100vw, 1000px\" \/><\/figure>\n<\/figure>\n\n\n\n<p class=\"has-text-align-center\">Ikkuna ja auringonlasku II 2021, \u00f6ljyv\u00e4ri kankaalle 50 x 54 cm<\/p>\n\n\n\n<figure class=\"wp-block-embed is-type-video is-provider-vimeo wp-block-embed-vimeo wp-embed-aspect-16-9 wp-has-aspect-ratio\"><div class=\"wp-block-embed__wrapper\">\n<iframe loading=\"lazy\" title=\"Ikkuna I\" src=\"https:\/\/player.vimeo.com\/video\/671389390?dnt=1&amp;app_id=122963\" width=\"625\" height=\"352\" frameborder=\"0\" allow=\"autoplay; fullscreen; picture-in-picture; clipboard-write; encrypted-media; web-share\" referrerpolicy=\"strict-origin-when-cross-origin\"><\/iframe>\n<\/div><figcaption class=\"wp-element-caption\">Variaatioita maalauksesta Ikkuna I, 2021, pigmenttivedoksia 18 cm x 18 cm<br><\/figcaption><\/figure>\n\n\n\n<figure class=\"wp-block-embed is-type-video is-provider-vimeo wp-block-embed-vimeo wp-embed-aspect-16-9 wp-has-aspect-ratio\"><div class=\"wp-block-embed__wrapper\">\n<iframe loading=\"lazy\" title=\"Ikkuna ja auringonlasku II\" src=\"https:\/\/player.vimeo.com\/video\/691707087?dnt=1&amp;app_id=122963\" width=\"625\" height=\"352\" frameborder=\"0\" allow=\"autoplay; fullscreen; picture-in-picture; clipboard-write; encrypted-media; web-share\" referrerpolicy=\"strict-origin-when-cross-origin\"><\/iframe>\n<\/div><figcaption class=\"wp-element-caption\">Variaatioita maalauksesta Ikkuna ja auringonlasku II, 2021, 18 cm x 18 cm<\/figcaption><\/figure>\n\n\n\n<figure class=\"wp-block-embed is-type-video is-provider-vimeo wp-block-embed-vimeo wp-embed-aspect-1-1 wp-has-aspect-ratio\"><div class=\"wp-block-embed__wrapper\">\n<iframe loading=\"lazy\" title=\"Ikkuna II\" src=\"https:\/\/player.vimeo.com\/video\/691707605?dnt=1&amp;app_id=122963\" width=\"625\" height=\"625\" frameborder=\"0\" allow=\"autoplay; fullscreen; picture-in-picture; clipboard-write; encrypted-media; web-share\" referrerpolicy=\"strict-origin-when-cross-origin\"><\/iframe>\n<\/div><\/figure>\n\n\n\n<p>Variaatioita maalauksesta Ikkuna II, 2021, 18 cm x 18 cm<\/p>\n\n\n\n<p><a href=\"http:\/\/liipetti.net\/saaramesterton\/?page_id=816\">Takaisin galleriaan<\/a><\/p>\n","protected":false},"excerpt":{"rendered":"<p>Takaisin galleriaan Heijastus-maalaukset ovat syntyneet Emil Danielssonin kivest\u00e4 rakennetun ateljeen inspiroimina. Ikkuna I 2021, \u00f6ljyv\u00e4ri kankaalle 50 x 54 cm Ikkuna II 2021, \u00f6ljyv\u00e4ri kankaalle 50 x 54 cm Heijastus I 2021, \u00f6ljyv\u00e4ri kankaalle 50 x 54 cm Heijastus II 2021, \u00f6ljyv\u00e4ri kankaalle 50 x 54 cm Ikkuna ja auringonlasku I 2021, \u00f6ljyv\u00e4ri kankaalle 50 [&hellip;]<\/p>\n","protected":false},"author":1,"featured_media":0,"parent":0,"menu_order":0,"comment_status":"closed","ping_status":"closed","template":"","meta":{"footnotes":""},"class_list":["post-1016","page","type-page","status-publish","hentry"],"_links":{"self":[{"href":"https:\/\/liipetti.net\/saaramesterton\/index.php?rest_route=\/wp\/v2\/pages\/1016","targetHints":{"allow":["GET"]}}],"collection":[{"href":"https:\/\/liipetti.net\/saaramesterton\/index.php?rest_route=\/wp\/v2\/pages"}],"about":[{"href":"https:\/\/liipetti.net\/saaramesterton\/index.php?rest_route=\/wp\/v2\/types\/page"}],"author":[{"embeddable":true,"href":"https:\/\/liipetti.net\/saaramesterton\/index.php?rest_route=\/wp\/v2\/users\/1"}],"replies":[{"embeddable":true,"href":"https:\/\/liipetti.net\/saaramesterton\/index.php?rest_route=%2Fwp%2Fv2%2Fcomments&post=1016"}],"version-history":[{"count":14,"href":"https:\/\/liipetti.net\/saaramesterton\/index.php?rest_route=\/wp\/v2\/pages\/1016\/revisions"}],"predecessor-version":[{"id":1592,"href":"https:\/\/liipetti.net\/saaramesterton\/index.php?rest_route=\/wp\/v2\/pages\/1016\/revisions\/1592"}],"wp:attachment":[{"href":"https:\/\/liipetti.net\/saaramesterton\/index.php?rest_route=%2Fwp%2Fv2%2Fmedia&parent=1016"}],"curies":[{"name":"wp","href":"https:\/\/api.w.org\/{rel}","templated":true}]}}