{"id":1121,"date":"2022-06-17T15:02:46","date_gmt":"2022-06-17T12:02:46","guid":{"rendered":"http:\/\/freygish.com\/saara\/wordpress\/?page_id=1121"},"modified":"2026-03-23T11:59:07","modified_gmt":"2026-03-23T09:59:07","slug":"kivet-2022","status":"publish","type":"page","link":"https:\/\/liipetti.net\/saaramesterton\/?page_id=1121","title":{"rendered":"Vuodenajat 2022-2025"},"content":{"rendered":"\n<p>Vuodenaika-maalaukset ovat havaintoja ja muistiinpanoja vuodenaikojen v\u00e4reist\u00e4. Kustakin vuodenajasta on kolme erilaista maalausta. Ne ovat my\u00f6s tasapainoharjoituksia sodan, ilmastokriisin ja nykyisen maailmanajan tuomaan ahdistukseen.<br>Miniatyyriteoksissa on pigmenttivedoksena maalaus ja variaatio.<br><\/p>\n\n\n\n<p><a href=\"http:\/\/liipetti.net\/saaramesterton\/?page_id=816\">Takaisin galleriaan<\/a><\/p>\n\n\n\n<figure class=\"wp-block-embed is-type-video is-provider-vimeo wp-block-embed-vimeo wp-embed-aspect-16-9 wp-has-aspect-ratio max640\"><div class=\"wp-block-embed__wrapper\">\n<iframe loading=\"lazy\" title=\"Kivet, Stones\" src=\"https:\/\/player.vimeo.com\/video\/852082030?dnt=1&amp;app_id=122963\" width=\"625\" height=\"352\" frameborder=\"0\" allow=\"autoplay; fullscreen; picture-in-picture; clipboard-write; encrypted-media; web-share\" referrerpolicy=\"strict-origin-when-cross-origin\"><\/iframe>\n<\/div><\/figure>\n\n\n\n<figure class=\"wp-block-image is-resized\"><img loading=\"lazy\" decoding=\"async\" width=\"639\" height=\"1024\" src=\"https:\/\/liipetti.net\/saaramesterton\/wp-content\/uploads\/2025\/11\/Kev\u00e4ttuuli_PIENI-639x1024.png\" alt=\"\" class=\"wp-image-1541\" style=\"aspect-ratio:0.6240299705646241;width:642px;height:auto\" srcset=\"https:\/\/liipetti.net\/saaramesterton\/wp-content\/uploads\/2025\/11\/Kev\u00e4ttuuli_PIENI-639x1024.png 639w, https:\/\/liipetti.net\/saaramesterton\/wp-content\/uploads\/2025\/11\/Kev\u00e4ttuuli_PIENI-187x300.png 187w, https:\/\/liipetti.net\/saaramesterton\/wp-content\/uploads\/2025\/11\/Kev\u00e4ttuuli_PIENI-768x1231.png 768w, https:\/\/liipetti.net\/saaramesterton\/wp-content\/uploads\/2025\/11\/Kev\u00e4ttuuli_PIENI-624x1000.png 624w, https:\/\/liipetti.net\/saaramesterton\/wp-content\/uploads\/2025\/11\/Kev\u00e4ttuuli_PIENI.png 1300w\" sizes=\"auto, (max-width: 639px) 100vw, 639px\" \/><\/figure>\n\n\n\n<p>Kev\u00e4ttuuli 2025, \u00f6ljyv\u00e4ri kankaalle 100 cm x 64 cm<\/p>\n\n\n\n<figure class=\"wp-block-image is-resized\"><img loading=\"lazy\" decoding=\"async\" width=\"622\" height=\"1020\" src=\"https:\/\/liipetti.net\/saaramesterton\/wp-content\/uploads\/2024\/06\/Kev\u00e4t2_rajattu_PIENI.png\" alt=\"\" class=\"wp-image-1424\" style=\"width:641px;height:auto\" srcset=\"https:\/\/liipetti.net\/saaramesterton\/wp-content\/uploads\/2024\/06\/Kev\u00e4t2_rajattu_PIENI.png 622w, https:\/\/liipetti.net\/saaramesterton\/wp-content\/uploads\/2024\/06\/Kev\u00e4t2_rajattu_PIENI-183x300.png 183w\" sizes=\"auto, (max-width: 622px) 100vw, 622px\" \/><\/figure>\n\n\n\n<p>Kev\u00e4t ja kuusi 2024,  \u00f6ljyv\u00e4ri kankaalle 100 x 64 cm<\/p>\n\n\n\n<figure class=\"wp-block-image\"><img loading=\"lazy\" decoding=\"async\" width=\"647\" height=\"1000\" src=\"http:\/\/liipetti.net\/saaramesterton\/wp-content\/uploads\/2022\/06\/Kev\u00e4tKivet_pieniDSC06328.png\" alt=\"\" class=\"wp-image-1134\" srcset=\"https:\/\/liipetti.net\/saaramesterton\/wp-content\/uploads\/2022\/06\/Kev\u00e4tKivet_pieniDSC06328.png 647w, https:\/\/liipetti.net\/saaramesterton\/wp-content\/uploads\/2022\/06\/Kev\u00e4tKivet_pieniDSC06328-194x300.png 194w, https:\/\/liipetti.net\/saaramesterton\/wp-content\/uploads\/2022\/06\/Kev\u00e4tKivet_pieniDSC06328-624x964.png 624w\" sizes=\"auto, (max-width: 647px) 100vw, 647px\" \/><\/figure>\n\n\n\n<p class=\"has-text-align-left\">Alkukev\u00e4t 2022, \u00f6ljyv\u00e4ri kankaalle 100 x 64 cm<\/p>\n\n\n\n<figure class=\"wp-block-image\"><img loading=\"lazy\" decoding=\"async\" width=\"644\" height=\"1024\" src=\"http:\/\/liipetti.net\/saaramesterton\/wp-content\/uploads\/2022\/08\/KesaJa_voikukat_korjattu_pieni-644x1024.png\" alt=\"\" class=\"wp-image-1140\" srcset=\"https:\/\/liipetti.net\/saaramesterton\/wp-content\/uploads\/2022\/08\/KesaJa_voikukat_korjattu_pieni-644x1024.png 644w, https:\/\/liipetti.net\/saaramesterton\/wp-content\/uploads\/2022\/08\/KesaJa_voikukat_korjattu_pieni-189x300.png 189w, https:\/\/liipetti.net\/saaramesterton\/wp-content\/uploads\/2022\/08\/KesaJa_voikukat_korjattu_pieni-768x1221.png 768w, https:\/\/liipetti.net\/saaramesterton\/wp-content\/uploads\/2022\/08\/KesaJa_voikukat_korjattu_pieni-624x992.png 624w, https:\/\/liipetti.net\/saaramesterton\/wp-content\/uploads\/2022\/08\/KesaJa_voikukat_korjattu_pieni.png 1000w\" sizes=\"auto, (max-width: 644px) 100vw, 644px\" \/><\/figure>\n\n\n\n<p class=\"has-text-align-left\">Kes\u00e4 ja voikukat 2022, \u00f6ljyv\u00e4ri kankaalle 100 x 64 cm<\/p>\n\n\n\n<figure class=\"wp-block-image\"><img loading=\"lazy\" decoding=\"async\" width=\"639\" height=\"1020\" src=\"https:\/\/liipetti.net\/saaramesterton\/wp-content\/uploads\/2023\/01\/Kes\u00e4nvarjoja_sarjasta-Vuodenajat_Pieni.png\" alt=\"\" class=\"wp-image-1190\" srcset=\"https:\/\/liipetti.net\/saaramesterton\/wp-content\/uploads\/2023\/01\/Kes\u00e4nvarjoja_sarjasta-Vuodenajat_Pieni.png 639w, https:\/\/liipetti.net\/saaramesterton\/wp-content\/uploads\/2023\/01\/Kes\u00e4nvarjoja_sarjasta-Vuodenajat_Pieni-188x300.png 188w, https:\/\/liipetti.net\/saaramesterton\/wp-content\/uploads\/2023\/01\/Kes\u00e4nvarjoja_sarjasta-Vuodenajat_Pieni-624x996.png 624w\" sizes=\"auto, (max-width: 639px) 100vw, 639px\" \/><\/figure>\n\n\n\n<p class=\"has-text-align-left\">Kes\u00e4n varjoja 2022, \u00f6ljyv\u00e4ri kankaalle 100 x 64 cm<\/p>\n\n\n\n<figure class=\"wp-block-image\"><img loading=\"lazy\" decoding=\"async\" width=\"641\" height=\"1020\" src=\"https:\/\/liipetti.net\/saaramesterton\/wp-content\/uploads\/2023\/01\/Kes\u00e4muistoPIENI_DSC06633.png\" alt=\"\" class=\"wp-image-1193\" srcset=\"https:\/\/liipetti.net\/saaramesterton\/wp-content\/uploads\/2023\/01\/Kes\u00e4muistoPIENI_DSC06633.png 641w, https:\/\/liipetti.net\/saaramesterton\/wp-content\/uploads\/2023\/01\/Kes\u00e4muistoPIENI_DSC06633-189x300.png 189w, https:\/\/liipetti.net\/saaramesterton\/wp-content\/uploads\/2023\/01\/Kes\u00e4muistoPIENI_DSC06633-624x993.png 624w\" sizes=\"auto, (max-width: 641px) 100vw, 641px\" \/><\/figure>\n\n\n\n<p>Kes\u00e4muisto 2022, \u00f6ljyv\u00e4ri kankaalle 100 cm x 64 cm<\/p>\n\n\n\n<figure class=\"wp-block-image\"><img loading=\"lazy\" decoding=\"async\" width=\"630\" height=\"1024\" src=\"https:\/\/liipetti.net\/saaramesterton\/wp-content\/uploads\/2025\/11\/SyksynSumu_leikattu_Pieni-630x1024.png\" alt=\"\" class=\"wp-image-1542\" srcset=\"https:\/\/liipetti.net\/saaramesterton\/wp-content\/uploads\/2025\/11\/SyksynSumu_leikattu_Pieni-630x1024.png 630w, https:\/\/liipetti.net\/saaramesterton\/wp-content\/uploads\/2025\/11\/SyksynSumu_leikattu_Pieni-185x300.png 185w, https:\/\/liipetti.net\/saaramesterton\/wp-content\/uploads\/2025\/11\/SyksynSumu_leikattu_Pieni-768x1248.png 768w, https:\/\/liipetti.net\/saaramesterton\/wp-content\/uploads\/2025\/11\/SyksynSumu_leikattu_Pieni-624x1014.png 624w, https:\/\/liipetti.net\/saaramesterton\/wp-content\/uploads\/2025\/11\/SyksynSumu_leikattu_Pieni.png 1300w\" sizes=\"auto, (max-width: 630px) 100vw, 630px\" \/><\/figure>\n\n\n\n<p class=\"has-text-align-left\">Syksyn sumu 2025, \u00f6ljyv\u00e4ri kankaalle 100 cm x 64 cm<\/p>\n\n\n\n<figure class=\"wp-block-image\"><img loading=\"lazy\" decoding=\"async\" width=\"656\" height=\"1024\" src=\"http:\/\/liipetti.net\/saaramesterton\/wp-content\/uploads\/2023\/01\/Syksy2pieni_DSC06690-656x1024.jpg\" alt=\"\" class=\"wp-image-1189\" srcset=\"https:\/\/liipetti.net\/saaramesterton\/wp-content\/uploads\/2023\/01\/Syksy2pieni_DSC06690.jpg 656w, https:\/\/liipetti.net\/saaramesterton\/wp-content\/uploads\/2023\/01\/Syksy2pieni_DSC06690-192x300.jpg 192w, https:\/\/liipetti.net\/saaramesterton\/wp-content\/uploads\/2023\/01\/Syksy2pieni_DSC06690-624x974.jpg 624w\" sizes=\"auto, (max-width: 656px) 100vw, 656px\" \/><\/figure>\n\n\n\n<p>Syksyn muta 2023, \u00f6ljyv\u00e4ri kankaalle 100 cm x 64 cm<\/p>\n\n\n\n<figure class=\"wp-block-image\"><img loading=\"lazy\" decoding=\"async\" width=\"638\" height=\"1020\" src=\"https:\/\/liipetti.net\/saaramesterton\/wp-content\/uploads\/2023\/01\/syksy1_DSC06628.PIENI_.png\" alt=\"\" class=\"wp-image-1192\" srcset=\"https:\/\/liipetti.net\/saaramesterton\/wp-content\/uploads\/2023\/01\/syksy1_DSC06628.PIENI_.png 638w, https:\/\/liipetti.net\/saaramesterton\/wp-content\/uploads\/2023\/01\/syksy1_DSC06628.PIENI_-188x300.png 188w, https:\/\/liipetti.net\/saaramesterton\/wp-content\/uploads\/2023\/01\/syksy1_DSC06628.PIENI_-624x998.png 624w\" sizes=\"auto, (max-width: 638px) 100vw, 638px\" \/><\/figure>\n\n\n\n<p>Syksy 2022, \u00f6ljyv\u00e4ri kankaalle 100 cm x 64 cm<\/p>\n\n\n\n<figure class=\"wp-block-image\"><img loading=\"lazy\" decoding=\"async\" width=\"628\" height=\"1020\" src=\"http:\/\/liipetti.net\/saaramesterton\/wp-content\/uploads\/2023\/05\/Talvi_WinterPIENI.png\" alt=\"\" class=\"wp-image-1228\" srcset=\"https:\/\/liipetti.net\/saaramesterton\/wp-content\/uploads\/2023\/05\/Talvi_WinterPIENI.png 628w, https:\/\/liipetti.net\/saaramesterton\/wp-content\/uploads\/2023\/05\/Talvi_WinterPIENI-185x300.png 185w, https:\/\/liipetti.net\/saaramesterton\/wp-content\/uploads\/2023\/05\/Talvi_WinterPIENI-624x1014.png 624w\" sizes=\"auto, (max-width: 628px) 100vw, 628px\" \/><\/figure>\n\n\n\n<p class=\"has-text-align-left\">Talvi 2023, \u00f6ljyv\u00e4ri kankaalle 100 cm x 64 cm<\/p>\n\n\n\n<figure class=\"wp-block-image\"><img loading=\"lazy\" decoding=\"async\" width=\"627\" height=\"1020\" src=\"http:\/\/liipetti.net\/saaramesterton\/wp-content\/uploads\/2023\/05\/Talven_valoPIENI.png\" alt=\"\" class=\"wp-image-1227\" srcset=\"https:\/\/liipetti.net\/saaramesterton\/wp-content\/uploads\/2023\/05\/Talven_valoPIENI.png 627w, https:\/\/liipetti.net\/saaramesterton\/wp-content\/uploads\/2023\/05\/Talven_valoPIENI-184x300.png 184w, https:\/\/liipetti.net\/saaramesterton\/wp-content\/uploads\/2023\/05\/Talven_valoPIENI-624x1015.png 624w\" sizes=\"auto, (max-width: 627px) 100vw, 627px\" \/><\/figure>\n\n\n\n<p class=\"has-text-align-left\">Talven valo 2023, \u00f6ljyv\u00e4ri kankaalle 100 cm x 64 cm<\/p>\n\n\n\n<figure class=\"wp-block-image\"><img loading=\"lazy\" decoding=\"async\" width=\"625\" height=\"1020\" src=\"http:\/\/liipetti.net\/saaramesterton\/wp-content\/uploads\/2024\/06\/Talvisuojasaa_PIENI.png\" alt=\"\" class=\"wp-image-1434\" srcset=\"https:\/\/liipetti.net\/saaramesterton\/wp-content\/uploads\/2024\/06\/Talvisuojasaa_PIENI.png 625w, https:\/\/liipetti.net\/saaramesterton\/wp-content\/uploads\/2024\/06\/Talvisuojasaa_PIENI-184x300.png 184w, https:\/\/liipetti.net\/saaramesterton\/wp-content\/uploads\/2024\/06\/Talvisuojasaa_PIENI-624x1018.png 624w\" sizes=\"auto, (max-width: 625px) 100vw, 625px\" \/><\/figure>\n\n\n\n<p>Talven suojas\u00e4\u00e4 2024, \u00f6ljyv\u00e4ri kankaalle 100 x 64 cm<br><\/p>\n\n\n\n<figure class=\"wp-block-embed is-type-video is-provider-vimeo wp-block-embed-vimeo wp-embed-aspect-1-1 wp-has-aspect-ratio maxw640\"><div class=\"wp-block-embed__wrapper\">\n<iframe loading=\"lazy\" title=\"Kev\u00e4t no 1\" src=\"https:\/\/player.vimeo.com\/video\/833353448?dnt=1&amp;app_id=122963\" width=\"625\" height=\"625\" frameborder=\"0\" allow=\"autoplay; fullscreen; picture-in-picture; clipboard-write; encrypted-media; web-share\" referrerpolicy=\"strict-origin-when-cross-origin\"><\/iframe>\n<\/div><\/figure>\n\n\n\n<p>Kev\u00e4t No 1, akryyliv\u00e4ri ja pigmenttivedos puulle 20 x 11,5 x 11,5 cm<\/p>\n\n\n\n<figure class=\"wp-block-embed is-type-video is-provider-vimeo wp-block-embed-vimeo wp-embed-aspect-1-1 wp-has-aspect-ratio maxw640\"><div class=\"wp-block-embed__wrapper\">\n<iframe loading=\"lazy\" title=\"Kes\u00e4n varjoja no 2\" src=\"https:\/\/player.vimeo.com\/video\/833353350?h=332a324d8b&amp;dnt=1&amp;app_id=122963\" width=\"625\" height=\"625\" frameborder=\"0\" allow=\"autoplay; fullscreen; picture-in-picture; clipboard-write; encrypted-media; web-share\" referrerpolicy=\"strict-origin-when-cross-origin\"><\/iframe>\n<\/div><\/figure>\n\n\n\n<p>Kes\u00e4n varjoja No 2, akryyliv\u00e4ri pigmenttivedos puulle 20 x 11,5 x 11,5 cm<\/p>\n\n\n\n<figure class=\"wp-block-embed is-type-video is-provider-vimeo wp-block-embed-vimeo wp-embed-aspect-1-1 wp-has-aspect-ratio maxw640\"><div class=\"wp-block-embed__wrapper\">\n<iframe loading=\"lazy\" title=\"Kes\u00e4n varjoja no 3\" src=\"https:\/\/player.vimeo.com\/video\/833353401?h=4f2c5447a8&amp;dnt=1&amp;app_id=122963\" width=\"625\" height=\"625\" frameborder=\"0\" allow=\"autoplay; fullscreen; picture-in-picture; clipboard-write; encrypted-media; web-share\" referrerpolicy=\"strict-origin-when-cross-origin\"><\/iframe>\n<\/div><\/figure>\n\n\n\n<p>Kes\u00e4nvarjoja  No 3, akryyliv\u00e4ri ja pigmenttivedos puulle 20 x 11,5 x 11,5 cm<\/p>\n\n\n\n<figure class=\"wp-block-embed is-type-video is-provider-vimeo wp-block-embed-vimeo wp-embed-aspect-1-1 wp-has-aspect-ratio maxw640\"><div class=\"wp-block-embed__wrapper\">\n<iframe loading=\"lazy\" title=\"Syksyn muta no 2\" src=\"https:\/\/player.vimeo.com\/video\/833353548?h=e1ee8a7467&amp;dnt=1&amp;app_id=122963\" width=\"625\" height=\"625\" frameborder=\"0\" allow=\"autoplay; fullscreen; picture-in-picture; clipboard-write; encrypted-media; web-share\" referrerpolicy=\"strict-origin-when-cross-origin\"><\/iframe>\n<\/div><\/figure>\n\n\n\n<p>Syksyn muta No 2, akryyliv\u00e4ri ja pigmenttivedos puulle 20 x 11,5 x 11,5 cm<\/p>\n\n\n\n<figure class=\"wp-block-embed is-type-video is-provider-vimeo wp-block-embed-vimeo wp-embed-aspect-1-1 wp-has-aspect-ratio maxw640\"><div class=\"wp-block-embed__wrapper\">\n<iframe loading=\"lazy\" title=\"Syksy no1\" src=\"https:\/\/player.vimeo.com\/video\/833353596?dnt=1&amp;app_id=122963\" width=\"625\" height=\"625\" frameborder=\"0\" allow=\"autoplay; fullscreen; picture-in-picture; clipboard-write; encrypted-media; web-share\" referrerpolicy=\"strict-origin-when-cross-origin\"><\/iframe>\n<\/div><\/figure>\n\n\n\n<p>Syksy No 1, akryyliv\u00e4ri ja pigmenttivedos puulle 20 x 11,5 x 11,5 cm<\/p>\n\n\n\n<figure class=\"wp-block-embed is-type-video is-provider-vimeo wp-block-embed-vimeo wp-embed-aspect-1-1 wp-has-aspect-ratio maxw640\"><div class=\"wp-block-embed__wrapper\">\n<iframe loading=\"lazy\" title=\"Syksy no 2\" src=\"https:\/\/player.vimeo.com\/video\/833353644?h=19573a923e&amp;dnt=1&amp;app_id=122963\" width=\"625\" height=\"625\" frameborder=\"0\" allow=\"autoplay; fullscreen; picture-in-picture; clipboard-write; encrypted-media; web-share\" referrerpolicy=\"strict-origin-when-cross-origin\"><\/iframe>\n<\/div><\/figure>\n\n\n\n<p>Syksy No 2, akryyliv\u00e4ri ja pigmenttivedos puulle 20 x 11,5 x 11,5 cm<\/p>\n\n\n\n<figure class=\"wp-block-image is-resized\"><img loading=\"lazy\" decoding=\"async\" width=\"1024\" height=\"1024\" src=\"http:\/\/liipetti.net\/saaramesterton\/wp-content\/uploads\/2024\/08\/Talvi-1024x1024.png\" alt=\"\" class=\"wp-image-1446\" style=\"width:393px;height:393px\" srcset=\"https:\/\/liipetti.net\/saaramesterton\/wp-content\/uploads\/2024\/08\/Talvi-1024x1024.png 1024w, https:\/\/liipetti.net\/saaramesterton\/wp-content\/uploads\/2024\/08\/Talvi-150x150.png 150w, https:\/\/liipetti.net\/saaramesterton\/wp-content\/uploads\/2024\/08\/Talvi-300x300.png 300w, https:\/\/liipetti.net\/saaramesterton\/wp-content\/uploads\/2024\/08\/Talvi-768x768.png 768w, https:\/\/liipetti.net\/saaramesterton\/wp-content\/uploads\/2024\/08\/Talvi-624x624.png 624w\" sizes=\"auto, (max-width: 1024px) 100vw, 1024px\" \/><\/figure>\n\n\n\n<p>Ty\u00f6huoneella 2023<\/p>\n\n\n\n<p><a href=\"http:\/\/liipetti.net\/saaramesterton\/?page_id=816\">Takaisin galleriaan<\/a><\/p>\n","protected":false},"excerpt":{"rendered":"<p>Vuodenaika-maalaukset ovat havaintoja ja muistiinpanoja vuodenaikojen v\u00e4reist\u00e4. Kustakin vuodenajasta on kolme erilaista maalausta. Ne ovat my\u00f6s tasapainoharjoituksia sodan, ilmastokriisin ja nykyisen maailmanajan tuomaan ahdistukseen.Miniatyyriteoksissa on pigmenttivedoksena maalaus ja variaatio. Takaisin galleriaan Kev\u00e4ttuuli 2025, \u00f6ljyv\u00e4ri kankaalle 100 cm x 64 cm Kev\u00e4t ja kuusi 2024, \u00f6ljyv\u00e4ri kankaalle 100 x 64 cm Alkukev\u00e4t 2022, \u00f6ljyv\u00e4ri kankaalle 100 [&hellip;]<\/p>\n","protected":false},"author":1,"featured_media":0,"parent":0,"menu_order":0,"comment_status":"closed","ping_status":"closed","template":"","meta":{"footnotes":""},"class_list":["post-1121","page","type-page","status-publish","hentry"],"_links":{"self":[{"href":"https:\/\/liipetti.net\/saaramesterton\/index.php?rest_route=\/wp\/v2\/pages\/1121","targetHints":{"allow":["GET"]}}],"collection":[{"href":"https:\/\/liipetti.net\/saaramesterton\/index.php?rest_route=\/wp\/v2\/pages"}],"about":[{"href":"https:\/\/liipetti.net\/saaramesterton\/index.php?rest_route=\/wp\/v2\/types\/page"}],"author":[{"embeddable":true,"href":"https:\/\/liipetti.net\/saaramesterton\/index.php?rest_route=\/wp\/v2\/users\/1"}],"replies":[{"embeddable":true,"href":"https:\/\/liipetti.net\/saaramesterton\/index.php?rest_route=%2Fwp%2Fv2%2Fcomments&post=1121"}],"version-history":[{"count":117,"href":"https:\/\/liipetti.net\/saaramesterton\/index.php?rest_route=\/wp\/v2\/pages\/1121\/revisions"}],"predecessor-version":[{"id":1649,"href":"https:\/\/liipetti.net\/saaramesterton\/index.php?rest_route=\/wp\/v2\/pages\/1121\/revisions\/1649"}],"wp:attachment":[{"href":"https:\/\/liipetti.net\/saaramesterton\/index.php?rest_route=%2Fwp%2Fv2%2Fmedia&parent=1121"}],"curies":[{"name":"wp","href":"https:\/\/api.w.org\/{rel}","templated":true}]}}