{"id":1355,"date":"2023-08-28T17:08:54","date_gmt":"2023-08-28T14:08:54","guid":{"rendered":"http:\/\/liipetti.net\/saaramesterton\/?page_id=1355"},"modified":"2026-03-27T07:52:51","modified_gmt":"2026-03-27T05:52:51","slug":"taivaanrantaan-pitka-matka-2002","status":"publish","type":"page","link":"https:\/\/liipetti.net\/saaramesterton\/?page_id=1355","title":{"rendered":"Taivaanrantaan pitk\u00e4 matka 2002"},"content":{"rendered":"\n<p><a href=\"http:\/\/liipetti.net\/saaramesterton\/?page_id=816\">Takaisin galleriaan<\/a><\/p>\n\n\n\n<p>Teoskokonaisuuden &#8217;Taivaanrantaan pitk\u00e4 matka&#8217; l\u00e4ht\u00f6kohtana on ollut kiinalaisen Li Pon (701-762) runot, suomentanut Pertti Nieminen 1992.<\/p>\n\n\n\n<figure class=\"wp-block-image\"><img loading=\"lazy\" decoding=\"async\" width=\"1024\" height=\"443\" src=\"http:\/\/liipetti.net\/saaramesterton\/wp-content\/uploads\/2023\/08\/Rajattu_kaikki_pieni-1024x443.jpg\" alt=\"\" class=\"wp-image-1348\" srcset=\"https:\/\/liipetti.net\/saaramesterton\/wp-content\/uploads\/2023\/08\/Rajattu_kaikki_pieni-1024x443.jpg 1024w, https:\/\/liipetti.net\/saaramesterton\/wp-content\/uploads\/2023\/08\/Rajattu_kaikki_pieni-300x130.jpg 300w, https:\/\/liipetti.net\/saaramesterton\/wp-content\/uploads\/2023\/08\/Rajattu_kaikki_pieni-768x332.jpg 768w, https:\/\/liipetti.net\/saaramesterton\/wp-content\/uploads\/2023\/08\/Rajattu_kaikki_pieni-624x270.jpg 624w, https:\/\/liipetti.net\/saaramesterton\/wp-content\/uploads\/2023\/08\/Rajattu_kaikki_pieni.jpg 2048w\" sizes=\"auto, (max-width: 1024px) 100vw, 1024px\" \/><figcaption class=\"wp-element-caption\">Taivaanrantaan pitk\u00e4 matka 2002,  <em>\u00f6ljyv\u00e4rimaalaus 57 x 420 cm<\/em><br>Viestej\u00e4 et\u00e4\u00e4lle; kukkia 2002,garborundumgrafiikkaa 42 x 50 cm<br>Noitavuori 1 ja 2 2002, garborundumgrafiikkaa 42 x 50 cm<br>Viestej\u00e4 et\u00e4\u00e4lle; mustat pilvet 2002, garborundumgrafiikkaa 42 x 50 cm<\/figcaption><\/figure>\n\n\n\n<figure class=\"wp-block-image\"><img loading=\"lazy\" decoding=\"async\" width=\"1024\" height=\"683\" src=\"http:\/\/liipetti.net\/saaramesterton\/wp-content\/uploads\/2023\/08\/noitavuori_pieni-1024x683.jpeg\" alt=\"\" class=\"wp-image-1349\" srcset=\"https:\/\/liipetti.net\/saaramesterton\/wp-content\/uploads\/2023\/08\/noitavuori_pieni-1024x683.jpeg 1024w, https:\/\/liipetti.net\/saaramesterton\/wp-content\/uploads\/2023\/08\/noitavuori_pieni-300x200.jpeg 300w, https:\/\/liipetti.net\/saaramesterton\/wp-content\/uploads\/2023\/08\/noitavuori_pieni-768x512.jpeg 768w, https:\/\/liipetti.net\/saaramesterton\/wp-content\/uploads\/2023\/08\/noitavuori_pieni-624x416.jpeg 624w, https:\/\/liipetti.net\/saaramesterton\/wp-content\/uploads\/2023\/08\/noitavuori_pieni.jpeg 2048w\" sizes=\"auto, (max-width: 1024px) 100vw, 1024px\" \/><figcaption class=\"wp-element-caption\">Taivaanrantaan pitk\u00e4 matka, \u00f6ljyv\u00e4rimaalaus yksityiskohta<br>Noitavuori 1 ja 2, garborundumgrafiikka 42 x 50 cm<\/figcaption><\/figure>\n\n\n\n<figure class=\"wp-block-image\"><img loading=\"lazy\" decoding=\"async\" width=\"1024\" height=\"768\" src=\"http:\/\/liipetti.net\/saaramesterton\/wp-content\/uploads\/2023\/08\/maalaus_ykstyiskohta_pieni-1024x768.jpg\" alt=\"\" class=\"wp-image-1350\" srcset=\"https:\/\/liipetti.net\/saaramesterton\/wp-content\/uploads\/2023\/08\/maalaus_ykstyiskohta_pieni-1024x768.jpg 1024w, https:\/\/liipetti.net\/saaramesterton\/wp-content\/uploads\/2023\/08\/maalaus_ykstyiskohta_pieni-300x225.jpg 300w, https:\/\/liipetti.net\/saaramesterton\/wp-content\/uploads\/2023\/08\/maalaus_ykstyiskohta_pieni-768x576.jpg 768w, https:\/\/liipetti.net\/saaramesterton\/wp-content\/uploads\/2023\/08\/maalaus_ykstyiskohta_pieni-624x468.jpg 624w, https:\/\/liipetti.net\/saaramesterton\/wp-content\/uploads\/2023\/08\/maalaus_ykstyiskohta_pieni.jpg 2048w\" sizes=\"auto, (max-width: 1024px) 100vw, 1024px\" \/><figcaption class=\"wp-element-caption\">Taivaanrantaan pitk\u00e4 matka, yksityiskohta<\/figcaption><\/figure>\n\n\n\n<figure class=\"wp-block-image\"><img loading=\"lazy\" decoding=\"async\" width=\"1024\" height=\"607\" src=\"http:\/\/liipetti.net\/saaramesterton\/wp-content\/uploads\/2023\/08\/Rajattu_yksityiskohta_pieni-1024x607.jpg\" alt=\"\" class=\"wp-image-1347\" srcset=\"https:\/\/liipetti.net\/saaramesterton\/wp-content\/uploads\/2023\/08\/Rajattu_yksityiskohta_pieni-1024x607.jpg 1024w, https:\/\/liipetti.net\/saaramesterton\/wp-content\/uploads\/2023\/08\/Rajattu_yksityiskohta_pieni-300x178.jpg 300w, https:\/\/liipetti.net\/saaramesterton\/wp-content\/uploads\/2023\/08\/Rajattu_yksityiskohta_pieni-768x455.jpg 768w, https:\/\/liipetti.net\/saaramesterton\/wp-content\/uploads\/2023\/08\/Rajattu_yksityiskohta_pieni-624x370.jpg 624w, https:\/\/liipetti.net\/saaramesterton\/wp-content\/uploads\/2023\/08\/Rajattu_yksityiskohta_pieni.jpg 2048w\" sizes=\"auto, (max-width: 1024px) 100vw, 1024px\" \/><figcaption class=\"wp-element-caption\">Taivaanrantaan pitk\u00e4 matka, yksityiskohta<\/figcaption><\/figure>\n\n\n\n<figure class=\"wp-block-image\"><img loading=\"lazy\" decoding=\"async\" width=\"1024\" height=\"768\" src=\"http:\/\/liipetti.net\/saaramesterton\/wp-content\/uploads\/2023\/08\/kukkia_pieni-1024x768.jpg\" alt=\"\" class=\"wp-image-1353\" srcset=\"https:\/\/liipetti.net\/saaramesterton\/wp-content\/uploads\/2023\/08\/kukkia_pieni-1024x768.jpg 1024w, https:\/\/liipetti.net\/saaramesterton\/wp-content\/uploads\/2023\/08\/kukkia_pieni-300x225.jpg 300w, https:\/\/liipetti.net\/saaramesterton\/wp-content\/uploads\/2023\/08\/kukkia_pieni-768x576.jpg 768w, https:\/\/liipetti.net\/saaramesterton\/wp-content\/uploads\/2023\/08\/kukkia_pieni-624x468.jpg 624w, https:\/\/liipetti.net\/saaramesterton\/wp-content\/uploads\/2023\/08\/kukkia_pieni.jpg 2048w\" sizes=\"auto, (max-width: 1024px) 100vw, 1024px\" \/><figcaption class=\"wp-element-caption\">Viestej\u00e4 et\u00e4\u00e4lle; kukkia 2002 garborumdumgrafiikka 42 x 50 cm<br><\/figcaption><\/figure>\n\n\n\n<figure class=\"wp-block-image\"><img loading=\"lazy\" decoding=\"async\" width=\"1024\" height=\"952\" src=\"http:\/\/liipetti.net\/saaramesterton\/wp-content\/uploads\/2023\/08\/tummatPilvet_pieni-1024x952.png\" alt=\"\" class=\"wp-image-1369\" srcset=\"https:\/\/liipetti.net\/saaramesterton\/wp-content\/uploads\/2023\/08\/tummatPilvet_pieni-1024x952.png 1024w, https:\/\/liipetti.net\/saaramesterton\/wp-content\/uploads\/2023\/08\/tummatPilvet_pieni-300x279.png 300w, https:\/\/liipetti.net\/saaramesterton\/wp-content\/uploads\/2023\/08\/tummatPilvet_pieni-768x714.png 768w, https:\/\/liipetti.net\/saaramesterton\/wp-content\/uploads\/2023\/08\/tummatPilvet_pieni-624x580.png 624w, https:\/\/liipetti.net\/saaramesterton\/wp-content\/uploads\/2023\/08\/tummatPilvet_pieni.png 1631w\" sizes=\"auto, (max-width: 1024px) 100vw, 1024px\" \/><figcaption class=\"wp-element-caption\">Viestej\u00e4 et\u00e4\u00e4lle; tummat pilvet 2002, garborumdumgrafiikka 42 x 50 cm<br><\/figcaption><\/figure>\n\n\n\n<figure class=\"wp-block-image\"><img loading=\"lazy\" decoding=\"async\" width=\"1024\" height=\"584\" src=\"http:\/\/liipetti.net\/saaramesterton\/wp-content\/uploads\/2023\/08\/Takaap\u00e4in_pieni-1024x584.png\" alt=\"\" class=\"wp-image-1352\" srcset=\"https:\/\/liipetti.net\/saaramesterton\/wp-content\/uploads\/2023\/08\/Takaap\u00e4in_pieni-1024x584.png 1024w, https:\/\/liipetti.net\/saaramesterton\/wp-content\/uploads\/2023\/08\/Takaap\u00e4in_pieni-300x171.png 300w, https:\/\/liipetti.net\/saaramesterton\/wp-content\/uploads\/2023\/08\/Takaap\u00e4in_pieni-768x438.png 768w, https:\/\/liipetti.net\/saaramesterton\/wp-content\/uploads\/2023\/08\/Takaap\u00e4in_pieni-624x356.png 624w, https:\/\/liipetti.net\/saaramesterton\/wp-content\/uploads\/2023\/08\/Takaap\u00e4in_pieni.png 2048w\" sizes=\"auto, (max-width: 1024px) 100vw, 1024px\" \/><figcaption class=\"wp-element-caption\">Teos kuvattu Sipoon Pesula Galleriassa elokuussa 2023<\/figcaption><\/figure>\n\n\n\n<figure class=\"wp-block-image\"><img loading=\"lazy\" decoding=\"async\" width=\"1024\" height=\"683\" src=\"http:\/\/liipetti.net\/saaramesterton\/wp-content\/uploads\/2023\/08\/Polvillaan_pieni-1024x683.jpg\" alt=\"\" class=\"wp-image-1351\" srcset=\"https:\/\/liipetti.net\/saaramesterton\/wp-content\/uploads\/2023\/08\/Polvillaan_pieni-1024x683.jpg 1024w, https:\/\/liipetti.net\/saaramesterton\/wp-content\/uploads\/2023\/08\/Polvillaan_pieni-300x200.jpg 300w, https:\/\/liipetti.net\/saaramesterton\/wp-content\/uploads\/2023\/08\/Polvillaan_pieni-768x512.jpg 768w, https:\/\/liipetti.net\/saaramesterton\/wp-content\/uploads\/2023\/08\/Polvillaan_pieni-624x416.jpg 624w, https:\/\/liipetti.net\/saaramesterton\/wp-content\/uploads\/2023\/08\/Polvillaan_pieni.jpg 2048w\" sizes=\"auto, (max-width: 1024px) 100vw, 1024px\" \/><figcaption class=\"wp-element-caption\">Teos kuvattu Sipoon Pesula Galleriassa elokuussa 2023<\/figcaption><\/figure>\n\n\n\n<p><a href=\"http:\/\/liipetti.net\/saaramesterton\/?page_id=816\">Takaisin galleriaan<\/a><\/p>\n","protected":false},"excerpt":{"rendered":"<p>Takaisin galleriaan Teoskokonaisuuden &#8217;Taivaanrantaan pitk\u00e4 matka&#8217; l\u00e4ht\u00f6kohtana on ollut kiinalaisen Li Pon (701-762) runot, suomentanut Pertti Nieminen 1992. Takaisin galleriaan<\/p>\n","protected":false},"author":1,"featured_media":0,"parent":0,"menu_order":0,"comment_status":"closed","ping_status":"closed","template":"","meta":{"footnotes":""},"class_list":["post-1355","page","type-page","status-publish","hentry"],"_links":{"self":[{"href":"https:\/\/liipetti.net\/saaramesterton\/index.php?rest_route=\/wp\/v2\/pages\/1355","targetHints":{"allow":["GET"]}}],"collection":[{"href":"https:\/\/liipetti.net\/saaramesterton\/index.php?rest_route=\/wp\/v2\/pages"}],"about":[{"href":"https:\/\/liipetti.net\/saaramesterton\/index.php?rest_route=\/wp\/v2\/types\/page"}],"author":[{"embeddable":true,"href":"https:\/\/liipetti.net\/saaramesterton\/index.php?rest_route=\/wp\/v2\/users\/1"}],"replies":[{"embeddable":true,"href":"https:\/\/liipetti.net\/saaramesterton\/index.php?rest_route=%2Fwp%2Fv2%2Fcomments&post=1355"}],"version-history":[{"count":14,"href":"https:\/\/liipetti.net\/saaramesterton\/index.php?rest_route=\/wp\/v2\/pages\/1355\/revisions"}],"predecessor-version":[{"id":1656,"href":"https:\/\/liipetti.net\/saaramesterton\/index.php?rest_route=\/wp\/v2\/pages\/1355\/revisions\/1656"}],"wp:attachment":[{"href":"https:\/\/liipetti.net\/saaramesterton\/index.php?rest_route=%2Fwp%2Fv2%2Fmedia&parent=1355"}],"curies":[{"name":"wp","href":"https:\/\/api.w.org\/{rel}","templated":true}]}}