{"id":1481,"date":"2024-10-21T14:26:11","date_gmt":"2024-10-21T11:26:11","guid":{"rendered":"https:\/\/liipetti.net\/saaramesterton\/?page_id=1481"},"modified":"2026-03-21T07:29:16","modified_gmt":"2026-03-21T05:29:16","slug":"vareja-ja-suhteita","status":"publish","type":"page","link":"https:\/\/liipetti.net\/saaramesterton\/?page_id=1481","title":{"rendered":"V\u00e4rej\u00e4 ja suhteita 2023-2024"},"content":{"rendered":"\n<p>N\u00e4iss\u00e4 teoksissa olen yhdist\u00e4nyt \u00f6ljyv\u00e4rimaalauksiini kuvia, jotka ovat syntyneet kuvataiteilija, tutkija Hannu T\u00f6yryl\u00e4n kehitt\u00e4mill\u00e4 ty\u00f6kaluilla. Monimerkitykselliset kuvat yhdistyv\u00e4t osaksi abstrakteja maalauksiani ja tuovat kokonaisuuteen kerronnallisen elementin.<\/p>\n\n\n\n<p><a href=\"http:\/\/liipetti.net\/saaramesterton\/?page_id=816\">Takaisin galleriaan\ufeff<\/a><\/p>\n\n\n\n<figure class=\"wp-block-image\"><img loading=\"lazy\" decoding=\"async\" width=\"1024\" height=\"476\" src=\"https:\/\/liipetti.net\/saaramesterton\/wp-content\/uploads\/2024\/10\/Saara_Mesterton_Menetetty_arvoPIENI-1024x476.jpg\" alt=\"\" class=\"wp-image-1476\" srcset=\"https:\/\/liipetti.net\/saaramesterton\/wp-content\/uploads\/2024\/10\/Saara_Mesterton_Menetetty_arvoPIENI-1024x476.jpg 1024w, https:\/\/liipetti.net\/saaramesterton\/wp-content\/uploads\/2024\/10\/Saara_Mesterton_Menetetty_arvoPIENI-300x139.jpg 300w, https:\/\/liipetti.net\/saaramesterton\/wp-content\/uploads\/2024\/10\/Saara_Mesterton_Menetetty_arvoPIENI-768x357.jpg 768w, https:\/\/liipetti.net\/saaramesterton\/wp-content\/uploads\/2024\/10\/Saara_Mesterton_Menetetty_arvoPIENI-624x290.jpg 624w\" sizes=\"auto, (max-width: 1024px) 100vw, 1024px\" \/><figcaption class=\"wp-element-caption\">Menetetty arvo 2023, \u00f6ljyv\u00e4rimaalaus ja pigmenttivedos kankaalle 100 x 300 cm ja 40 x 120 cm<br><\/figcaption><\/figure>\n\n\n\n<p><strong>Menetetty arvo<\/strong> pohtii kuinka aika on armoton tuomari. Suurella todenn\u00e4k\u00f6isyydell\u00e4 monet t\u00e4m\u00e4n hetken ihanteista, arvostuksista, k\u00e4yt\u00e4nn\u00f6ist\u00e4, politiikasta, tutkimus tuloksista jne kokevat tulevaisuudessa arvon menetyksen.<br><\/p>\n\n\n\n<figure class=\"wp-block-image\"><img loading=\"lazy\" decoding=\"async\" width=\"1024\" height=\"458\" src=\"https:\/\/liipetti.net\/saaramesterton\/wp-content\/uploads\/2024\/10\/Saara_Mesterton_Perint\u00f6-kopio-1024x458.jpg\" alt=\"\" class=\"wp-image-1475\" srcset=\"https:\/\/liipetti.net\/saaramesterton\/wp-content\/uploads\/2024\/10\/Saara_Mesterton_Perint\u00f6-kopio-1024x458.jpg 1024w, https:\/\/liipetti.net\/saaramesterton\/wp-content\/uploads\/2024\/10\/Saara_Mesterton_Perint\u00f6-kopio-300x134.jpg 300w, https:\/\/liipetti.net\/saaramesterton\/wp-content\/uploads\/2024\/10\/Saara_Mesterton_Perint\u00f6-kopio-768x343.jpg 768w, https:\/\/liipetti.net\/saaramesterton\/wp-content\/uploads\/2024\/10\/Saara_Mesterton_Perint\u00f6-kopio-624x279.jpg 624w\" sizes=\"auto, (max-width: 1024px) 100vw, 1024px\" \/><figcaption class=\"wp-element-caption\">Perint\u00f6 2024, \u00f6ljyv\u00e4rimaalaus ja pigmenttivedos kankaalle 100 x 300 cm ja 40 x 120 cm<br><\/figcaption><\/figure>\n\n\n\n<p><strong>\ufeffPerint\u00f6<\/strong> k\u00e4sittelee aikaisempien sukupolvien j\u00e4tt\u00e4m\u00e4\u00e4 perint\u00f6\u00e4, jonka pohjalle koko el\u00e4m\u00e4mme rakentuu. Perinn\u00f6n hoitaminen vaatii kuitenkin sen kyseenalaistamista ja jatkuvaa uudelleen arviointia.<br><\/p>\n\n\n\n<figure class=\"wp-block-image\"><img loading=\"lazy\" decoding=\"async\" width=\"1024\" height=\"299\" src=\"https:\/\/liipetti.net\/saaramesterton\/wp-content\/uploads\/2024\/10\/V\u00e4rej\u00e4-ja-suhteita_Rajattu-1024x299.jpg\" alt=\"\" class=\"wp-image-1477\" srcset=\"https:\/\/liipetti.net\/saaramesterton\/wp-content\/uploads\/2024\/10\/V\u00e4rej\u00e4-ja-suhteita_Rajattu-1024x299.jpg 1024w, https:\/\/liipetti.net\/saaramesterton\/wp-content\/uploads\/2024\/10\/V\u00e4rej\u00e4-ja-suhteita_Rajattu-300x88.jpg 300w, https:\/\/liipetti.net\/saaramesterton\/wp-content\/uploads\/2024\/10\/V\u00e4rej\u00e4-ja-suhteita_Rajattu-768x224.jpg 768w, https:\/\/liipetti.net\/saaramesterton\/wp-content\/uploads\/2024\/10\/V\u00e4rej\u00e4-ja-suhteita_Rajattu-624x182.jpg 624w\" sizes=\"auto, (max-width: 1024px) 100vw, 1024px\" \/><figcaption class=\"wp-element-caption\">V\u00e4rej\u00e4 ja suhteita 2024, \u00f6ljyv\u00e4rimaalaus ja pigmenttivedos vanerille 100 x 300 cm<br><\/figcaption><\/figure>\n\n\n\n<p>Lattialla lep\u00e4\u00e4v\u00e4 <strong>V\u00e4rej\u00e4 ja suhteita <\/strong>suuntaa katseen alas p\u00e4in, vaikka muutamat mustat raidat nousevat koholle maalauspinnasta. Teos on saanut vaikutteita r\u00e4symatosta, jossa vanhoista vaatteista leikatut kuteet kertovat eletyst\u00e4 el\u00e4m\u00e4st\u00e4.<\/p>\n\n\n\n<figure class=\"wp-block-image\"><img loading=\"lazy\" decoding=\"async\" width=\"1024\" height=\"800\" src=\"https:\/\/liipetti.net\/saaramesterton\/wp-content\/uploads\/2024\/10\/An_exhibition_view2-1024x800.jpg\" alt=\"\" class=\"wp-image-1479\" srcset=\"https:\/\/liipetti.net\/saaramesterton\/wp-content\/uploads\/2024\/10\/An_exhibition_view2-1024x800.jpg 1024w, https:\/\/liipetti.net\/saaramesterton\/wp-content\/uploads\/2024\/10\/An_exhibition_view2-300x234.jpg 300w, https:\/\/liipetti.net\/saaramesterton\/wp-content\/uploads\/2024\/10\/An_exhibition_view2-768x600.jpg 768w, https:\/\/liipetti.net\/saaramesterton\/wp-content\/uploads\/2024\/10\/An_exhibition_view2-624x487.jpg 624w\" sizes=\"auto, (max-width: 1024px) 100vw, 1024px\" \/><figcaption class=\"wp-element-caption\">Galleria Uusi Kipin\u00e4 2024<\/figcaption><\/figure>\n\n\n\n<figure class=\"wp-block-image\"><img loading=\"lazy\" decoding=\"async\" width=\"1024\" height=\"740\" src=\"https:\/\/liipetti.net\/saaramesterton\/wp-content\/uploads\/2024\/10\/An_exhibition_view1-1024x740.jpg\" alt=\"\" class=\"wp-image-1478\" srcset=\"https:\/\/liipetti.net\/saaramesterton\/wp-content\/uploads\/2024\/10\/An_exhibition_view1-1024x740.jpg 1024w, https:\/\/liipetti.net\/saaramesterton\/wp-content\/uploads\/2024\/10\/An_exhibition_view1-300x217.jpg 300w, https:\/\/liipetti.net\/saaramesterton\/wp-content\/uploads\/2024\/10\/An_exhibition_view1-768x555.jpg 768w, https:\/\/liipetti.net\/saaramesterton\/wp-content\/uploads\/2024\/10\/An_exhibition_view1-624x451.jpg 624w, https:\/\/liipetti.net\/saaramesterton\/wp-content\/uploads\/2024\/10\/An_exhibition_view1.jpg 1800w\" sizes=\"auto, (max-width: 1024px) 100vw, 1024px\" \/><figcaption class=\"wp-element-caption\">Galleria Uusi Kipin\u00e4 2024<\/figcaption><\/figure>\n\n\n\n<p><a href=\"http:\/\/liipetti.net\/saaramesterton\/?page_id=816\">Takaisin galleriaan\ufeff<\/a><\/p>\n","protected":false},"excerpt":{"rendered":"<p>N\u00e4iss\u00e4 teoksissa olen yhdist\u00e4nyt \u00f6ljyv\u00e4rimaalauksiini kuvia, jotka ovat syntyneet kuvataiteilija, tutkija Hannu T\u00f6yryl\u00e4n kehitt\u00e4mill\u00e4 ty\u00f6kaluilla. Monimerkitykselliset kuvat yhdistyv\u00e4t osaksi abstrakteja maalauksiani ja tuovat kokonaisuuteen kerronnallisen elementin. Takaisin galleriaan\ufeff Menetetty arvo pohtii kuinka aika on armoton tuomari. Suurella todenn\u00e4k\u00f6isyydell\u00e4 monet t\u00e4m\u00e4n hetken ihanteista, arvostuksista, k\u00e4yt\u00e4nn\u00f6ist\u00e4, politiikasta, tutkimus tuloksista jne kokevat tulevaisuudessa arvon menetyksen. \ufeffPerint\u00f6 k\u00e4sittelee aikaisempien [&hellip;]<\/p>\n","protected":false},"author":1,"featured_media":0,"parent":0,"menu_order":0,"comment_status":"closed","ping_status":"closed","template":"","meta":{"footnotes":""},"class_list":["post-1481","page","type-page","status-publish","hentry"],"_links":{"self":[{"href":"https:\/\/liipetti.net\/saaramesterton\/index.php?rest_route=\/wp\/v2\/pages\/1481","targetHints":{"allow":["GET"]}}],"collection":[{"href":"https:\/\/liipetti.net\/saaramesterton\/index.php?rest_route=\/wp\/v2\/pages"}],"about":[{"href":"https:\/\/liipetti.net\/saaramesterton\/index.php?rest_route=\/wp\/v2\/types\/page"}],"author":[{"embeddable":true,"href":"https:\/\/liipetti.net\/saaramesterton\/index.php?rest_route=\/wp\/v2\/users\/1"}],"replies":[{"embeddable":true,"href":"https:\/\/liipetti.net\/saaramesterton\/index.php?rest_route=%2Fwp%2Fv2%2Fcomments&post=1481"}],"version-history":[{"count":17,"href":"https:\/\/liipetti.net\/saaramesterton\/index.php?rest_route=\/wp\/v2\/pages\/1481\/revisions"}],"predecessor-version":[{"id":1605,"href":"https:\/\/liipetti.net\/saaramesterton\/index.php?rest_route=\/wp\/v2\/pages\/1481\/revisions\/1605"}],"wp:attachment":[{"href":"https:\/\/liipetti.net\/saaramesterton\/index.php?rest_route=%2Fwp%2Fv2%2Fmedia&parent=1481"}],"curies":[{"name":"wp","href":"https:\/\/api.w.org\/{rel}","templated":true}]}}