{"id":187,"date":"2015-10-14T17:00:08","date_gmt":"2015-10-14T14:00:08","guid":{"rendered":"http:\/\/freygish.com\/saara\/wordpress\/?page_id=187"},"modified":"2026-03-19T16:23:34","modified_gmt":"2026-03-19T14:23:34","slug":"pelikortit","status":"publish","type":"page","link":"https:\/\/liipetti.net\/saaramesterton\/?page_id=187","title":{"rendered":"Pelikortit"},"content":{"rendered":"<p><a href=\"http:\/\/liipetti.net\/saaramesterton\/?page_id=816\">Takaisin galleriaan<\/a><\/p>\n\n\n<p>&#8221; he jakoivat kesken\u00e4\u00e4n h\u00e4nen vaatteensa ja heittiv\u00e4t niist\u00e4 arpaa.&#8221; Mt 27:35<\/p>\n\n\n<div class=\"wp-block-image\">\n<figure class=\"aligncenter is-resized\"><img loading=\"lazy\" decoding=\"async\" width=\"625\" height=\"880\" src=\"http:\/\/liipetti.net\/saaramesterton\/wp-content\/uploads\/2015\/10\/Pelikortti-I-e1591722945354.jpg\" alt=\"\" class=\"wp-image-189\" style=\"aspect-ratio:0.7113636363636363;width:355px;height:auto\" srcset=\"https:\/\/liipetti.net\/saaramesterton\/wp-content\/uploads\/2015\/10\/Pelikortti-I-e1591722945354.jpg 625w, https:\/\/liipetti.net\/saaramesterton\/wp-content\/uploads\/2015\/10\/Pelikortti-I-e1591722945354-213x300.jpg 213w, https:\/\/liipetti.net\/saaramesterton\/wp-content\/uploads\/2015\/10\/Pelikortti-I-e1591722945354-624x879.jpg 624w\" sizes=\"auto, (max-width: 625px) 100vw, 625px\" \/><figcaption class=\"wp-element-caption\">Pelikortti I 1996, \u00f6ljyv\u00e4ri, serigrafia levylle, 140&#215;100 cm<\/figcaption><\/figure>\n<\/div>\n\n<div class=\"wp-block-image\">\n<figure class=\"aligncenter is-resized\"><img loading=\"lazy\" decoding=\"async\" width=\"598\" height=\"840\" src=\"http:\/\/liipetti.net\/saaramesterton\/wp-content\/uploads\/2015\/10\/Pelikortti-II-e1591722826461.jpg\" alt=\"\" class=\"wp-image-190\" style=\"width:361px;height:auto\" srcset=\"https:\/\/liipetti.net\/saaramesterton\/wp-content\/uploads\/2015\/10\/Pelikortti-II-e1591722826461.jpg 598w, https:\/\/liipetti.net\/saaramesterton\/wp-content\/uploads\/2015\/10\/Pelikortti-II-e1591722826461-214x300.jpg 214w\" sizes=\"auto, (max-width: 598px) 100vw, 598px\" \/><figcaption class=\"wp-element-caption\">Pelikortti II 1996, \u00f6ljyv\u00e4ri, serigrafia levylle 140&#215;100 cm<\/figcaption><\/figure>\n<\/div>\n\n<div class=\"wp-block-image\">\n<figure class=\"aligncenter is-resized\"><img loading=\"lazy\" decoding=\"async\" width=\"607\" height=\"845\" src=\"http:\/\/liipetti.net\/saaramesterton\/wp-content\/uploads\/2015\/10\/Pelikortti-III-e1591722702633.jpg\" alt=\"\" class=\"wp-image-191\" style=\"aspect-ratio:0.7186761229314421;width:358px;height:auto\" srcset=\"https:\/\/liipetti.net\/saaramesterton\/wp-content\/uploads\/2015\/10\/Pelikortti-III-e1591722702633.jpg 607w, https:\/\/liipetti.net\/saaramesterton\/wp-content\/uploads\/2015\/10\/Pelikortti-III-e1591722702633-216x300.jpg 216w\" sizes=\"auto, (max-width: 607px) 100vw, 607px\" \/><figcaption class=\"wp-element-caption\">Pelikortti III 1996, \u00f6ljyv\u00e4ri, serigrafia levylle, 140&#215;100 cm<\/figcaption><\/figure>\n<\/div>\n\n<div class=\"wp-block-image\">\n<figure class=\"aligncenter is-resized\"><img loading=\"lazy\" decoding=\"async\" width=\"602\" height=\"847\" src=\"http:\/\/liipetti.net\/saaramesterton\/wp-content\/uploads\/2015\/10\/Pelikortti-IV-e1591722754845.jpg\" alt=\"\" class=\"wp-image-192\" style=\"aspect-ratio:0.7099056603773585;width:365px;height:auto\" srcset=\"https:\/\/liipetti.net\/saaramesterton\/wp-content\/uploads\/2015\/10\/Pelikortti-IV-e1591722754845.jpg 602w, https:\/\/liipetti.net\/saaramesterton\/wp-content\/uploads\/2015\/10\/Pelikortti-IV-e1591722754845-213x300.jpg 213w\" sizes=\"auto, (max-width: 602px) 100vw, 602px\" \/><figcaption class=\"wp-element-caption\">Pelikortti IV 1996, \u00f6ljyv\u00e4ri, serigrafia levylle, 140&#215;100 cm<\/figcaption><\/figure>\n<\/div>\n\n<div class=\"wp-block-image\">\n<figure class=\"aligncenter is-resized\"><img loading=\"lazy\" decoding=\"async\" width=\"597\" height=\"832\" src=\"http:\/\/liipetti.net\/saaramesterton\/wp-content\/uploads\/2015\/10\/Pelikortti-V-e1591716880495.jpg\" alt=\"\" class=\"wp-image-193\" style=\"aspect-ratio:0.71875;width:365px;height:auto\" srcset=\"https:\/\/liipetti.net\/saaramesterton\/wp-content\/uploads\/2015\/10\/Pelikortti-V-e1591716880495.jpg 597w, https:\/\/liipetti.net\/saaramesterton\/wp-content\/uploads\/2015\/10\/Pelikortti-V-e1591716880495-215x300.jpg 215w\" sizes=\"auto, (max-width: 597px) 100vw, 597px\" \/><figcaption class=\"wp-element-caption\">Pelikortti V 1996, \u00f6ljyv\u00e4ri, serigrafia levylle, 140&#215;100 cm<\/figcaption><\/figure>\n<\/div>\n\n<div class=\"wp-block-image\">\n<figure class=\"aligncenter is-resized\"><img loading=\"lazy\" decoding=\"async\" width=\"581\" height=\"822\" src=\"http:\/\/liipetti.net\/saaramesterton\/wp-content\/uploads\/2015\/10\/Pelikortti-VI-e1591716762586.jpg\" alt=\"\" class=\"wp-image-194\" style=\"aspect-ratio:0.708029197080292;width:351px;height:auto\" srcset=\"https:\/\/liipetti.net\/saaramesterton\/wp-content\/uploads\/2015\/10\/Pelikortti-VI-e1591716762586.jpg 581w, https:\/\/liipetti.net\/saaramesterton\/wp-content\/uploads\/2015\/10\/Pelikortti-VI-e1591716762586-212x300.jpg 212w\" sizes=\"auto, (max-width: 581px) 100vw, 581px\" \/><figcaption class=\"wp-element-caption\">Pelikortti VI 1996, \u00f6ljyv\u00e4ri, serigrafia levylle, 140&#215;100 c<\/figcaption><\/figure>\n<\/div>\n\n\n<p style=\"text-align:center\"><a href=\"http:\/\/liipetti.net\/saaramesterton\/?page_id=816\">Takaisin galleriaan<\/a><\/p>\n","protected":false},"excerpt":{"rendered":"<p>Takaisin galleriaan &#8221; he jakoivat kesken\u00e4\u00e4n h\u00e4nen vaatteensa ja heittiv\u00e4t niist\u00e4 arpaa.&#8221; Mt 27:35<\/p>\n","protected":false},"author":1,"featured_media":0,"parent":50,"menu_order":100,"comment_status":"closed","ping_status":"open","template":"","meta":{"footnotes":""},"class_list":["post-187","page","type-page","status-publish","hentry"],"_links":{"self":[{"href":"https:\/\/liipetti.net\/saaramesterton\/index.php?rest_route=\/wp\/v2\/pages\/187","targetHints":{"allow":["GET"]}}],"collection":[{"href":"https:\/\/liipetti.net\/saaramesterton\/index.php?rest_route=\/wp\/v2\/pages"}],"about":[{"href":"https:\/\/liipetti.net\/saaramesterton\/index.php?rest_route=\/wp\/v2\/types\/page"}],"author":[{"embeddable":true,"href":"https:\/\/liipetti.net\/saaramesterton\/index.php?rest_route=\/wp\/v2\/users\/1"}],"replies":[{"embeddable":true,"href":"https:\/\/liipetti.net\/saaramesterton\/index.php?rest_route=%2Fwp%2Fv2%2Fcomments&post=187"}],"version-history":[{"count":10,"href":"https:\/\/liipetti.net\/saaramesterton\/index.php?rest_route=\/wp\/v2\/pages\/187\/revisions"}],"predecessor-version":[{"id":1599,"href":"https:\/\/liipetti.net\/saaramesterton\/index.php?rest_route=\/wp\/v2\/pages\/187\/revisions\/1599"}],"up":[{"embeddable":true,"href":"https:\/\/liipetti.net\/saaramesterton\/index.php?rest_route=\/wp\/v2\/pages\/50"}],"wp:attachment":[{"href":"https:\/\/liipetti.net\/saaramesterton\/index.php?rest_route=%2Fwp%2Fv2%2Fmedia&parent=187"}],"curies":[{"name":"wp","href":"https:\/\/api.w.org\/{rel}","templated":true}]}}