{"id":202,"date":"2015-10-14T18:31:34","date_gmt":"2015-10-14T15:31:34","guid":{"rendered":"http:\/\/freygish.com\/saara\/wordpress\/?page_id=202"},"modified":"2026-03-19T16:24:42","modified_gmt":"2026-03-19T14:24:42","slug":"ihmiset","status":"publish","type":"page","link":"https:\/\/liipetti.net\/saaramesterton\/?page_id=202","title":{"rendered":"Ihmiset"},"content":{"rendered":"<p><a href=\"http:\/\/liipetti.net\/saaramesterton\/?page_id=816\">Takaisin galleriaan<\/a><\/p>\n\n<div class=\"wp-block-image\">\n<figure class=\"aligncenter is-resized\"><img loading=\"lazy\" decoding=\"async\" width=\"842\" height=\"1000\" src=\"http:\/\/liipetti.net\/saaramesterton\/wp-content\/uploads\/2015\/10\/Meditoija.jpg\" alt=\"\" class=\"wp-image-199\" style=\"width:447px;height:auto\" srcset=\"https:\/\/liipetti.net\/saaramesterton\/wp-content\/uploads\/2015\/10\/Meditoija.jpg 842w, https:\/\/liipetti.net\/saaramesterton\/wp-content\/uploads\/2015\/10\/Meditoija-252x300.jpg 252w, https:\/\/liipetti.net\/saaramesterton\/wp-content\/uploads\/2015\/10\/Meditoija-624x741.jpg 624w\" sizes=\"auto, (max-width: 842px) 100vw, 842px\" \/><figcaption class=\"wp-element-caption\">Meditoija 1991, \u00f6ljyv\u00e4ri kankaalle, 130&#215;110 cm<\/figcaption><\/figure>\n<\/div>\n\n<div class=\"wp-block-image\">\n<figure class=\"aligncenter is-resized\"><img loading=\"lazy\" decoding=\"async\" width=\"905\" height=\"1000\" src=\"http:\/\/liipetti.net\/saaramesterton\/wp-content\/uploads\/2015\/10\/Mietiskelij\u00e4.jpg\" alt=\"\" class=\"wp-image-200\" style=\"width:453px;height:500px\" srcset=\"https:\/\/liipetti.net\/saaramesterton\/wp-content\/uploads\/2015\/10\/Mietiskelij\u00e4.jpg 905w, https:\/\/liipetti.net\/saaramesterton\/wp-content\/uploads\/2015\/10\/Mietiskelij\u00e4-271x300.jpg 271w, https:\/\/liipetti.net\/saaramesterton\/wp-content\/uploads\/2015\/10\/Mietiskelij\u00e4-624x689.jpg 624w\" sizes=\"auto, (max-width: 905px) 100vw, 905px\" \/><figcaption class=\"wp-element-caption\">Mietiskelij\u00e4 1991, \u00f6ljyv\u00e4ri kankaalle, 110&#215;100 cm<\/figcaption><\/figure>\n<\/div>\n\n<div class=\"wp-block-image\">\n<figure class=\"aligncenter is-resized\"><img loading=\"lazy\" decoding=\"async\" width=\"831\" height=\"1000\" src=\"http:\/\/liipetti.net\/saaramesterton\/wp-content\/uploads\/2015\/11\/Mykk\u00e4.jpg\" alt=\"\" class=\"wp-image-441\" style=\"width:416px;height:500px\" srcset=\"https:\/\/liipetti.net\/saaramesterton\/wp-content\/uploads\/2015\/11\/Mykk\u00e4.jpg 831w, https:\/\/liipetti.net\/saaramesterton\/wp-content\/uploads\/2015\/11\/Mykk\u00e4-249x300.jpg 249w, https:\/\/liipetti.net\/saaramesterton\/wp-content\/uploads\/2015\/11\/Mykk\u00e4-624x750.jpg 624w\" sizes=\"auto, (max-width: 831px) 100vw, 831px\" \/><figcaption class=\"wp-element-caption\">Mykk\u00e4 1991, \u00f6ljyv\u00e4ri kankaalle, 110x130cm<\/figcaption><\/figure>\n<\/div>\n\n<div class=\"wp-block-image\">\n<figure class=\"aligncenter is-resized\"><img loading=\"lazy\" decoding=\"async\" width=\"788\" height=\"1000\" src=\"http:\/\/liipetti.net\/saaramesterton\/wp-content\/uploads\/2015\/10\/Hattu.jpg\" alt=\"\" class=\"wp-image-197\" style=\"width:432px;height:auto\" srcset=\"https:\/\/liipetti.net\/saaramesterton\/wp-content\/uploads\/2015\/10\/Hattu.jpg 788w, https:\/\/liipetti.net\/saaramesterton\/wp-content\/uploads\/2015\/10\/Hattu-236x300.jpg 236w, https:\/\/liipetti.net\/saaramesterton\/wp-content\/uploads\/2015\/10\/Hattu-624x791.jpg 624w\" sizes=\"auto, (max-width: 788px) 100vw, 788px\" \/><figcaption class=\"wp-element-caption\">Nainen ja hattu 1991, \u00f6ljyv\u00e4ri kankaalle, 140&#215;110 cm<\/figcaption><\/figure>\n<\/div>\n\n<div class=\"wp-block-image\">\n<figure class=\"aligncenter is-resized\"><img loading=\"lazy\" decoding=\"async\" width=\"1000\" height=\"785\" src=\"http:\/\/liipetti.net\/saaramesterton\/wp-content\/uploads\/2015\/10\/Auringonpalvoja.jpg\" alt=\"\" class=\"wp-image-196\" style=\"width:500px;height:393px\" srcset=\"https:\/\/liipetti.net\/saaramesterton\/wp-content\/uploads\/2015\/10\/Auringonpalvoja.jpg 1000w, https:\/\/liipetti.net\/saaramesterton\/wp-content\/uploads\/2015\/10\/Auringonpalvoja-300x235.jpg 300w, https:\/\/liipetti.net\/saaramesterton\/wp-content\/uploads\/2015\/10\/Auringonpalvoja-624x489.jpg 624w\" sizes=\"auto, (max-width: 1000px) 100vw, 1000px\" \/><figcaption class=\"wp-element-caption\">Auringonpalvoja 1989, \u00f6ljyv\u00e4ri kankaalle 110&#215;140 cm<\/figcaption><\/figure>\n<\/div>\n\n<div class=\"wp-block-image\">\n<figure class=\"aligncenter is-resized\"><img loading=\"lazy\" decoding=\"async\" width=\"772\" height=\"1000\" src=\"http:\/\/liipetti.net\/saaramesterton\/wp-content\/uploads\/2015\/10\/Maalari.jpg\" alt=\"\" class=\"wp-image-198\" style=\"width:386px;height:500px\" srcset=\"https:\/\/liipetti.net\/saaramesterton\/wp-content\/uploads\/2015\/10\/Maalari.jpg 772w, https:\/\/liipetti.net\/saaramesterton\/wp-content\/uploads\/2015\/10\/Maalari-231x300.jpg 231w, https:\/\/liipetti.net\/saaramesterton\/wp-content\/uploads\/2015\/10\/Maalari-624x808.jpg 624w\" sizes=\"auto, (max-width: 772px) 100vw, 772px\" \/><figcaption class=\"wp-element-caption\">Maalari 1990, \u00f6ljyv\u00e4ri kankaalle, 140&#215;110 cm<\/figcaption><\/figure>\n<\/div>\n\n<div class=\"wp-block-image\">\n<figure class=\"aligncenter is-resized\"><img loading=\"lazy\" decoding=\"async\" width=\"826\" height=\"1000\" src=\"http:\/\/liipetti.net\/saaramesterton\/wp-content\/uploads\/2015\/10\/Narsisseja.jpg\" alt=\"\" class=\"wp-image-201\" style=\"width:413px;height:500px\" srcset=\"https:\/\/liipetti.net\/saaramesterton\/wp-content\/uploads\/2015\/10\/Narsisseja.jpg 826w, https:\/\/liipetti.net\/saaramesterton\/wp-content\/uploads\/2015\/10\/Narsisseja-247x300.jpg 247w, https:\/\/liipetti.net\/saaramesterton\/wp-content\/uploads\/2015\/10\/Narsisseja-624x755.jpg 624w\" sizes=\"auto, (max-width: 826px) 100vw, 826px\" \/><figcaption class=\"wp-element-caption\">Kauneuden rakastaja 1989, akryyliv\u00e4ri kankaalle, 100&#215;80 cm<\/figcaption><\/figure>\n<\/div>\n\n\n<p style=\"text-align:center\"><a href=\"http:\/\/liipetti.net\/saaramesterton\/?page_id=816\">Takaisin galleriaan<\/a><\/p>\n","protected":false},"excerpt":{"rendered":"<p>Takaisin galleriaan<\/p>\n","protected":false},"author":1,"featured_media":0,"parent":50,"menu_order":200,"comment_status":"closed","ping_status":"open","template":"","meta":{"footnotes":""},"class_list":["post-202","page","type-page","status-publish","hentry"],"_links":{"self":[{"href":"https:\/\/liipetti.net\/saaramesterton\/index.php?rest_route=\/wp\/v2\/pages\/202","targetHints":{"allow":["GET"]}}],"collection":[{"href":"https:\/\/liipetti.net\/saaramesterton\/index.php?rest_route=\/wp\/v2\/pages"}],"about":[{"href":"https:\/\/liipetti.net\/saaramesterton\/index.php?rest_route=\/wp\/v2\/types\/page"}],"author":[{"embeddable":true,"href":"https:\/\/liipetti.net\/saaramesterton\/index.php?rest_route=\/wp\/v2\/users\/1"}],"replies":[{"embeddable":true,"href":"https:\/\/liipetti.net\/saaramesterton\/index.php?rest_route=%2Fwp%2Fv2%2Fcomments&post=202"}],"version-history":[{"count":6,"href":"https:\/\/liipetti.net\/saaramesterton\/index.php?rest_route=\/wp\/v2\/pages\/202\/revisions"}],"predecessor-version":[{"id":1601,"href":"https:\/\/liipetti.net\/saaramesterton\/index.php?rest_route=\/wp\/v2\/pages\/202\/revisions\/1601"}],"up":[{"embeddable":true,"href":"https:\/\/liipetti.net\/saaramesterton\/index.php?rest_route=\/wp\/v2\/pages\/50"}],"wp:attachment":[{"href":"https:\/\/liipetti.net\/saaramesterton\/index.php?rest_route=%2Fwp%2Fv2%2Fmedia&parent=202"}],"curies":[{"name":"wp","href":"https:\/\/api.w.org\/{rel}","templated":true}]}}