{"id":284,"date":"2015-10-15T20:01:07","date_gmt":"2015-10-15T17:01:07","guid":{"rendered":"http:\/\/freygish.com\/saara\/wordpress\/?page_id=284"},"modified":"2023-01-30T05:47:24","modified_gmt":"2023-01-30T03:47:24","slug":"raitoja","status":"publish","type":"page","link":"https:\/\/liipetti.net\/saaramesterton\/?page_id=284","title":{"rendered":"Raitoja"},"content":{"rendered":"<p><span id=\"sample-permalink\" tabindex=\"-1\"><a href=\"http:\/\/liipetti.net\/saaramesterton\/?page_id=816\">Takaisin galleriaan<\/a><\/span><span style=\"line-height: 1.71429; font-size: 1rem;\">&nbsp;<\/span><\/p>\n\n\n<p><strong>Raita-<\/strong>maalaukset liittyv\u00e4t kouluaikaan. Olin 11-vuotias, kun koulussa alkoi n\u00e4ky\u00e4 Marimekon Tasaraita-puseroita. Niit\u00e4 tuli aina vaan enemm\u00e4n ja enemm\u00e4n. Olin tyrmistynyt vilisevist\u00e4 raidoista. Se on ollut el\u00e4m\u00e4ni suurin ja mullistavin visuaalisen ymp\u00e4rist\u00f6n muutos.<\/p>\n\n\n\n<div class=\"wp-block-image\"><figure class=\"aligncenter is-resized\"><img loading=\"lazy\" decoding=\"async\" src=\"http:\/\/liipetti.net\/saaramesterton\/wp-content\/uploads\/2015\/10\/Leveit\u00e4-raitoja-20121.jpg\" alt=\"\" class=\"wp-image-300\" width=\"357\" height=\"500\" srcset=\"https:\/\/liipetti.net\/saaramesterton\/wp-content\/uploads\/2015\/10\/Leveit\u00e4-raitoja-20121.jpg 714w, https:\/\/liipetti.net\/saaramesterton\/wp-content\/uploads\/2015\/10\/Leveit\u00e4-raitoja-20121-214x300.jpg 214w, https:\/\/liipetti.net\/saaramesterton\/wp-content\/uploads\/2015\/10\/Leveit\u00e4-raitoja-20121-624x873.jpg 624w\" sizes=\"auto, (max-width: 357px) 100vw, 357px\" \/><figcaption>Leveit\u00e4 raitoja 2012, \u00f6ljyv\u00e4ri kankaalle, 151&#215;105 cm<\/figcaption><\/figure><\/div>\n\n\n\n<div class=\"wp-block-image\"><figure class=\"aligncenter is-resized\"><img loading=\"lazy\" decoding=\"async\" src=\"http:\/\/liipetti.net\/saaramesterton\/wp-content\/uploads\/2015\/10\/Viivojen-hautausmaa-20121.jpg\" alt=\"\" class=\"wp-image-301\" width=\"359\" height=\"500\" srcset=\"https:\/\/liipetti.net\/saaramesterton\/wp-content\/uploads\/2015\/10\/Viivojen-hautausmaa-20121.jpg 717w, https:\/\/liipetti.net\/saaramesterton\/wp-content\/uploads\/2015\/10\/Viivojen-hautausmaa-20121-215x300.jpg 215w, https:\/\/liipetti.net\/saaramesterton\/wp-content\/uploads\/2015\/10\/Viivojen-hautausmaa-20121-624x870.jpg 624w\" sizes=\"auto, (max-width: 359px) 100vw, 359px\" \/><figcaption>Viivojen hautausmaa 2012, \u00f6ljyv\u00e4ri, hiili kankaalle, 151&#215;105 cm<\/figcaption><\/figure><\/div>\n\n\n\n<div class=\"wp-block-image\"><figure class=\"aligncenter is-resized\"><img loading=\"lazy\" decoding=\"async\" src=\"http:\/\/liipetti.net\/saaramesterton\/wp-content\/uploads\/2015\/10\/Ensimm\u00e4iset-portaat-20111.jpg\" alt=\"\" class=\"wp-image-303\" width=\"361\" height=\"500\" srcset=\"https:\/\/liipetti.net\/saaramesterton\/wp-content\/uploads\/2015\/10\/Ensimm\u00e4iset-portaat-20111.jpg 721w, https:\/\/liipetti.net\/saaramesterton\/wp-content\/uploads\/2015\/10\/Ensimm\u00e4iset-portaat-20111-216x300.jpg 216w, https:\/\/liipetti.net\/saaramesterton\/wp-content\/uploads\/2015\/10\/Ensimm\u00e4iset-portaat-20111-624x865.jpg 624w\" sizes=\"auto, (max-width: 361px) 100vw, 361px\" \/><figcaption>Ensimm\u00e4iset portaat 2011, \u00f6ljyv\u00e4ri levylle, 151&#215;105 cm<\/figcaption><\/figure><\/div>\n\n\n\n<div class=\"wp-block-image\"><figure class=\"aligncenter is-resized\"><img loading=\"lazy\" decoding=\"async\" src=\"http:\/\/liipetti.net\/saaramesterton\/wp-content\/uploads\/2015\/10\/Toiset-portaat-20111.jpg\" alt=\"\" class=\"wp-image-302\" width=\"358\" height=\"500\" srcset=\"https:\/\/liipetti.net\/saaramesterton\/wp-content\/uploads\/2015\/10\/Toiset-portaat-20111.jpg 715w, https:\/\/liipetti.net\/saaramesterton\/wp-content\/uploads\/2015\/10\/Toiset-portaat-20111-214x300.jpg 214w, https:\/\/liipetti.net\/saaramesterton\/wp-content\/uploads\/2015\/10\/Toiset-portaat-20111-624x872.jpg 624w\" sizes=\"auto, (max-width: 358px) 100vw, 358px\" \/><figcaption>Toiset portaat 2011, \u00f6ljyv\u00e4ri levylle, 251&#215;105 cm<\/figcaption><\/figure><\/div>\n\n\n\n<div class=\"wp-block-image\"><figure class=\"aligncenter is-resized\"><img loading=\"lazy\" decoding=\"async\" src=\"http:\/\/liipetti.net\/saaramesterton\/wp-content\/uploads\/2015\/10\/ateljeessa-2012.jpg\" alt=\"\" class=\"wp-image-279\" width=\"535\" height=\"401\" srcset=\"https:\/\/liipetti.net\/saaramesterton\/wp-content\/uploads\/2015\/10\/ateljeessa-2012.jpg 1000w, https:\/\/liipetti.net\/saaramesterton\/wp-content\/uploads\/2015\/10\/ateljeessa-2012-300x225.jpg 300w, https:\/\/liipetti.net\/saaramesterton\/wp-content\/uploads\/2015\/10\/ateljeessa-2012-624x468.jpg 624w\" sizes=\"auto, (max-width: 535px) 100vw, 535px\" \/><figcaption>Ty\u00f6huoneella 2012<\/figcaption><\/figure><\/div>\n\n\n\n<p style=\"text-align:left\"><strong>AJATUKSIA RAIDOISTA<\/strong><\/p>\n\n\n\n<p>rakastan raitoja<\/p>\n\n\n\n<p>ne ovat niin ehdottomia<br>vaatimattomia<br>ja vilpitt\u00f6mi\u00e4<\/p>\n\n\n\n<p>niiss\u00e4 on tasa-arvoa<br>varsinkin tasaraidoissa<br>jokaisella erilaisuudella on oma tilansa<\/p>\n\n\n\n<p>on tasaraita lippuja<br>varmaankin ajatuksena<br>&nbsp; &nbsp; &nbsp; &nbsp; &nbsp; &nbsp;ett\u00e4 kaikilla olisi<br>&nbsp; &nbsp; &nbsp; &nbsp; &nbsp; &nbsp;yht\u00e4 suuri \u00e4\u00e4ni<br>&nbsp; &nbsp; &nbsp; &nbsp; &nbsp; &nbsp;olla kuuluvilla<br>&nbsp; &nbsp; &nbsp; &nbsp; &nbsp; &nbsp;ja olemassa<\/p>\n\n\n\n<p>raitojen monotoniassa on harmoniaa<br>joka antaa tilaa v\u00e4rien syvimm\u00e4lle olemukselle<br>&nbsp; &nbsp; &nbsp; &nbsp; &nbsp; &nbsp; &nbsp; &nbsp; &nbsp; &nbsp; &nbsp; &nbsp; &nbsp; &nbsp; &nbsp; &nbsp; &nbsp; &nbsp; &nbsp; &nbsp; hiljaisuudelle<br>&nbsp; &nbsp; &nbsp; &nbsp; &nbsp; &nbsp; &nbsp; &nbsp; &nbsp; &nbsp; &nbsp; &nbsp; &nbsp; &nbsp; &nbsp; &nbsp; &nbsp; &nbsp; &nbsp; &nbsp; lujuudelle<br>&nbsp; &nbsp; &nbsp; &nbsp; &nbsp; &nbsp; &nbsp; &nbsp; &nbsp; &nbsp; &nbsp; &nbsp; &nbsp; &nbsp; &nbsp; &nbsp; &nbsp; &nbsp; &nbsp; &nbsp; naurulle<br>&nbsp; &nbsp; &nbsp; &nbsp; &nbsp; &nbsp; &nbsp; &nbsp; &nbsp; &nbsp; &nbsp; &nbsp; &nbsp; &nbsp; &nbsp; &nbsp; &nbsp; &nbsp; &nbsp; &nbsp; vauhdille<br>&nbsp; &nbsp; &nbsp; &nbsp; &nbsp; &nbsp; &nbsp; &nbsp; &nbsp; &nbsp; &nbsp; &nbsp; &nbsp; &nbsp; &nbsp; &nbsp; &nbsp; &nbsp; &nbsp; &nbsp; surulle<br>&nbsp; &nbsp; &nbsp; &nbsp; &nbsp; &nbsp; &nbsp; &nbsp; &nbsp; &nbsp; &nbsp; &nbsp; &nbsp; &nbsp; &nbsp; &nbsp;jopa r\u00f6yhkeydelle<\/p>\n\n\n\n<p>pystyraidat ja vaakaraidat<br>ne ovat niin erilaisia<br>kaukana toisistaan<br>kuin it\u00e4 ja l\u00e4nsi<\/p>\n\n\n\n<p>raidoissa on kaikki<br>ei mit\u00e4\u00e4n liikaa<br>eik\u00e4 mit\u00e4\u00e4n liian v\u00e4h\u00e4n<br>kaikki mit\u00e4 tarvitaan<\/p>\n\n\n\n<p>jotta voisi kertoa kuinka paljon<br>iloitsee<br>haluaa<br>ja<br>kaipaa<\/p>\n\n\n\n<p style=\"text-align:center\"><a href=\"http:\/\/liipetti.net\/saaramesterton\/?page_id=816\">Takaisin galleriaan<\/a><\/p>\n","protected":false},"excerpt":{"rendered":"<p>Takaisin galleriaan&nbsp; Raita-maalaukset liittyv\u00e4t kouluaikaan. Olin 11-vuotias, kun koulussa alkoi n\u00e4ky\u00e4 Marimekon Tasaraita-puseroita. Niit\u00e4 tuli aina vaan enemm\u00e4n ja enemm\u00e4n. Olin tyrmistynyt vilisevist\u00e4 raidoista. Se on ollut el\u00e4m\u00e4ni suurin ja mullistavin visuaalisen ymp\u00e4rist\u00f6n muutos. AJATUKSIA RAIDOISTA rakastan raitoja ne ovat niin ehdottomiavaatimattomiaja vilpitt\u00f6mi\u00e4 niiss\u00e4 on tasa-arvoavarsinkin tasaraidoissajokaisella erilaisuudella on oma tilansa on tasaraita lippujavarmaankin ajatuksena&nbsp; [&hellip;]<\/p>\n","protected":false},"author":1,"featured_media":0,"parent":0,"menu_order":0,"comment_status":"closed","ping_status":"open","template":"","meta":{"footnotes":""},"class_list":["post-284","page","type-page","status-publish","hentry"],"_links":{"self":[{"href":"https:\/\/liipetti.net\/saaramesterton\/index.php?rest_route=\/wp\/v2\/pages\/284","targetHints":{"allow":["GET"]}}],"collection":[{"href":"https:\/\/liipetti.net\/saaramesterton\/index.php?rest_route=\/wp\/v2\/pages"}],"about":[{"href":"https:\/\/liipetti.net\/saaramesterton\/index.php?rest_route=\/wp\/v2\/types\/page"}],"author":[{"embeddable":true,"href":"https:\/\/liipetti.net\/saaramesterton\/index.php?rest_route=\/wp\/v2\/users\/1"}],"replies":[{"embeddable":true,"href":"https:\/\/liipetti.net\/saaramesterton\/index.php?rest_route=%2Fwp%2Fv2%2Fcomments&post=284"}],"version-history":[{"count":28,"href":"https:\/\/liipetti.net\/saaramesterton\/index.php?rest_route=\/wp\/v2\/pages\/284\/revisions"}],"predecessor-version":[{"id":1210,"href":"https:\/\/liipetti.net\/saaramesterton\/index.php?rest_route=\/wp\/v2\/pages\/284\/revisions\/1210"}],"wp:attachment":[{"href":"https:\/\/liipetti.net\/saaramesterton\/index.php?rest_route=%2Fwp%2Fv2%2Fmedia&parent=284"}],"curies":[{"name":"wp","href":"https:\/\/api.w.org\/{rel}","templated":true}]}}