{"id":291,"date":"2015-10-15T21:21:07","date_gmt":"2015-10-15T18:21:07","guid":{"rendered":"http:\/\/freygish.com\/saara\/wordpress\/?page_id=291"},"modified":"2020-06-09T20:25:09","modified_gmt":"2020-06-09T17:25:09","slug":"uhkakuva-2","status":"publish","type":"page","link":"https:\/\/liipetti.net\/saaramesterton\/?page_id=291","title":{"rendered":"Uhkakuva"},"content":{"rendered":"<p><a href=\"http:\/\/liipetti.net\/saaramesterton\/?page_id=816\">Takaisin galleriaan<\/a><\/p>\n\n\n<p><strong>Sovinnonele <\/strong>syntyi j\u00e4rkytyksest\u00e4. Keravalla tapahtui murha, jossa nuori murhasi toisen nuoren ilman syyt\u00e4, sattumanvaraisesti.<br>Mietin, kuinka tuollainen murha liitt\u00e4\u00e4 n\u00e4m\u00e4 kaksi sukua toisiinsa ikuisesti. Menetys murhatun nuoren perheelle ja suvulle on mittaamaton. En usko, ett\u00e4 ulkopuolinen pystyy sit\u00e4 edes ymm\u00e4rt\u00e4m\u00e4\u00e4n. Kaikesta huolimatta syd\u00e4mest\u00e4ni nousi ajatus, ett\u00e4 voisinko ojentaa murhaajan puolesta kukkia murhatun nuoren vanhemmille lohdutukseksi ja sovinnoneleeksi. Mink\u00e4laisia nuo kukat olisivat?<\/p>\n\n\n\n<div class=\"wp-block-image\"><figure class=\"aligncenter is-resized\"><img loading=\"lazy\" decoding=\"async\" src=\"http:\/\/liipetti.net\/saaramesterton\/wp-content\/uploads\/2016\/01\/Kysymys-on....jpg\" alt=\"\" class=\"wp-image-484\" width=\"439\" height=\"500\" srcset=\"https:\/\/liipetti.net\/saaramesterton\/wp-content\/uploads\/2016\/01\/Kysymys-on....jpg 877w, https:\/\/liipetti.net\/saaramesterton\/wp-content\/uploads\/2016\/01\/Kysymys-on...-263x300.jpg 263w, https:\/\/liipetti.net\/saaramesterton\/wp-content\/uploads\/2016\/01\/Kysymys-on...-624x711.jpg 624w\" sizes=\"auto, (max-width: 439px) 100vw, 439px\" \/><figcaption>Sovinnonele 2008, \u00f6ljyv\u00e4ri kankaalle, 95&#215;85 cm<\/figcaption><\/figure><\/div>\n\n\n\n<p><strong>Uhkakuva <\/strong>liittyy uhkaan, jota on vaikea havaita tai uskoa. Se on kuin k\u00e4\u00e4rme, joka on luikerrellut paratiisiin, mutta ihminen ei sit\u00e4 usko eik\u00e4 ota todesta.<\/p>\n\n\n\n<div class=\"wp-block-image\"><figure class=\"aligncenter is-resized\"><img loading=\"lazy\" decoding=\"async\" src=\"http:\/\/liipetti.net\/saaramesterton\/wp-content\/uploads\/2015\/10\/Uhkakuva-e1591716848377.jpg\" alt=\"\" class=\"wp-image-290\" width=\"440\" height=\"472\" srcset=\"https:\/\/liipetti.net\/saaramesterton\/wp-content\/uploads\/2015\/10\/Uhkakuva-e1591716848377.jpg 660w, https:\/\/liipetti.net\/saaramesterton\/wp-content\/uploads\/2015\/10\/Uhkakuva-e1591716848377-280x300.jpg 280w, https:\/\/liipetti.net\/saaramesterton\/wp-content\/uploads\/2015\/10\/Uhkakuva-e1591716848377-624x668.jpg 624w\" sizes=\"auto, (max-width: 440px) 100vw, 440px\" \/><figcaption>Uhkakuva 2008, \u00f6ljyv\u00e4ri kankaalle, 4 x 137&#215;27 cm<\/figcaption><\/figure><\/div>\n\n\n\n<p style=\"text-align:center\"><a href=\"http:\/\/liipetti.net\/saaramesterton\/?page_id=816\">Takaisin galleriaan<\/a><\/p>\n","protected":false},"excerpt":{"rendered":"<p>Takaisin galleriaan Sovinnonele syntyi j\u00e4rkytyksest\u00e4. Keravalla tapahtui murha, jossa nuori murhasi toisen nuoren ilman syyt\u00e4, sattumanvaraisesti.Mietin, kuinka tuollainen murha liitt\u00e4\u00e4 n\u00e4m\u00e4 kaksi sukua toisiinsa ikuisesti. Menetys murhatun nuoren perheelle ja suvulle on mittaamaton. En usko, ett\u00e4 ulkopuolinen pystyy sit\u00e4 edes ymm\u00e4rt\u00e4m\u00e4\u00e4n. Kaikesta huolimatta syd\u00e4mest\u00e4ni nousi ajatus, ett\u00e4 voisinko ojentaa murhaajan puolesta kukkia murhatun nuoren vanhemmille [&hellip;]<\/p>\n","protected":false},"author":1,"featured_media":0,"parent":0,"menu_order":0,"comment_status":"closed","ping_status":"open","template":"","meta":{"footnotes":""},"class_list":["post-291","page","type-page","status-publish","hentry"],"_links":{"self":[{"href":"https:\/\/liipetti.net\/saaramesterton\/index.php?rest_route=\/wp\/v2\/pages\/291","targetHints":{"allow":["GET"]}}],"collection":[{"href":"https:\/\/liipetti.net\/saaramesterton\/index.php?rest_route=\/wp\/v2\/pages"}],"about":[{"href":"https:\/\/liipetti.net\/saaramesterton\/index.php?rest_route=\/wp\/v2\/types\/page"}],"author":[{"embeddable":true,"href":"https:\/\/liipetti.net\/saaramesterton\/index.php?rest_route=\/wp\/v2\/users\/1"}],"replies":[{"embeddable":true,"href":"https:\/\/liipetti.net\/saaramesterton\/index.php?rest_route=%2Fwp%2Fv2%2Fcomments&post=291"}],"version-history":[{"count":11,"href":"https:\/\/liipetti.net\/saaramesterton\/index.php?rest_route=\/wp\/v2\/pages\/291\/revisions"}],"predecessor-version":[{"id":927,"href":"https:\/\/liipetti.net\/saaramesterton\/index.php?rest_route=\/wp\/v2\/pages\/291\/revisions\/927"}],"wp:attachment":[{"href":"https:\/\/liipetti.net\/saaramesterton\/index.php?rest_route=%2Fwp%2Fv2%2Fmedia&parent=291"}],"curies":[{"name":"wp","href":"https:\/\/api.w.org\/{rel}","templated":true}]}}