{"id":5,"date":"2014-06-22T12:49:40","date_gmt":"2014-06-22T09:49:40","guid":{"rendered":"http:\/\/freygish.com\/saara\/wordpress\/?page_id=5"},"modified":"2026-03-19T16:02:05","modified_gmt":"2026-03-19T14:02:05","slug":"etusivu-2","status":"publish","type":"page","link":"https:\/\/liipetti.net\/saaramesterton\/","title":{"rendered":"Etusivu"},"content":{"rendered":"\n<p>Tunnustelen ihmisen erilaisia puolia; haurautta, rajallisuutta, kykenem\u00e4tt\u00f6myytt\u00e4, kuin my\u00f6s voimaa, pyrkimyst\u00e4 kauneuteen ja harmoniaan. Taiteeni syntyy halusta ymm\u00e4rt\u00e4\u00e4 ihmisen osaa el\u00e4m\u00e4ss\u00e4 ja kuolemassa.<\/p>\n\n\n\n<p>Maalauksissani v\u00e4ri on t\u00e4rke\u00e4ss\u00e4 roolissa. Liikun abstraktin ja esitt\u00e4v\u00e4n kuvan v\u00e4limaastossa.<\/p>\n\n\n\n<p>Ty\u00f6skentelyyni on vaikuttanut Bauhausin modernismi ja erityisesti Josef Albersin v\u00e4riajattelu. Marimekon tasaraitakuosilla on ollut my\u00f6s suuri vaikutus. Marimekon T-paitojen tasaraitakuosit saivat nuoruuteni kouluymp\u00e4rist\u00f6n n\u00e4ytt\u00e4m\u00e4\u00e4n liikkuvilta raidoilta.<\/p>\n\n\n\n<p>Viime vuosina olen yhdist\u00e4nyt maalauksiini kuvia, jotka ovat syntyneet kuvataiteilija, tutkija Hannu T\u00f6yryl\u00e4n kehitt\u00e4mill\u00e4 menetelmill\u00e4 ja ty\u00f6kaluilla. T\u00e4ll\u00e4 tavalla olen saanut lis\u00e4tty\u00e4 moniselitteisen, kerronnallisen elementin abstraktiin maalaukseen.<\/p>\n\n\n\n<p>Maalaamisen lis\u00e4ksi ole tehnyt my\u00f6s performanssivideoita. Performanssissa k\u00e4sittelen asioita ja n\u00e4k\u00f6kulmia, jotka saivat minut kiinnostumaan aiheesta. Performanssiin liittyy aina maalaus, animaationa tai muuten osana videota. Usein siin\u00e4 my\u00f6s itse laulamani laulu.<\/p>\n\n\n\n<figure class=\"wp-block-image\"><img loading=\"lazy\" decoding=\"async\" width=\"1024\" height=\"768\" src=\"http:\/\/liipetti.net\/saaramesterton\/wp-content\/uploads\/2024\/03\/ateljee-1024x768.jpg\" alt=\"\" class=\"wp-image-1406\" srcset=\"https:\/\/liipetti.net\/saaramesterton\/wp-content\/uploads\/2024\/03\/ateljee-1024x768.jpg 1024w, https:\/\/liipetti.net\/saaramesterton\/wp-content\/uploads\/2024\/03\/ateljee-300x225.jpg 300w, https:\/\/liipetti.net\/saaramesterton\/wp-content\/uploads\/2024\/03\/ateljee-768x576.jpg 768w, https:\/\/liipetti.net\/saaramesterton\/wp-content\/uploads\/2024\/03\/ateljee-624x468.jpg 624w\" sizes=\"auto, (max-width: 1024px) 100vw, 1024px\" \/><\/figure>\n","protected":false},"excerpt":{"rendered":"<p>Tunnustelen ihmisen erilaisia puolia; haurautta, rajallisuutta, kykenem\u00e4tt\u00f6myytt\u00e4, kuin my\u00f6s voimaa, pyrkimyst\u00e4 kauneuteen ja harmoniaan. Taiteeni syntyy halusta ymm\u00e4rt\u00e4\u00e4 ihmisen osaa el\u00e4m\u00e4ss\u00e4 ja kuolemassa. Maalauksissani v\u00e4ri on t\u00e4rke\u00e4ss\u00e4 roolissa. Liikun abstraktin ja esitt\u00e4v\u00e4n kuvan v\u00e4limaastossa. Ty\u00f6skentelyyni on vaikuttanut Bauhausin modernismi ja erityisesti Josef Albersin v\u00e4riajattelu. Marimekon tasaraitakuosilla on ollut my\u00f6s suuri vaikutus. Marimekon T-paitojen tasaraitakuosit saivat [&hellip;]<\/p>\n","protected":false},"author":1,"featured_media":0,"parent":0,"menu_order":0,"comment_status":"closed","ping_status":"closed","template":"","meta":{"footnotes":""},"class_list":["post-5","page","type-page","status-publish","hentry"],"_links":{"self":[{"href":"https:\/\/liipetti.net\/saaramesterton\/index.php?rest_route=\/wp\/v2\/pages\/5","targetHints":{"allow":["GET"]}}],"collection":[{"href":"https:\/\/liipetti.net\/saaramesterton\/index.php?rest_route=\/wp\/v2\/pages"}],"about":[{"href":"https:\/\/liipetti.net\/saaramesterton\/index.php?rest_route=\/wp\/v2\/types\/page"}],"author":[{"embeddable":true,"href":"https:\/\/liipetti.net\/saaramesterton\/index.php?rest_route=\/wp\/v2\/users\/1"}],"replies":[{"embeddable":true,"href":"https:\/\/liipetti.net\/saaramesterton\/index.php?rest_route=%2Fwp%2Fv2%2Fcomments&post=5"}],"version-history":[{"count":34,"href":"https:\/\/liipetti.net\/saaramesterton\/index.php?rest_route=\/wp\/v2\/pages\/5\/revisions"}],"predecessor-version":[{"id":1589,"href":"https:\/\/liipetti.net\/saaramesterton\/index.php?rest_route=\/wp\/v2\/pages\/5\/revisions\/1589"}],"wp:attachment":[{"href":"https:\/\/liipetti.net\/saaramesterton\/index.php?rest_route=%2Fwp%2Fv2%2Fmedia&parent=5"}],"curies":[{"name":"wp","href":"https:\/\/api.w.org\/{rel}","templated":true}]}}