{"id":798,"date":"2020-05-24T16:12:43","date_gmt":"2020-05-24T13:12:43","guid":{"rendered":"http:\/\/freygish.com\/saara\/wordpress\/?page_id=798"},"modified":"2020-06-07T20:18:11","modified_gmt":"2020-06-07T17:18:11","slug":"yhteisotaideteos-keravan-kollit","status":"publish","type":"page","link":"https:\/\/liipetti.net\/saaramesterton\/?page_id=798","title":{"rendered":"Yhteis\u00f6taideteos Keravan kollit"},"content":{"rendered":"\n<p><span id=\"sample-permalink\" tabindex=\"-1\"><a href=\"http:\/\/liipetti.net\/saaramesterton\/?page_id=816\">Takaisin galleriaan<\/a><\/span><\/p>\n\n\n\n<p>Keravan Asemansillan peruskorjauksen yhteydess\u00e4 toteutettiin ymp\u00e4rist\u00f6taiteen kokonaisuus&nbsp;&nbsp;\u201dKeravan kollit\u201d yhteis\u00f6taiteen keinoin. Sillan ter\u00e4skaiteisiin leikattiin&nbsp;&nbsp;5-18 -vuotiaiden lasten ja nuorten piirt\u00e4m\u00e4t kissahahmot. Kaiteiden lis\u00e4ksi sillalle tehtiin kolme erilaista valaistua kissaporttia, jotka toimivat lev\u00e4hdys- ja kohtauspaikkoina. Keravan kaupunkitekniikka toteutti kokonaisuuden.&nbsp; Saara Mesterton koordinoi suunnittelua ja ohjasi kuvataidekoulun taiteilijaopettajien Eevi Kilposen ja Miia Kallion kanssa lasten ja nuorten ty\u00f6skentely\u00e4. Uudistunut Keravan Asemansilta avattiin tammikuussa 2019.<\/p>\n\n\n\n<div class=\"wp-block-image\"><figure class=\"aligncenter is-resized\"><img loading=\"lazy\" decoding=\"async\" src=\"http:\/\/liipetti.net\/saaramesterton\/wp-content\/uploads\/2020\/06\/Keravan_kollit_191119_yo_2-valittu-kopio-1.jpg\" alt=\"\" class=\"wp-image-851\" width=\"500\" height=\"332\" srcset=\"https:\/\/liipetti.net\/saaramesterton\/wp-content\/uploads\/2020\/06\/Keravan_kollit_191119_yo_2-valittu-kopio-1.jpg 1000w, https:\/\/liipetti.net\/saaramesterton\/wp-content\/uploads\/2020\/06\/Keravan_kollit_191119_yo_2-valittu-kopio-1-300x199.jpg 300w, https:\/\/liipetti.net\/saaramesterton\/wp-content\/uploads\/2020\/06\/Keravan_kollit_191119_yo_2-valittu-kopio-1-768x509.jpg 768w, https:\/\/liipetti.net\/saaramesterton\/wp-content\/uploads\/2020\/06\/Keravan_kollit_191119_yo_2-valittu-kopio-1-624x414.jpg 624w\" sizes=\"auto, (max-width: 500px) 100vw, 500px\" \/><\/figure><\/div>\n\n\n\n<div class=\"wp-block-image\"><figure class=\"aligncenter is-resized\"><img loading=\"lazy\" decoding=\"async\" src=\"http:\/\/liipetti.net\/saaramesterton\/wp-content\/uploads\/2020\/05\/Airam_Asemansilta_09.jpg\" alt=\"\" class=\"wp-image-764\" width=\"500\" height=\"375\" srcset=\"https:\/\/liipetti.net\/saaramesterton\/wp-content\/uploads\/2020\/05\/Airam_Asemansilta_09.jpg 1000w, https:\/\/liipetti.net\/saaramesterton\/wp-content\/uploads\/2020\/05\/Airam_Asemansilta_09-300x225.jpg 300w, https:\/\/liipetti.net\/saaramesterton\/wp-content\/uploads\/2020\/05\/Airam_Asemansilta_09-768x576.jpg 768w, https:\/\/liipetti.net\/saaramesterton\/wp-content\/uploads\/2020\/05\/Airam_Asemansilta_09-624x468.jpg 624w\" sizes=\"auto, (max-width: 500px) 100vw, 500px\" \/><\/figure><\/div>\n\n\n\n<div class=\"wp-block-image\"><figure class=\"aligncenter is-resized\"><img loading=\"lazy\" decoding=\"async\" src=\"http:\/\/liipetti.net\/saaramesterton\/wp-content\/uploads\/2020\/05\/Airam_Asemansilta_13-kopio.jpg\" alt=\"\" class=\"wp-image-797\" width=\"500\" height=\"375\" srcset=\"https:\/\/liipetti.net\/saaramesterton\/wp-content\/uploads\/2020\/05\/Airam_Asemansilta_13-kopio.jpg 1000w, https:\/\/liipetti.net\/saaramesterton\/wp-content\/uploads\/2020\/05\/Airam_Asemansilta_13-kopio-300x225.jpg 300w, https:\/\/liipetti.net\/saaramesterton\/wp-content\/uploads\/2020\/05\/Airam_Asemansilta_13-kopio-768x576.jpg 768w, https:\/\/liipetti.net\/saaramesterton\/wp-content\/uploads\/2020\/05\/Airam_Asemansilta_13-kopio-624x468.jpg 624w\" sizes=\"auto, (max-width: 500px) 100vw, 500px\" \/><\/figure><\/div>\n\n\n\n<div class=\"wp-block-image\"><figure class=\"aligncenter is-resized\"><img loading=\"lazy\" decoding=\"async\" src=\"http:\/\/liipetti.net\/saaramesterton\/wp-content\/uploads\/2020\/06\/2_Keravan_kollit_191119_paiva_5.jpg\" alt=\"\" class=\"wp-image-850\" width=\"500\" height=\"334\" srcset=\"https:\/\/liipetti.net\/saaramesterton\/wp-content\/uploads\/2020\/06\/2_Keravan_kollit_191119_paiva_5.jpg 1000w, https:\/\/liipetti.net\/saaramesterton\/wp-content\/uploads\/2020\/06\/2_Keravan_kollit_191119_paiva_5-300x200.jpg 300w, https:\/\/liipetti.net\/saaramesterton\/wp-content\/uploads\/2020\/06\/2_Keravan_kollit_191119_paiva_5-768x512.jpg 768w, https:\/\/liipetti.net\/saaramesterton\/wp-content\/uploads\/2020\/06\/2_Keravan_kollit_191119_paiva_5-624x416.jpg 624w\" sizes=\"auto, (max-width: 500px) 100vw, 500px\" \/><\/figure><\/div>\n\n\n\n<div class=\"wp-block-image\"><figure class=\"aligncenter is-resized\"><img loading=\"lazy\" decoding=\"async\" src=\"http:\/\/liipetti.net\/saaramesterton\/wp-content\/uploads\/2020\/05\/silta_2_some.jpg\" alt=\"\" class=\"wp-image-771\" width=\"500\" height=\"750\" srcset=\"https:\/\/liipetti.net\/saaramesterton\/wp-content\/uploads\/2020\/05\/silta_2_some.jpg 667w, https:\/\/liipetti.net\/saaramesterton\/wp-content\/uploads\/2020\/05\/silta_2_some-200x300.jpg 200w, https:\/\/liipetti.net\/saaramesterton\/wp-content\/uploads\/2020\/05\/silta_2_some-624x936.jpg 624w\" sizes=\"auto, (max-width: 500px) 100vw, 500px\" \/><figcaption>Kev\u00e4t 2020<\/figcaption><\/figure><\/div>\n\n\n\n<div class=\"wp-block-image\"><figure class=\"aligncenter is-resized\"><img loading=\"lazy\" decoding=\"async\" src=\"http:\/\/liipetti.net\/saaramesterton\/wp-content\/uploads\/2020\/05\/Airam_Asemansilta_18.jpg\" alt=\"\" class=\"wp-image-766\" width=\"500\" height=\"375\" srcset=\"https:\/\/liipetti.net\/saaramesterton\/wp-content\/uploads\/2020\/05\/Airam_Asemansilta_18.jpg 1000w, https:\/\/liipetti.net\/saaramesterton\/wp-content\/uploads\/2020\/05\/Airam_Asemansilta_18-300x225.jpg 300w, https:\/\/liipetti.net\/saaramesterton\/wp-content\/uploads\/2020\/05\/Airam_Asemansilta_18-768x575.jpg 768w, https:\/\/liipetti.net\/saaramesterton\/wp-content\/uploads\/2020\/05\/Airam_Asemansilta_18-624x467.jpg 624w\" sizes=\"auto, (max-width: 500px) 100vw, 500px\" \/><\/figure><\/div>\n\n\n\n<div class=\"wp-block-image\"><figure class=\"aligncenter is-resized\"><img loading=\"lazy\" decoding=\"async\" src=\"http:\/\/liipetti.net\/saaramesterton\/wp-content\/uploads\/2020\/05\/20190109_125811.jpg\" alt=\"\" class=\"wp-image-763\" width=\"375\" height=\"500\" srcset=\"https:\/\/liipetti.net\/saaramesterton\/wp-content\/uploads\/2020\/05\/20190109_125811.jpg 750w, https:\/\/liipetti.net\/saaramesterton\/wp-content\/uploads\/2020\/05\/20190109_125811-225x300.jpg 225w, https:\/\/liipetti.net\/saaramesterton\/wp-content\/uploads\/2020\/05\/20190109_125811-624x832.jpg 624w\" sizes=\"auto, (max-width: 375px) 100vw, 375px\" \/><\/figure><\/div>\n\n\n\n<div class=\"wp-block-image\"><figure class=\"aligncenter is-resized\"><img loading=\"lazy\" decoding=\"async\" src=\"http:\/\/liipetti.net\/saaramesterton\/wp-content\/uploads\/2020\/05\/20181219_145617.jpg\" alt=\"\" class=\"wp-image-762\" width=\"375\" height=\"500\" srcset=\"https:\/\/liipetti.net\/saaramesterton\/wp-content\/uploads\/2020\/05\/20181219_145617.jpg 750w, https:\/\/liipetti.net\/saaramesterton\/wp-content\/uploads\/2020\/05\/20181219_145617-225x300.jpg 225w, https:\/\/liipetti.net\/saaramesterton\/wp-content\/uploads\/2020\/05\/20181219_145617-624x832.jpg 624w\" sizes=\"auto, (max-width: 375px) 100vw, 375px\" \/><\/figure><\/div>\n\n\n\n<div class=\"wp-block-image\"><figure class=\"aligncenter is-resized\"><img loading=\"lazy\" decoding=\"async\" src=\"http:\/\/liipetti.net\/saaramesterton\/wp-content\/uploads\/2020\/05\/kissa-arvoitus.jpg\" alt=\"\" class=\"wp-image-769\" width=\"500\" height=\"375\" srcset=\"https:\/\/liipetti.net\/saaramesterton\/wp-content\/uploads\/2020\/05\/kissa-arvoitus.jpg 1000w, https:\/\/liipetti.net\/saaramesterton\/wp-content\/uploads\/2020\/05\/kissa-arvoitus-300x225.jpg 300w, https:\/\/liipetti.net\/saaramesterton\/wp-content\/uploads\/2020\/05\/kissa-arvoitus-768x576.jpg 768w, https:\/\/liipetti.net\/saaramesterton\/wp-content\/uploads\/2020\/05\/kissa-arvoitus-624x468.jpg 624w\" sizes=\"auto, (max-width: 500px) 100vw, 500px\" \/><\/figure><\/div>\n\n\n\n<div class=\"wp-block-image\"><figure class=\"aligncenter is-resized\"><img loading=\"lazy\" decoding=\"async\" src=\"http:\/\/liipetti.net\/saaramesterton\/wp-content\/uploads\/2020\/05\/Kissameri_1.jpg\" alt=\"\" class=\"wp-image-770\" width=\"500\" height=\"375\" srcset=\"https:\/\/liipetti.net\/saaramesterton\/wp-content\/uploads\/2020\/05\/Kissameri_1.jpg 1000w, https:\/\/liipetti.net\/saaramesterton\/wp-content\/uploads\/2020\/05\/Kissameri_1-300x225.jpg 300w, https:\/\/liipetti.net\/saaramesterton\/wp-content\/uploads\/2020\/05\/Kissameri_1-768x576.jpg 768w, https:\/\/liipetti.net\/saaramesterton\/wp-content\/uploads\/2020\/05\/Kissameri_1-624x468.jpg 624w\" sizes=\"auto, (max-width: 500px) 100vw, 500px\" \/><\/figure><\/div>\n\n\n\n<p style=\"text-align:center\"><a href=\"http:\/\/liipetti.net\/saaramesterton\/?page_id=816\">Takaisin galleriaan<\/a><\/p>\n","protected":false},"excerpt":{"rendered":"<p>Takaisin galleriaan Keravan Asemansillan peruskorjauksen yhteydess\u00e4 toteutettiin ymp\u00e4rist\u00f6taiteen kokonaisuus&nbsp;&nbsp;\u201dKeravan kollit\u201d yhteis\u00f6taiteen keinoin. Sillan ter\u00e4skaiteisiin leikattiin&nbsp;&nbsp;5-18 -vuotiaiden lasten ja nuorten piirt\u00e4m\u00e4t kissahahmot. Kaiteiden lis\u00e4ksi sillalle tehtiin kolme erilaista valaistua kissaporttia, jotka toimivat lev\u00e4hdys- ja kohtauspaikkoina. Keravan kaupunkitekniikka toteutti kokonaisuuden.&nbsp; Saara Mesterton koordinoi suunnittelua ja ohjasi kuvataidekoulun taiteilijaopettajien Eevi Kilposen ja Miia Kallion kanssa lasten ja nuorten [&hellip;]<\/p>\n","protected":false},"author":1,"featured_media":0,"parent":0,"menu_order":0,"comment_status":"closed","ping_status":"closed","template":"","meta":{"footnotes":""},"class_list":["post-798","page","type-page","status-publish","hentry"],"_links":{"self":[{"href":"https:\/\/liipetti.net\/saaramesterton\/index.php?rest_route=\/wp\/v2\/pages\/798","targetHints":{"allow":["GET"]}}],"collection":[{"href":"https:\/\/liipetti.net\/saaramesterton\/index.php?rest_route=\/wp\/v2\/pages"}],"about":[{"href":"https:\/\/liipetti.net\/saaramesterton\/index.php?rest_route=\/wp\/v2\/types\/page"}],"author":[{"embeddable":true,"href":"https:\/\/liipetti.net\/saaramesterton\/index.php?rest_route=\/wp\/v2\/users\/1"}],"replies":[{"embeddable":true,"href":"https:\/\/liipetti.net\/saaramesterton\/index.php?rest_route=%2Fwp%2Fv2%2Fcomments&post=798"}],"version-history":[{"count":6,"href":"https:\/\/liipetti.net\/saaramesterton\/index.php?rest_route=\/wp\/v2\/pages\/798\/revisions"}],"predecessor-version":[{"id":879,"href":"https:\/\/liipetti.net\/saaramesterton\/index.php?rest_route=\/wp\/v2\/pages\/798\/revisions\/879"}],"wp:attachment":[{"href":"https:\/\/liipetti.net\/saaramesterton\/index.php?rest_route=%2Fwp%2Fv2%2Fmedia&parent=798"}],"curies":[{"name":"wp","href":"https:\/\/api.w.org\/{rel}","templated":true}]}}