{"id":1282,"date":"2023-06-22T15:16:42","date_gmt":"2023-06-22T12:16:42","guid":{"rendered":"http:\/\/liipetti.net\/saaramesterton_en\/?page_id=1282"},"modified":"2026-03-23T12:28:49","modified_gmt":"2026-03-23T10:28:49","slug":"yhteiset-teokset-2022-2023","status":"publish","type":"page","link":"https:\/\/liipetti.net\/saaramesterton_en\/?page_id=1282","title":{"rendered":"Dance of Death 2022-2023"},"content":{"rendered":"\n<p>The works are inspired by medieval Dance of Death paintings and reflect the relationship between individual-centered life and the cycle of nature.<br>Abstract oil paintings are augmented with images, created by artist and researcher Hannu T\u00f6yryl\u00e4 using his own tools.<\/p>\n\n\n\n<p><a href=\"http:\/\/liipetti.net\/saaramesterton_en\/?page_id=816\">Back to gallery<\/a><\/p>\n\n\n<div class=\"wp-block-image\">\n<figure class=\"alignleft\"><img loading=\"lazy\" decoding=\"async\" width=\"1024\" height=\"537\" src=\"http:\/\/liipetti.net\/saaramesterton_en\/wp-content\/uploads\/2023\/06\/Absence_Leikattu_korjattuPieni-1024x537.png\" alt=\"\" class=\"wp-image-1267\"\/><figcaption class=\"wp-element-caption\">Absence of the Erratic King 2023, 98 x 215 cm, pigment print and oil colour on canvas<br><\/figcaption><\/figure>\n<\/div>\n\n\n<figure class=\"wp-block-image\"><img loading=\"lazy\" decoding=\"async\" width=\"1024\" height=\"1024\" src=\"http:\/\/liipetti.net\/saaramesterton_en\/wp-content\/uploads\/2023\/06\/Detail_1-1024x1024.jpg\" alt=\"\" class=\"wp-image-1268\"\/><figcaption class=\"wp-element-caption\">Absence of the Erratic King, detail<\/figcaption><\/figure>\n\n\n\n<figure class=\"wp-block-image\"><img loading=\"lazy\" decoding=\"async\" width=\"1024\" height=\"1024\" src=\"http:\/\/liipetti.net\/saaramesterton_en\/wp-content\/uploads\/2023\/06\/Detail_2-1024x1024.jpg\" alt=\"\" class=\"wp-image-1269\"\/><figcaption class=\"wp-element-caption\">Absence of the Erratic King, detail<\/figcaption><\/figure>\n\n\n\n<figure class=\"wp-block-image\"><img loading=\"lazy\" decoding=\"async\" width=\"1024\" height=\"657\" src=\"https:\/\/liipetti.net\/saaramesterton_en\/wp-content\/uploads\/2024\/10\/Saara_Mesterton_Ihminen_katoaa_j\u00e4ljet_h\u00e4vi\u00e4v\u00e4t-1024x657.jpg\" alt=\"\" class=\"wp-image-1788\" srcset=\"https:\/\/liipetti.net\/saaramesterton_en\/wp-content\/uploads\/2024\/10\/Saara_Mesterton_Ihminen_katoaa_j\u00e4ljet_h\u00e4vi\u00e4v\u00e4t-1024x657.jpg 1024w, https:\/\/liipetti.net\/saaramesterton_en\/wp-content\/uploads\/2024\/10\/Saara_Mesterton_Ihminen_katoaa_j\u00e4ljet_h\u00e4vi\u00e4v\u00e4t-300x192.jpg 300w, https:\/\/liipetti.net\/saaramesterton_en\/wp-content\/uploads\/2024\/10\/Saara_Mesterton_Ihminen_katoaa_j\u00e4ljet_h\u00e4vi\u00e4v\u00e4t-768x493.jpg 768w, https:\/\/liipetti.net\/saaramesterton_en\/wp-content\/uploads\/2024\/10\/Saara_Mesterton_Ihminen_katoaa_j\u00e4ljet_h\u00e4vi\u00e4v\u00e4t-624x400.jpg 624w, https:\/\/liipetti.net\/saaramesterton_en\/wp-content\/uploads\/2024\/10\/Saara_Mesterton_Ihminen_katoaa_j\u00e4ljet_h\u00e4vi\u00e4v\u00e4t.jpg 1659w\" sizes=\"auto, (max-width: 1024px) 100vw, 1024px\" \/><figcaption class=\"wp-element-caption\">The person disappears, traces vanish 2024 oil painting and pigment prints 98 x 150 cm<br><\/figcaption><\/figure>\n\n\n<div class=\"wp-block-image\">\n<figure class=\"aligncenter is-resized\"><img loading=\"lazy\" decoding=\"async\" width=\"1024\" height=\"955\" src=\"https:\/\/liipetti.net\/saaramesterton_en\/wp-content\/uploads\/2024\/10\/DSC07908-kopioMaa_h\u00e4vi\u00e4\u00e4PIENI-1024x955.png\" alt=\"\" class=\"wp-image-1790\" style=\"width:630px;height:586px\" srcset=\"https:\/\/liipetti.net\/saaramesterton_en\/wp-content\/uploads\/2024\/10\/DSC07908-kopioMaa_h\u00e4vi\u00e4\u00e4PIENI-1024x955.png 1024w, https:\/\/liipetti.net\/saaramesterton_en\/wp-content\/uploads\/2024\/10\/DSC07908-kopioMaa_h\u00e4vi\u00e4\u00e4PIENI-300x280.png 300w, https:\/\/liipetti.net\/saaramesterton_en\/wp-content\/uploads\/2024\/10\/DSC07908-kopioMaa_h\u00e4vi\u00e4\u00e4PIENI-768x716.png 768w, https:\/\/liipetti.net\/saaramesterton_en\/wp-content\/uploads\/2024\/10\/DSC07908-kopioMaa_h\u00e4vi\u00e4\u00e4PIENI-624x582.png 624w, https:\/\/liipetti.net\/saaramesterton_en\/wp-content\/uploads\/2024\/10\/DSC07908-kopioMaa_h\u00e4vi\u00e4\u00e4PIENI.png 1200w\" sizes=\"auto, (max-width: 1024px) 100vw, 1024px\" \/><figcaption class=\"wp-element-caption\">The land disappears, the person vanishes 2024 oil painting and pigment prints 98 x 105 cm<br><\/figcaption><\/figure>\n<\/div>\n\n\n<figure class=\"wp-block-image\"><img loading=\"lazy\" decoding=\"async\" width=\"1024\" height=\"1024\" src=\"http:\/\/liipetti.net\/saaramesterton_en\/wp-content\/uploads\/2023\/06\/drifting_along_the_stream_of_life_FRONTVIEW2-1024x1024.jpg\" alt=\"\" class=\"wp-image-1263\" srcset=\"https:\/\/liipetti.net\/saaramesterton_en\/wp-content\/uploads\/2023\/06\/drifting_along_the_stream_of_life_FRONTVIEW2-1024x1024.jpg 1024w, https:\/\/liipetti.net\/saaramesterton_en\/wp-content\/uploads\/2023\/06\/drifting_along_the_stream_of_life_FRONTVIEW2-150x150.jpg 150w, https:\/\/liipetti.net\/saaramesterton_en\/wp-content\/uploads\/2023\/06\/drifting_along_the_stream_of_life_FRONTVIEW2-300x300.jpg 300w, https:\/\/liipetti.net\/saaramesterton_en\/wp-content\/uploads\/2023\/06\/drifting_along_the_stream_of_life_FRONTVIEW2-768x768.jpg 768w, https:\/\/liipetti.net\/saaramesterton_en\/wp-content\/uploads\/2023\/06\/drifting_along_the_stream_of_life_FRONTVIEW2-624x624.jpg 624w\" sizes=\"auto, (max-width: 1024px) 100vw, 1024px\" \/><figcaption class=\"wp-element-caption\">Drifting along the stream of life, 2023 oil colour and pigment prints on canvas 100 x 125,5 cm<br><\/figcaption><\/figure>\n\n\n\n<figure class=\"wp-block-image\"><img loading=\"lazy\" decoding=\"async\" width=\"1024\" height=\"1024\" src=\"http:\/\/liipetti.net\/saaramesterton_en\/wp-content\/uploads\/2023\/06\/drifting_along_the_stream_of_life_FRONTVIEW1-1024x1024.jpg\" alt=\"\" class=\"wp-image-1262\" srcset=\"https:\/\/liipetti.net\/saaramesterton_en\/wp-content\/uploads\/2023\/06\/drifting_along_the_stream_of_life_FRONTVIEW1-1024x1024.jpg 1024w, https:\/\/liipetti.net\/saaramesterton_en\/wp-content\/uploads\/2023\/06\/drifting_along_the_stream_of_life_FRONTVIEW1-150x150.jpg 150w, https:\/\/liipetti.net\/saaramesterton_en\/wp-content\/uploads\/2023\/06\/drifting_along_the_stream_of_life_FRONTVIEW1-300x300.jpg 300w, https:\/\/liipetti.net\/saaramesterton_en\/wp-content\/uploads\/2023\/06\/drifting_along_the_stream_of_life_FRONTVIEW1-768x768.jpg 768w, https:\/\/liipetti.net\/saaramesterton_en\/wp-content\/uploads\/2023\/06\/drifting_along_the_stream_of_life_FRONTVIEW1-624x624.jpg 624w\" sizes=\"auto, (max-width: 1024px) 100vw, 1024px\" \/><figcaption class=\"wp-element-caption\">Drifting along the stream of life, detail<\/figcaption><\/figure>\n\n\n\n<figure class=\"wp-block-image\"><img loading=\"lazy\" decoding=\"async\" width=\"1024\" height=\"1024\" src=\"http:\/\/liipetti.net\/saaramesterton_en\/wp-content\/uploads\/2023\/06\/drifting_along_the_stream_of_life_DETAIL-1024x1024.jpg\" alt=\"\" class=\"wp-image-1264\" srcset=\"https:\/\/liipetti.net\/saaramesterton_en\/wp-content\/uploads\/2023\/06\/drifting_along_the_stream_of_life_DETAIL-1024x1024.jpg 1024w, https:\/\/liipetti.net\/saaramesterton_en\/wp-content\/uploads\/2023\/06\/drifting_along_the_stream_of_life_DETAIL-150x150.jpg 150w, https:\/\/liipetti.net\/saaramesterton_en\/wp-content\/uploads\/2023\/06\/drifting_along_the_stream_of_life_DETAIL-300x300.jpg 300w, https:\/\/liipetti.net\/saaramesterton_en\/wp-content\/uploads\/2023\/06\/drifting_along_the_stream_of_life_DETAIL-768x768.jpg 768w, https:\/\/liipetti.net\/saaramesterton_en\/wp-content\/uploads\/2023\/06\/drifting_along_the_stream_of_life_DETAIL-624x624.jpg 624w\" sizes=\"auto, (max-width: 1024px) 100vw, 1024px\" \/><figcaption class=\"wp-element-caption\">Drifting along the stream of life, detail<\/figcaption><\/figure>\n\n\n<div class=\"wp-block-image\">\n<figure class=\"aligncenter\"><img loading=\"lazy\" decoding=\"async\" width=\"585\" height=\"1024\" src=\"http:\/\/liipetti.net\/saaramesterton_en\/wp-content\/uploads\/2023\/06\/DSC06574ed_pieni-585x1024.jpg\" alt=\"\" class=\"wp-image-1295\" srcset=\"https:\/\/liipetti.net\/saaramesterton_en\/wp-content\/uploads\/2023\/06\/DSC06574ed_pieni-585x1024.jpg 585w, https:\/\/liipetti.net\/saaramesterton_en\/wp-content\/uploads\/2023\/06\/DSC06574ed_pieni-171x300.jpg 171w, https:\/\/liipetti.net\/saaramesterton_en\/wp-content\/uploads\/2023\/06\/DSC06574ed_pieni-768x1345.jpg 768w, https:\/\/liipetti.net\/saaramesterton_en\/wp-content\/uploads\/2023\/06\/DSC06574ed_pieni-624x1093.jpg 624w, https:\/\/liipetti.net\/saaramesterton_en\/wp-content\/uploads\/2023\/06\/DSC06574ed_pieni.jpg 1000w\" sizes=\"auto, (max-width: 585px) 100vw, 585px\" \/><figcaption class=\"wp-element-caption\">Once will pass, 2022 (left side) \u00a0oil colour on canvas and pigment prints on wood, 100 x 51 x 21 cm<br><\/figcaption><\/figure>\n<\/div>\n\n<div class=\"wp-block-image\">\n<figure class=\"aligncenter\"><img loading=\"lazy\" decoding=\"async\" width=\"605\" height=\"1024\" src=\"http:\/\/liipetti.net\/saaramesterton_en\/wp-content\/uploads\/2023\/06\/DSC06578ed_Pieni_Rajattu-605x1024.png\" alt=\"\" class=\"wp-image-1296\" srcset=\"https:\/\/liipetti.net\/saaramesterton_en\/wp-content\/uploads\/2023\/06\/DSC06578ed_Pieni_Rajattu-605x1024.png 605w, https:\/\/liipetti.net\/saaramesterton_en\/wp-content\/uploads\/2023\/06\/DSC06578ed_Pieni_Rajattu-177x300.png 177w, https:\/\/liipetti.net\/saaramesterton_en\/wp-content\/uploads\/2023\/06\/DSC06578ed_Pieni_Rajattu-768x1301.png 768w, https:\/\/liipetti.net\/saaramesterton_en\/wp-content\/uploads\/2023\/06\/DSC06578ed_Pieni_Rajattu-624x1057.png 624w, https:\/\/liipetti.net\/saaramesterton_en\/wp-content\/uploads\/2023\/06\/DSC06578ed_Pieni_Rajattu.png 800w\" sizes=\"auto, (max-width: 605px) 100vw, 605px\" \/><figcaption class=\"wp-element-caption\">Once will pass (right side)<\/figcaption><\/figure>\n<\/div>\n\n<div class=\"wp-block-image\">\n<figure class=\"aligncenter\"><img loading=\"lazy\" decoding=\"async\" width=\"620\" height=\"1024\" src=\"http:\/\/liipetti.net\/saaramesterton_en\/wp-content\/uploads\/2023\/06\/1.laatikko_vasen_rajattuPieni-620x1024.png\" alt=\"\" class=\"wp-image-1301\" srcset=\"https:\/\/liipetti.net\/saaramesterton_en\/wp-content\/uploads\/2023\/06\/1.laatikko_vasen_rajattuPieni-620x1024.png 620w, https:\/\/liipetti.net\/saaramesterton_en\/wp-content\/uploads\/2023\/06\/1.laatikko_vasen_rajattuPieni-182x300.png 182w, https:\/\/liipetti.net\/saaramesterton_en\/wp-content\/uploads\/2023\/06\/1.laatikko_vasen_rajattuPieni-624x1031.png 624w, https:\/\/liipetti.net\/saaramesterton_en\/wp-content\/uploads\/2023\/06\/1.laatikko_vasen_rajattuPieni.png 716w\" sizes=\"auto, (max-width: 620px) 100vw, 620px\" \/><figcaption class=\"wp-element-caption\">Dance, 2022 (left side) \u00a0oil colour on canvas and pigment prints on wood\u00a0 100 x 51 x 21 cm<br><br><\/figcaption><\/figure>\n<\/div>\n\n<div class=\"wp-block-image\">\n<figure class=\"aligncenter\"><img loading=\"lazy\" decoding=\"async\" width=\"470\" height=\"1024\" src=\"http:\/\/liipetti.net\/saaramesterton_en\/wp-content\/uploads\/2023\/06\/1.laatikko_oikea_rajattuPIeni-470x1024.png\" alt=\"\" class=\"wp-image-1300\" srcset=\"https:\/\/liipetti.net\/saaramesterton_en\/wp-content\/uploads\/2023\/06\/1.laatikko_oikea_rajattuPIeni-470x1024.png 470w, https:\/\/liipetti.net\/saaramesterton_en\/wp-content\/uploads\/2023\/06\/1.laatikko_oikea_rajattuPIeni-138x300.png 138w, https:\/\/liipetti.net\/saaramesterton_en\/wp-content\/uploads\/2023\/06\/1.laatikko_oikea_rajattuPIeni.png 623w\" sizes=\"auto, (max-width: 470px) 100vw, 470px\" \/><figcaption class=\"wp-element-caption\">Dance (right side)<br><br><\/figcaption><\/figure>\n<\/div>\n\n\n<p><a href=\"http:\/\/liipetti.net\/saaramesterton_en\/?page_id=816\">Back to gallery<\/a><\/p>\n","protected":false},"excerpt":{"rendered":"<p>The works are inspired by medieval Dance of Death paintings and reflect the relationship between individual-centered life and the cycle of nature.Abstract oil paintings are augmented with images, created by artist and researcher Hannu T\u00f6yryl\u00e4 using his own tools. Back to gallery Back to gallery<\/p>\n","protected":false},"author":1,"featured_media":0,"parent":50,"menu_order":0,"comment_status":"closed","ping_status":"closed","template":"","meta":{"footnotes":""},"class_list":["post-1282","page","type-page","status-publish","hentry"],"_links":{"self":[{"href":"https:\/\/liipetti.net\/saaramesterton_en\/index.php?rest_route=\/wp\/v2\/pages\/1282","targetHints":{"allow":["GET"]}}],"collection":[{"href":"https:\/\/liipetti.net\/saaramesterton_en\/index.php?rest_route=\/wp\/v2\/pages"}],"about":[{"href":"https:\/\/liipetti.net\/saaramesterton_en\/index.php?rest_route=\/wp\/v2\/types\/page"}],"author":[{"embeddable":true,"href":"https:\/\/liipetti.net\/saaramesterton_en\/index.php?rest_route=\/wp\/v2\/users\/1"}],"replies":[{"embeddable":true,"href":"https:\/\/liipetti.net\/saaramesterton_en\/index.php?rest_route=%2Fwp%2Fv2%2Fcomments&post=1282"}],"version-history":[{"count":43,"href":"https:\/\/liipetti.net\/saaramesterton_en\/index.php?rest_route=\/wp\/v2\/pages\/1282\/revisions"}],"predecessor-version":[{"id":1888,"href":"https:\/\/liipetti.net\/saaramesterton_en\/index.php?rest_route=\/wp\/v2\/pages\/1282\/revisions\/1888"}],"up":[{"embeddable":true,"href":"https:\/\/liipetti.net\/saaramesterton_en\/index.php?rest_route=\/wp\/v2\/pages\/50"}],"wp:attachment":[{"href":"https:\/\/liipetti.net\/saaramesterton_en\/index.php?rest_route=%2Fwp%2Fv2%2Fmedia&parent=1282"}],"curies":[{"name":"wp","href":"https:\/\/api.w.org\/{rel}","templated":true}]}}