{"id":86,"date":"2014-06-22T12:36:06","date_gmt":"2014-06-22T09:36:06","guid":{"rendered":"http:\/\/freygish.com\/saara\/wordpress\/?page_id=86"},"modified":"2026-03-11T14:58:32","modified_gmt":"2026-03-11T12:58:32","slug":"videot","status":"publish","type":"page","link":"https:\/\/liipetti.net\/saaramesterton_en\/?page_id=86","title":{"rendered":"Videos"},"content":{"rendered":"\n<p><strong>Since 2013, I have been creating performance videos. The performance always involves painting, either as animation or otherwise as part of the video. Often, it also includes a song sung by me.<\/strong><\/p>\n\n\n\n<hr class=\"wp-block-separator\"\/>\n\n\n\n<p style=\"text-align:left\"><strong>DURME \/ NUKU \/ SLEEP  <\/strong><\/p>\n\n\n\n<p><strong>Durme (Nuku, Sleep)<\/strong> tells a story of love and care in the midst of persecution. Spanning from the Middle Ages to the present, the work connects histories of displacement and refuge.<br><br>In the video, I sing a Ladino-language lullaby inside an Ice Age cave that has sheltered people for thousands of years. The performance also includes a painting that slowly comes to life as an animation.<br><br>After the expulsion of Jews and Muslims from Spain in 1492, Jewish communities carried Ladino\u2014medieval Spanish\u2014into exile, preserving it as a living language for more than 500 years.<br><\/p>\n\n\n\n<div class=\"wp-block-image\"><figure class=\"aligncenter is-resized\"><a href=\"http:\/\/liipetti.net\/saaramesterton_en\/wp-content\/uploads\/2017\/09\/durme.jpg\"><img loading=\"lazy\" decoding=\"async\" src=\"http:\/\/liipetti.net\/saaramesterton_en\/wp-content\/uploads\/2017\/09\/durme.jpg\" alt=\"\" class=\"wp-image-515\" width=\"500\" height=\"282\" srcset=\"https:\/\/liipetti.net\/saaramesterton_en\/wp-content\/uploads\/2017\/09\/durme.jpg 1000w, https:\/\/liipetti.net\/saaramesterton_en\/wp-content\/uploads\/2017\/09\/durme-300x169.jpg 300w, https:\/\/liipetti.net\/saaramesterton_en\/wp-content\/uploads\/2017\/09\/durme-768x432.jpg 768w, https:\/\/liipetti.net\/saaramesterton_en\/wp-content\/uploads\/2017\/09\/durme-624x351.jpg 624w\" sizes=\"auto, (max-width: 500px) 100vw, 500px\" \/><\/a><\/figure><\/div>\n\n\n\n<div class=\"wp-block-image\"><figure class=\"aligncenter is-resized\"><img loading=\"lazy\" decoding=\"async\" src=\"http:\/\/liipetti.net\/saaramesterton_en\/wp-content\/uploads\/2020\/05\/Durme_still_15.png\" alt=\"\" class=\"wp-image-787\" width=\"500\" height=\"282\" srcset=\"https:\/\/liipetti.net\/saaramesterton_en\/wp-content\/uploads\/2020\/05\/Durme_still_15.png 1000w, https:\/\/liipetti.net\/saaramesterton_en\/wp-content\/uploads\/2020\/05\/Durme_still_15-300x169.png 300w, https:\/\/liipetti.net\/saaramesterton_en\/wp-content\/uploads\/2020\/05\/Durme_still_15-768x432.png 768w, https:\/\/liipetti.net\/saaramesterton_en\/wp-content\/uploads\/2020\/05\/Durme_still_15-624x351.png 624w\" sizes=\"auto, (max-width: 500px) 100vw, 500px\" \/><\/figure><\/div>\n\n\n\n<div class=\"wp-block-image\"><figure class=\"aligncenter is-resized\"><a href=\"http:\/\/liipetti.net\/saaramesterton_en\/wp-content\/uploads\/2018\/09\/durmetalvi_1netti.jpg\"><img loading=\"lazy\" decoding=\"async\" src=\"http:\/\/liipetti.net\/saaramesterton_en\/wp-content\/uploads\/2018\/09\/durmetalvi_1netti.jpg\" alt=\"\" class=\"wp-image-559\" width=\"500\" height=\"282\" srcset=\"https:\/\/liipetti.net\/saaramesterton_en\/wp-content\/uploads\/2018\/09\/durmetalvi_1netti.jpg 1000w, https:\/\/liipetti.net\/saaramesterton_en\/wp-content\/uploads\/2018\/09\/durmetalvi_1netti-300x169.jpg 300w, https:\/\/liipetti.net\/saaramesterton_en\/wp-content\/uploads\/2018\/09\/durmetalvi_1netti-768x432.jpg 768w, https:\/\/liipetti.net\/saaramesterton_en\/wp-content\/uploads\/2018\/09\/durmetalvi_1netti-624x351.jpg 624w\" sizes=\"auto, (max-width: 500px) 100vw, 500px\" \/><\/a><\/figure><\/div>\n\n\n\n<div class=\"wp-block-image\"><figure class=\"aligncenter is-resized\"><img loading=\"lazy\" decoding=\"async\" src=\"http:\/\/liipetti.net\/saaramesterton_en\/wp-content\/uploads\/2020\/06\/durme-yhdist-jpeg-1024x314.jpg\" alt=\"\" class=\"wp-image-940\" width=\"597\" height=\"183\" srcset=\"https:\/\/liipetti.net\/saaramesterton_en\/wp-content\/uploads\/2020\/06\/durme-yhdist-jpeg-1024x314.jpg 1024w, https:\/\/liipetti.net\/saaramesterton_en\/wp-content\/uploads\/2020\/06\/durme-yhdist-jpeg-300x92.jpg 300w, https:\/\/liipetti.net\/saaramesterton_en\/wp-content\/uploads\/2020\/06\/durme-yhdist-jpeg-768x235.jpg 768w, https:\/\/liipetti.net\/saaramesterton_en\/wp-content\/uploads\/2020\/06\/durme-yhdist-jpeg-624x191.jpg 624w, https:\/\/liipetti.net\/saaramesterton_en\/wp-content\/uploads\/2020\/06\/durme-yhdist-jpeg.jpg 1957w\" sizes=\"auto, (max-width: 597px) 100vw, 597px\" \/><figcaption>Durme, durme oil painting 100 cm x 366 cm<\/figcaption><\/figure><\/div>\n\n\n\n<hr class=\"wp-block-separator\"\/>\n\n\n\n<p class=\"p3\"><span class=\"s1\"><strong>EN M\u00c5LARINNAS SJ\u00c4LPORTR\u00c4TT \/ TAIDEMAALARIN OMAKUVA \/<\/strong><\/span><br><strong>SELF-PORTRAIT OF A PAINTER<\/strong><\/p>\n\n\n\n<p><span class=\"s1\"><strong>En m\u00e5larinnas sj\u00e4lvportr\u00e4tt, Taidemaalarin omakuva, Self-potrait of a painter <\/strong> i<\/span>n the video, the narrator is as if having a conversation with Helene Schjerfbeck. The narrative elements include drawing a shadow image referring to the myth of the birth of visual arts, the narrator&#8217;s own painting animation, painting over Schjerfbeck&#8217;s self-portrait, and a Me\u00e4nkieli (Tornedalian Finnish) song called &#8221;Kryyvimaa.&#8221; Me\u00e4nkieli, based on Old Finnish, is a vanishing language in the Tornedalen region of Sweden, even though it has official minority language status.<\/p>\n\n\n\n<p><span class=\"s1\">Regarding Self-Portrait with Palette I seen in the video, Schjerfbeck has said that there is little red on the palette because there has been so little love in her life.<\/span><\/p>\n\n\n\n<div class=\"wp-block-image\"><figure class=\"aligncenter is-resized\"><img loading=\"lazy\" decoding=\"async\" src=\"http:\/\/liipetti.net\/saaramesterton_en\/wp-content\/uploads\/2017\/10\/Helene-koe201017E_PNG.png\" alt=\"\" class=\"wp-image-539\" width=\"500\" height=\"282\" srcset=\"https:\/\/liipetti.net\/saaramesterton_en\/wp-content\/uploads\/2017\/10\/Helene-koe201017E_PNG.png 1000w, https:\/\/liipetti.net\/saaramesterton_en\/wp-content\/uploads\/2017\/10\/Helene-koe201017E_PNG-300x169.png 300w, https:\/\/liipetti.net\/saaramesterton_en\/wp-content\/uploads\/2017\/10\/Helene-koe201017E_PNG-768x432.png 768w, https:\/\/liipetti.net\/saaramesterton_en\/wp-content\/uploads\/2017\/10\/Helene-koe201017E_PNG-624x351.png 624w\" sizes=\"auto, (max-width: 500px) 100vw, 500px\" \/><\/figure><\/div>\n\n\n\n<div class=\"wp-block-image\"><figure class=\"aligncenter is-resized\"><img loading=\"lazy\" decoding=\"async\" src=\"http:\/\/liipetti.net\/saaramesterton_en\/wp-content\/uploads\/2017\/09\/Omak_1.jpg\" alt=\"\" class=\"wp-image-518\" width=\"500\" height=\"282\" srcset=\"https:\/\/liipetti.net\/saaramesterton_en\/wp-content\/uploads\/2017\/09\/Omak_1.jpg 1000w, https:\/\/liipetti.net\/saaramesterton_en\/wp-content\/uploads\/2017\/09\/Omak_1-300x169.jpg 300w, https:\/\/liipetti.net\/saaramesterton_en\/wp-content\/uploads\/2017\/09\/Omak_1-768x432.jpg 768w, https:\/\/liipetti.net\/saaramesterton_en\/wp-content\/uploads\/2017\/09\/Omak_1-624x351.jpg 624w\" sizes=\"auto, (max-width: 500px) 100vw, 500px\" \/><\/figure><\/div>\n\n\n\n<div class=\"wp-block-image\"><figure class=\"aligncenter is-resized\"><img loading=\"lazy\" decoding=\"async\" src=\"http:\/\/liipetti.net\/saaramesterton_en\/wp-content\/uploads\/2017\/09\/omak_2.jpg\" alt=\"\" class=\"wp-image-517\" width=\"500\" height=\"282\" srcset=\"https:\/\/liipetti.net\/saaramesterton_en\/wp-content\/uploads\/2017\/09\/omak_2.jpg 1000w, https:\/\/liipetti.net\/saaramesterton_en\/wp-content\/uploads\/2017\/09\/omak_2-300x169.jpg 300w, https:\/\/liipetti.net\/saaramesterton_en\/wp-content\/uploads\/2017\/09\/omak_2-768x432.jpg 768w, https:\/\/liipetti.net\/saaramesterton_en\/wp-content\/uploads\/2017\/09\/omak_2-624x351.jpg 624w\" sizes=\"auto, (max-width: 500px) 100vw, 500px\" \/><\/figure><\/div>\n\n\n\n<div class=\"wp-block-image\"><figure class=\"aligncenter is-resized\"><img loading=\"lazy\" decoding=\"async\" src=\"http:\/\/liipetti.net\/saaramesterton_en\/wp-content\/uploads\/2017\/09\/omak_3.jpg\" alt=\"\" class=\"wp-image-519\" width=\"500\" height=\"282\" srcset=\"https:\/\/liipetti.net\/saaramesterton_en\/wp-content\/uploads\/2017\/09\/omak_3.jpg 1000w, https:\/\/liipetti.net\/saaramesterton_en\/wp-content\/uploads\/2017\/09\/omak_3-300x169.jpg 300w, https:\/\/liipetti.net\/saaramesterton_en\/wp-content\/uploads\/2017\/09\/omak_3-768x432.jpg 768w, https:\/\/liipetti.net\/saaramesterton_en\/wp-content\/uploads\/2017\/09\/omak_3-624x351.jpg 624w\" sizes=\"auto, (max-width: 500px) 100vw, 500px\" \/><\/figure><\/div>\n\n\n\n<div class=\"wp-block-image\"><figure class=\"aligncenter is-resized\"><img loading=\"lazy\" decoding=\"async\" src=\"http:\/\/liipetti.net\/saaramesterton_en\/wp-content\/uploads\/2017\/09\/omak_4.jpg\" alt=\"\" class=\"wp-image-520\" width=\"500\" height=\"282\" srcset=\"https:\/\/liipetti.net\/saaramesterton_en\/wp-content\/uploads\/2017\/09\/omak_4.jpg 1000w, https:\/\/liipetti.net\/saaramesterton_en\/wp-content\/uploads\/2017\/09\/omak_4-300x169.jpg 300w, https:\/\/liipetti.net\/saaramesterton_en\/wp-content\/uploads\/2017\/09\/omak_4-768x432.jpg 768w, https:\/\/liipetti.net\/saaramesterton_en\/wp-content\/uploads\/2017\/09\/omak_4-624x351.jpg 624w\" sizes=\"auto, (max-width: 500px) 100vw, 500px\" \/><\/figure><\/div>\n\n\n\n<div class=\"wp-block-image\"><figure class=\"aligncenter is-resized\"><img loading=\"lazy\" decoding=\"async\" src=\"http:\/\/liipetti.net\/saaramesterton_en\/wp-content\/uploads\/2020\/06\/Taidem_omakuva_jpeg.jpg\" alt=\"\" class=\"wp-image-939\" width=\"400\" height=\"401\" srcset=\"https:\/\/liipetti.net\/saaramesterton_en\/wp-content\/uploads\/2020\/06\/Taidem_omakuva_jpeg.jpg 800w, https:\/\/liipetti.net\/saaramesterton_en\/wp-content\/uploads\/2020\/06\/Taidem_omakuva_jpeg-150x150.jpg 150w, https:\/\/liipetti.net\/saaramesterton_en\/wp-content\/uploads\/2020\/06\/Taidem_omakuva_jpeg-300x300.jpg 300w, https:\/\/liipetti.net\/saaramesterton_en\/wp-content\/uploads\/2020\/06\/Taidem_omakuva_jpeg-768x770.jpg 768w, https:\/\/liipetti.net\/saaramesterton_en\/wp-content\/uploads\/2020\/06\/Taidem_omakuva_jpeg-624x626.jpg 624w\" sizes=\"auto, (max-width: 400px) 100vw, 400px\" \/><figcaption>Self-Potrait of a painter, oil painting 100 cm x 100 cm<\/figcaption><\/figure><\/div>\n\n\n\n<hr class=\"wp-block-separator\"\/>\n\n\n\n<p><strong>HIRVI \/ ELK\ufeff<\/strong><\/p>\n\n\n\n<p>In the<strong> Hirvi (Elk) <\/strong>performance video, I clean an elk&#8217;s head that has been boiled in the forest and then take it to my studio as a model. I use the elk skull as a reference in a painting animation. In the performance, I establish a connection with the elk, which was a crucial subject in the rock paintings of the Stone Age throughout the Nordic regions.<\/p>\n\n\n\n<figure class=\"wp-block-image\"><img loading=\"lazy\" decoding=\"async\" width=\"1000\" height=\"563\" src=\"http:\/\/liipetti.net\/saaramesterton_en\/wp-content\/uploads\/2020\/05\/Valittu8_2-kallo._2_jpeg_pieni.jpg\" alt=\"\" class=\"wp-image-792\" srcset=\"https:\/\/liipetti.net\/saaramesterton_en\/wp-content\/uploads\/2020\/05\/Valittu8_2-kallo._2_jpeg_pieni.jpg 1000w, https:\/\/liipetti.net\/saaramesterton_en\/wp-content\/uploads\/2020\/05\/Valittu8_2-kallo._2_jpeg_pieni-300x169.jpg 300w, https:\/\/liipetti.net\/saaramesterton_en\/wp-content\/uploads\/2020\/05\/Valittu8_2-kallo._2_jpeg_pieni-768x432.jpg 768w, https:\/\/liipetti.net\/saaramesterton_en\/wp-content\/uploads\/2020\/05\/Valittu8_2-kallo._2_jpeg_pieni-624x351.jpg 624w\" sizes=\"auto, (max-width: 1000px) 100vw, 1000px\" \/><\/figure>\n\n\n\n<figure class=\"wp-block-image\"><img loading=\"lazy\" decoding=\"async\" width=\"1000\" height=\"563\" src=\"http:\/\/liipetti.net\/saaramesterton_en\/wp-content\/uploads\/2020\/05\/Valittu8_8-kallo_4_pieni.jpg\" alt=\"\" class=\"wp-image-791\" srcset=\"https:\/\/liipetti.net\/saaramesterton_en\/wp-content\/uploads\/2020\/05\/Valittu8_8-kallo_4_pieni.jpg 1000w, https:\/\/liipetti.net\/saaramesterton_en\/wp-content\/uploads\/2020\/05\/Valittu8_8-kallo_4_pieni-300x169.jpg 300w, https:\/\/liipetti.net\/saaramesterton_en\/wp-content\/uploads\/2020\/05\/Valittu8_8-kallo_4_pieni-768x432.jpg 768w, https:\/\/liipetti.net\/saaramesterton_en\/wp-content\/uploads\/2020\/05\/Valittu8_8-kallo_4_pieni-624x351.jpg 624w\" sizes=\"auto, (max-width: 1000px) 100vw, 1000px\" \/><\/figure>\n\n\n\n<figure class=\"wp-block-image\"><img loading=\"lazy\" decoding=\"async\" width=\"1024\" height=\"576\" src=\"http:\/\/liipetti.net\/saaramesterton_en\/wp-content\/uploads\/2020\/05\/kallo_ateljee_1-1024x576.png\" alt=\"\" class=\"wp-image-688\" srcset=\"https:\/\/liipetti.net\/saaramesterton_en\/wp-content\/uploads\/2020\/05\/kallo_ateljee_1-1024x576.png 1024w, https:\/\/liipetti.net\/saaramesterton_en\/wp-content\/uploads\/2020\/05\/kallo_ateljee_1-300x169.png 300w, https:\/\/liipetti.net\/saaramesterton_en\/wp-content\/uploads\/2020\/05\/kallo_ateljee_1-768x432.png 768w, https:\/\/liipetti.net\/saaramesterton_en\/wp-content\/uploads\/2020\/05\/kallo_ateljee_1-624x351.png 624w, https:\/\/liipetti.net\/saaramesterton_en\/wp-content\/uploads\/2020\/05\/kallo_ateljee_1.png 1920w\" sizes=\"auto, (max-width: 1024px) 100vw, 1024px\" \/><\/figure>\n\n\n\n<figure class=\"wp-block-image\"><img loading=\"lazy\" decoding=\"async\" width=\"1024\" height=\"885\" src=\"http:\/\/liipetti.net\/saaramesterton_en\/wp-content\/uploads\/2020\/05\/maalaus_valmis_rajattu-1024x885.png\" alt=\"\" class=\"wp-image-691\" srcset=\"https:\/\/liipetti.net\/saaramesterton_en\/wp-content\/uploads\/2020\/05\/maalaus_valmis_rajattu-1024x885.png 1024w, https:\/\/liipetti.net\/saaramesterton_en\/wp-content\/uploads\/2020\/05\/maalaus_valmis_rajattu-300x259.png 300w, https:\/\/liipetti.net\/saaramesterton_en\/wp-content\/uploads\/2020\/05\/maalaus_valmis_rajattu-768x664.png 768w, https:\/\/liipetti.net\/saaramesterton_en\/wp-content\/uploads\/2020\/05\/maalaus_valmis_rajattu-624x540.png 624w, https:\/\/liipetti.net\/saaramesterton_en\/wp-content\/uploads\/2020\/05\/maalaus_valmis_rajattu.png 1249w\" sizes=\"auto, (max-width: 1024px) 100vw, 1024px\" \/><figcaption>Skull, oil painting 150 cm x 105 cm<\/figcaption><\/figure>\n\n\n\n<hr class=\"wp-block-separator\"\/>\n\n\n\n<p><strong>SYD\u00c4MENI LAULU \/ THE SONG OF MY HART<\/strong><br><\/p>\n\n\n\n<p>&#8221;Syd\u00e4meni laulu&#8221; (The Song of My Heart) deals with death and the perplexity of a person in the face of death. When confronted with death, a person enters a strange intermediate state where ordinary everyday life fades away, and shared experiences with the deceased fill the mind. I seek words and expression for this state. The inspiration for the work comes from the poem &#8221;Syd\u00e4meni laulu&#8221; by Aleksis Kivi.<\/p>\n\n\n\n<figure class=\"wp-block-image\"><img loading=\"lazy\" decoding=\"async\" width=\"1000\" height=\"563\" src=\"http:\/\/liipetti.net\/saaramesterton_en\/wp-content\/uploads\/2017\/09\/syd_1.jpg\" alt=\"\" class=\"wp-image-509\" srcset=\"https:\/\/liipetti.net\/saaramesterton_en\/wp-content\/uploads\/2017\/09\/syd_1.jpg 1000w, https:\/\/liipetti.net\/saaramesterton_en\/wp-content\/uploads\/2017\/09\/syd_1-300x169.jpg 300w, https:\/\/liipetti.net\/saaramesterton_en\/wp-content\/uploads\/2017\/09\/syd_1-768x432.jpg 768w, https:\/\/liipetti.net\/saaramesterton_en\/wp-content\/uploads\/2017\/09\/syd_1-624x351.jpg 624w\" sizes=\"auto, (max-width: 1000px) 100vw, 1000px\" \/><\/figure>\n\n\n\n<figure class=\"wp-block-image\"><img loading=\"lazy\" decoding=\"async\" width=\"1000\" height=\"563\" src=\"http:\/\/liipetti.net\/saaramesterton_en\/wp-content\/uploads\/2017\/09\/syd_2jpg.jpg\" alt=\"\" class=\"wp-image-507\" srcset=\"https:\/\/liipetti.net\/saaramesterton_en\/wp-content\/uploads\/2017\/09\/syd_2jpg.jpg 1000w, https:\/\/liipetti.net\/saaramesterton_en\/wp-content\/uploads\/2017\/09\/syd_2jpg-300x169.jpg 300w, https:\/\/liipetti.net\/saaramesterton_en\/wp-content\/uploads\/2017\/09\/syd_2jpg-768x432.jpg 768w, https:\/\/liipetti.net\/saaramesterton_en\/wp-content\/uploads\/2017\/09\/syd_2jpg-624x351.jpg 624w\" sizes=\"auto, (max-width: 1000px) 100vw, 1000px\" \/><\/figure>\n\n\n\n<figure class=\"wp-block-image\"><img loading=\"lazy\" decoding=\"async\" width=\"1000\" height=\"563\" src=\"http:\/\/liipetti.net\/saaramesterton_en\/wp-content\/uploads\/2017\/09\/syd_3.jpg\" alt=\"\" class=\"wp-image-508\" srcset=\"https:\/\/liipetti.net\/saaramesterton_en\/wp-content\/uploads\/2017\/09\/syd_3.jpg 1000w, https:\/\/liipetti.net\/saaramesterton_en\/wp-content\/uploads\/2017\/09\/syd_3-300x169.jpg 300w, https:\/\/liipetti.net\/saaramesterton_en\/wp-content\/uploads\/2017\/09\/syd_3-768x432.jpg 768w, https:\/\/liipetti.net\/saaramesterton_en\/wp-content\/uploads\/2017\/09\/syd_3-624x351.jpg 624w\" sizes=\"auto, (max-width: 1000px) 100vw, 1000px\" \/><\/figure>\n\n\n\n<figure class=\"wp-block-image\"><img loading=\"lazy\" decoding=\"async\" width=\"1024\" height=\"631\" src=\"http:\/\/liipetti.net\/saaramesterton_en\/wp-content\/uploads\/2020\/06\/Syd.lau_maalus-1200-jpeg-1024x631.jpg\" alt=\"\" class=\"wp-image-942\" srcset=\"https:\/\/liipetti.net\/saaramesterton_en\/wp-content\/uploads\/2020\/06\/Syd.lau_maalus-1200-jpeg-1024x631.jpg 1024w, https:\/\/liipetti.net\/saaramesterton_en\/wp-content\/uploads\/2020\/06\/Syd.lau_maalus-1200-jpeg-300x185.jpg 300w, https:\/\/liipetti.net\/saaramesterton_en\/wp-content\/uploads\/2020\/06\/Syd.lau_maalus-1200-jpeg-768x474.jpg 768w, https:\/\/liipetti.net\/saaramesterton_en\/wp-content\/uploads\/2020\/06\/Syd.lau_maalus-1200-jpeg-624x385.jpg 624w, https:\/\/liipetti.net\/saaramesterton_en\/wp-content\/uploads\/2020\/06\/Syd.lau_maalus-1200-jpeg.jpg 1200w\" sizes=\"auto, (max-width: 1024px) 100vw, 1024px\" \/><figcaption>The song of my hart, oil painting 154,5 cm x 247,5 cm<\/figcaption><\/figure>\n","protected":false},"excerpt":{"rendered":"<p>Since 2013, I have been creating performance videos. The performance always involves painting, either as animation or otherwise as part of the video. Often, it also includes a song sung by me. DURME \/ NUKU \/ SLEEP Durme (Nuku, Sleep) tells a story of love and care in the midst of persecution. Spanning from the [&hellip;]<\/p>\n","protected":false},"author":1,"featured_media":0,"parent":0,"menu_order":0,"comment_status":"closed","ping_status":"open","template":"","meta":{"footnotes":""},"class_list":["post-86","page","type-page","status-publish","hentry"],"_links":{"self":[{"href":"https:\/\/liipetti.net\/saaramesterton_en\/index.php?rest_route=\/wp\/v2\/pages\/86","targetHints":{"allow":["GET"]}}],"collection":[{"href":"https:\/\/liipetti.net\/saaramesterton_en\/index.php?rest_route=\/wp\/v2\/pages"}],"about":[{"href":"https:\/\/liipetti.net\/saaramesterton_en\/index.php?rest_route=\/wp\/v2\/types\/page"}],"author":[{"embeddable":true,"href":"https:\/\/liipetti.net\/saaramesterton_en\/index.php?rest_route=\/wp\/v2\/users\/1"}],"replies":[{"embeddable":true,"href":"https:\/\/liipetti.net\/saaramesterton_en\/index.php?rest_route=%2Fwp%2Fv2%2Fcomments&post=86"}],"version-history":[{"count":185,"href":"https:\/\/liipetti.net\/saaramesterton_en\/index.php?rest_route=\/wp\/v2\/pages\/86\/revisions"}],"predecessor-version":[{"id":1867,"href":"https:\/\/liipetti.net\/saaramesterton_en\/index.php?rest_route=\/wp\/v2\/pages\/86\/revisions\/1867"}],"wp:attachment":[{"href":"https:\/\/liipetti.net\/saaramesterton_en\/index.php?rest_route=%2Fwp%2Fv2%2Fmedia&parent=86"}],"curies":[{"name":"wp","href":"https:\/\/api.w.org\/{rel}","templated":true}]}}