{"id":944,"date":"2025-04-10T11:46:37","date_gmt":"2025-04-10T11:46:37","guid":{"rendered":"https:\/\/liipetti.net\/visual\/?page_id=944"},"modified":"2025-04-10T11:53:19","modified_gmt":"2025-04-10T11:53:19","slug":"prints-2024","status":"publish","type":"page","link":"https:\/\/liipetti.net\/visual\/prints-2024\/","title":{"rendered":"Prints 2024"},"content":{"rendered":"\n<h2 class=\"wp-block-heading\">Prints 2024<\/h2>\n\n\n\n<p><a class=\"works-prev\" href=\"https:\/\/liipetti.net\/visual\/walls-and-threats\/\"><img loading=\"lazy\" decoding=\"async\" width=\"32\" height=\"32\" class=\"wp-image-380\" style=\"width: 32px;\" src=\"http:\/\/liipetti.net\/visual\/wp-content\/uploads\/2019\/02\/Arrow-Left.png\" alt=\"\"><\/a><a class=\"works-next\" href=\"https:\/\/liipetti.net\/visual\/unstable-views-2024\/\"><img loading=\"lazy\" decoding=\"async\" width=\"32\" height=\"32\" class=\"wp-image-381 alignright\" style=\"width: 32px;\" src=\"http:\/\/liipetti.net\/visual\/wp-content\/uploads\/2019\/02\/Arrow-Right.png\" alt=\"\"><\/a><\/p>\n\n\n\n<p>These prints, among others, were displayed in my exhibition Unstable Views in Lahti, Finland, 2024.<\/p>\n\n\n\n<ul class=\"wp-block-gallery columns-3 is-cropped wp-block-gallery-1 is-layout-flex wp-block-gallery-is-layout-flex\"><li class=\"blocks-gallery-item\"><figure><img loading=\"lazy\" decoding=\"async\" width=\"1024\" height=\"1024\" src=\"https:\/\/liipetti.net\/visual\/wp-content\/uploads\/2025\/04\/latest-407-hq-scale-4_00xed_bron_darborta.jpg\" alt=\"\" data-id=\"946\" data-link=\"https:\/\/liipetti.net\/visual\/?attachment_id=946\" class=\"wp-image-946\" srcset=\"https:\/\/liipetti.net\/visual\/wp-content\/uploads\/2025\/04\/latest-407-hq-scale-4_00xed_bron_darborta.jpg 1024w, https:\/\/liipetti.net\/visual\/wp-content\/uploads\/2025\/04\/latest-407-hq-scale-4_00xed_bron_darborta-150x150.jpg 150w, https:\/\/liipetti.net\/visual\/wp-content\/uploads\/2025\/04\/latest-407-hq-scale-4_00xed_bron_darborta-300x300.jpg 300w, https:\/\/liipetti.net\/visual\/wp-content\/uploads\/2025\/04\/latest-407-hq-scale-4_00xed_bron_darborta-768x768.jpg 768w\" sizes=\"auto, (max-width: 1024px) 100vw, 1024px\" \/><figcaption>Bron d\u00e4rborta<\/figcaption><\/figure><\/li><li class=\"blocks-gallery-item\"><figure><img loading=\"lazy\" decoding=\"async\" width=\"1024\" height=\"1024\" src=\"https:\/\/liipetti.net\/visual\/wp-content\/uploads\/2025\/04\/uq17zz-22853theyseewhattheysee-standard-scale-4_00xed.jpg\" alt=\"\" data-id=\"947\" data-link=\"https:\/\/liipetti.net\/visual\/?attachment_id=947\" class=\"wp-image-947\" srcset=\"https:\/\/liipetti.net\/visual\/wp-content\/uploads\/2025\/04\/uq17zz-22853theyseewhattheysee-standard-scale-4_00xed.jpg 1024w, https:\/\/liipetti.net\/visual\/wp-content\/uploads\/2025\/04\/uq17zz-22853theyseewhattheysee-standard-scale-4_00xed-150x150.jpg 150w, https:\/\/liipetti.net\/visual\/wp-content\/uploads\/2025\/04\/uq17zz-22853theyseewhattheysee-standard-scale-4_00xed-300x300.jpg 300w, https:\/\/liipetti.net\/visual\/wp-content\/uploads\/2025\/04\/uq17zz-22853theyseewhattheysee-standard-scale-4_00xed-768x768.jpg 768w\" sizes=\"auto, (max-width: 1024px) 100vw, 1024px\" \/><figcaption>They see what they see<\/figcaption><\/figure><\/li><li class=\"blocks-gallery-item\"><figure><img loading=\"lazy\" decoding=\"async\" width=\"1024\" height=\"1024\" src=\"https:\/\/liipetti.net\/visual\/wp-content\/uploads\/2025\/04\/th-135093-hq-scale-4_00xED.jpg\" alt=\"\" data-id=\"948\" data-link=\"https:\/\/liipetti.net\/visual\/?attachment_id=948\" class=\"wp-image-948\" srcset=\"https:\/\/liipetti.net\/visual\/wp-content\/uploads\/2025\/04\/th-135093-hq-scale-4_00xED.jpg 1024w, https:\/\/liipetti.net\/visual\/wp-content\/uploads\/2025\/04\/th-135093-hq-scale-4_00xED-150x150.jpg 150w, https:\/\/liipetti.net\/visual\/wp-content\/uploads\/2025\/04\/th-135093-hq-scale-4_00xED-300x300.jpg 300w, https:\/\/liipetti.net\/visual\/wp-content\/uploads\/2025\/04\/th-135093-hq-scale-4_00xED-768x768.jpg 768w\" sizes=\"auto, (max-width: 1024px) 100vw, 1024px\" \/><figcaption>Renaissance<\/figcaption><\/figure><\/li><li class=\"blocks-gallery-item\"><figure><img loading=\"lazy\" decoding=\"async\" width=\"1024\" height=\"1024\" src=\"https:\/\/liipetti.net\/visual\/wp-content\/uploads\/2025\/04\/hannu_toyryla_kivea_ja_lasia_2024r3072.jpg\" alt=\"\" data-id=\"949\" data-link=\"https:\/\/liipetti.net\/visual\/?attachment_id=949\" class=\"wp-image-949\" srcset=\"https:\/\/liipetti.net\/visual\/wp-content\/uploads\/2025\/04\/hannu_toyryla_kivea_ja_lasia_2024r3072.jpg 1024w, https:\/\/liipetti.net\/visual\/wp-content\/uploads\/2025\/04\/hannu_toyryla_kivea_ja_lasia_2024r3072-150x150.jpg 150w, https:\/\/liipetti.net\/visual\/wp-content\/uploads\/2025\/04\/hannu_toyryla_kivea_ja_lasia_2024r3072-300x300.jpg 300w, https:\/\/liipetti.net\/visual\/wp-content\/uploads\/2025\/04\/hannu_toyryla_kivea_ja_lasia_2024r3072-768x768.jpg 768w\" sizes=\"auto, (max-width: 1024px) 100vw, 1024px\" \/><figcaption>Kive\u00e4 ja lasia<\/figcaption><\/figure><\/li><li class=\"blocks-gallery-item\"><figure><img loading=\"lazy\" decoding=\"async\" width=\"1024\" height=\"1024\" src=\"https:\/\/liipetti.net\/visual\/wp-content\/uploads\/2025\/04\/hannut_toyryla_viimeista_paivaa_2023r3072.jpg\" alt=\"\" data-id=\"950\" data-link=\"https:\/\/liipetti.net\/visual\/?attachment_id=950\" class=\"wp-image-950\" srcset=\"https:\/\/liipetti.net\/visual\/wp-content\/uploads\/2025\/04\/hannut_toyryla_viimeista_paivaa_2023r3072.jpg 1024w, https:\/\/liipetti.net\/visual\/wp-content\/uploads\/2025\/04\/hannut_toyryla_viimeista_paivaa_2023r3072-150x150.jpg 150w, https:\/\/liipetti.net\/visual\/wp-content\/uploads\/2025\/04\/hannut_toyryla_viimeista_paivaa_2023r3072-300x300.jpg 300w, https:\/\/liipetti.net\/visual\/wp-content\/uploads\/2025\/04\/hannut_toyryla_viimeista_paivaa_2023r3072-768x768.jpg 768w\" sizes=\"auto, (max-width: 1024px) 100vw, 1024px\" \/><figcaption>Viimeist\u00e4 p\u00e4iv\u00e4\u00e4<\/figcaption><\/figure><\/li><li class=\"blocks-gallery-item\"><figure><img loading=\"lazy\" decoding=\"async\" width=\"1024\" height=\"1024\" src=\"https:\/\/liipetti.net\/visual\/wp-content\/uploads\/2025\/04\/hannu_toyryla_that_open_road_2024r3072.jpg\" alt=\"\" data-id=\"951\" data-link=\"https:\/\/liipetti.net\/visual\/?attachment_id=951\" class=\"wp-image-951\" srcset=\"https:\/\/liipetti.net\/visual\/wp-content\/uploads\/2025\/04\/hannu_toyryla_that_open_road_2024r3072.jpg 1024w, https:\/\/liipetti.net\/visual\/wp-content\/uploads\/2025\/04\/hannu_toyryla_that_open_road_2024r3072-150x150.jpg 150w, https:\/\/liipetti.net\/visual\/wp-content\/uploads\/2025\/04\/hannu_toyryla_that_open_road_2024r3072-300x300.jpg 300w, https:\/\/liipetti.net\/visual\/wp-content\/uploads\/2025\/04\/hannu_toyryla_that_open_road_2024r3072-768x768.jpg 768w\" sizes=\"auto, (max-width: 1024px) 100vw, 1024px\" \/><figcaption>that open road<\/figcaption><\/figure><\/li><li class=\"blocks-gallery-item\"><figure><img loading=\"lazy\" decoding=\"async\" width=\"1024\" height=\"1024\" src=\"https:\/\/liipetti.net\/visual\/wp-content\/uploads\/2025\/04\/hannu_toyryla_kiire_2024r3072.jpg\" alt=\"\" data-id=\"952\" data-link=\"https:\/\/liipetti.net\/visual\/?attachment_id=952\" class=\"wp-image-952\" srcset=\"https:\/\/liipetti.net\/visual\/wp-content\/uploads\/2025\/04\/hannu_toyryla_kiire_2024r3072.jpg 1024w, https:\/\/liipetti.net\/visual\/wp-content\/uploads\/2025\/04\/hannu_toyryla_kiire_2024r3072-150x150.jpg 150w, https:\/\/liipetti.net\/visual\/wp-content\/uploads\/2025\/04\/hannu_toyryla_kiire_2024r3072-300x300.jpg 300w, https:\/\/liipetti.net\/visual\/wp-content\/uploads\/2025\/04\/hannu_toyryla_kiire_2024r3072-768x768.jpg 768w\" sizes=\"auto, (max-width: 1024px) 100vw, 1024px\" \/><figcaption>Kiire<\/figcaption><\/figure><\/li><li class=\"blocks-gallery-item\"><figure><img loading=\"lazy\" decoding=\"async\" width=\"1024\" height=\"1024\" src=\"https:\/\/liipetti.net\/visual\/wp-content\/uploads\/2025\/04\/odbl-83186-hq-scale-4_00x_pressure.jpg\" alt=\"\" data-id=\"953\" data-link=\"https:\/\/liipetti.net\/visual\/?attachment_id=953\" class=\"wp-image-953\" srcset=\"https:\/\/liipetti.net\/visual\/wp-content\/uploads\/2025\/04\/odbl-83186-hq-scale-4_00x_pressure.jpg 1024w, https:\/\/liipetti.net\/visual\/wp-content\/uploads\/2025\/04\/odbl-83186-hq-scale-4_00x_pressure-150x150.jpg 150w, https:\/\/liipetti.net\/visual\/wp-content\/uploads\/2025\/04\/odbl-83186-hq-scale-4_00x_pressure-300x300.jpg 300w, https:\/\/liipetti.net\/visual\/wp-content\/uploads\/2025\/04\/odbl-83186-hq-scale-4_00x_pressure-768x768.jpg 768w\" sizes=\"auto, (max-width: 1024px) 100vw, 1024px\" \/><figcaption>Under pressure<\/figcaption><\/figure><\/li><li class=\"blocks-gallery-item\"><figure><img loading=\"lazy\" decoding=\"async\" width=\"1024\" height=\"1024\" src=\"https:\/\/liipetti.net\/visual\/wp-content\/uploads\/2025\/04\/odbl-85290-staden-vid-havet.jpg\" alt=\"\" data-id=\"954\" data-link=\"https:\/\/liipetti.net\/visual\/?attachment_id=954\" class=\"wp-image-954\" srcset=\"https:\/\/liipetti.net\/visual\/wp-content\/uploads\/2025\/04\/odbl-85290-staden-vid-havet.jpg 1024w, https:\/\/liipetti.net\/visual\/wp-content\/uploads\/2025\/04\/odbl-85290-staden-vid-havet-150x150.jpg 150w, https:\/\/liipetti.net\/visual\/wp-content\/uploads\/2025\/04\/odbl-85290-staden-vid-havet-300x300.jpg 300w, https:\/\/liipetti.net\/visual\/wp-content\/uploads\/2025\/04\/odbl-85290-staden-vid-havet-768x768.jpg 768w\" sizes=\"auto, (max-width: 1024px) 100vw, 1024px\" \/><figcaption>Staden vid havet<\/figcaption><\/figure><\/li><\/ul>\n","protected":false},"excerpt":{"rendered":"<p>Prints 2024 These prints, among others, were displayed in my exhibition Unstable Views in Lahti, Finland, 2024.<\/p>\n<p class=\"continue-reading-button\"> <a class=\"continue-reading-link\" href=\"https:\/\/liipetti.net\/visual\/prints-2024\/\">Continue reading<i class=\"crycon-right-dir\"><\/i><\/a><\/p>\n","protected":false},"author":1,"featured_media":0,"parent":0,"menu_order":0,"comment_status":"closed","ping_status":"closed","template":"","meta":{"footnotes":""},"class_list":["post-944","page","type-page","status-publish","hentry"],"_links":{"self":[{"href":"https:\/\/liipetti.net\/visual\/wp-json\/wp\/v2\/pages\/944","targetHints":{"allow":["GET"]}}],"collection":[{"href":"https:\/\/liipetti.net\/visual\/wp-json\/wp\/v2\/pages"}],"about":[{"href":"https:\/\/liipetti.net\/visual\/wp-json\/wp\/v2\/types\/page"}],"author":[{"embeddable":true,"href":"https:\/\/liipetti.net\/visual\/wp-json\/wp\/v2\/users\/1"}],"replies":[{"embeddable":true,"href":"https:\/\/liipetti.net\/visual\/wp-json\/wp\/v2\/comments?post=944"}],"version-history":[{"count":3,"href":"https:\/\/liipetti.net\/visual\/wp-json\/wp\/v2\/pages\/944\/revisions"}],"predecessor-version":[{"id":963,"href":"https:\/\/liipetti.net\/visual\/wp-json\/wp\/v2\/pages\/944\/revisions\/963"}],"wp:attachment":[{"href":"https:\/\/liipetti.net\/visual\/wp-json\/wp\/v2\/media?parent=944"}],"curies":[{"name":"wp","href":"https:\/\/api.w.org\/{rel}","templated":true}]}}